{"id":1289,"date":"2026-01-06T10:06:06","date_gmt":"2026-01-06T07:06:06","guid":{"rendered":"https:\/\/primakorea.com\/?page_id=1289"},"modified":"2026-02-22T02:01:15","modified_gmt":"2026-02-21T23:01:15","slug":"brendovi","status":"publish","type":"page","link":"https:\/\/primakorea.com\/en\/brendovi\/","title":{"rendered":"Brendovi"},"content":{"rendered":"<div class=\"wp-block-kenta-blocks-cover alignfull kb-cover-636e5072 kb-cover\"><div class=\"kb-cover-inner-container\"><div class=\"wp-block-kenta-blocks-spacer kb-spacer-faadfcce kb-spacer\" aria-hidden=\"true\"><\/div>\n\n<div class=\"kb-post-title kb-post-title-h1 kb-post-title-8c829ccc wp-block-kenta-blocks-post-title\"><h1><a href=\"https:\/\/primakorea.com\/en\/brendovi\/\" target=\"_self\">Brendovi<\/a><\/h1><\/div>\n\n<div class=\"wp-block-kenta-blocks-buttons kb-buttons kb-buttons-e5454843\"><div class=\"kb-button-wrapper kb-button-wrapper-d521c851\"><button class=\"wp-block-kenta-blocks-button kb-button kb-button-d521c851 kb-button-left\" type=\"button\"><span>Prima Korea<\/span><\/button><\/div><\/div><\/div><\/div><div class=\"wp-block-kenta-blocks-section kb-section-64d0768c kb-section kb-section-has-overlay\"><div class=\"wp-block-kenta-blocks-column kb-column-wrapper kb-column-wrapper-831da34d\"><div class=\"kb-column kb-column-831da34d\"><div class=\"kb-column-content\"><h3 class=\"wp-block-heading\" style=\"margin-top:0px;margin-bottom:0px\">Brendovi koje koriste u Koreji<\/h3>\n\n<p>Pogledajte korejske proizvode \u2014 dostupne odmah ili po narud\u017ebi <\/p>\n\n<div class=\"wp-block-columns is-layout-flex wp-container-core-columns-is-layout-28f84493 wp-block-columns-is-layout-flex\"><div class=\"wp-block-column is-layout-flow wp-block-column-is-layout-flow\"><figure class=\"wp-block-kenta-blocks-image kb-image kb-image-910972d3\"><img decoding=\"async\" src=\"http:\/\/primakorea.com\/wp-content\/uploads\/2025\/12\/optimize-23.avif\" alt=\"\"\/><\/figure><\/div>\n\n<div class=\"wp-block-column is-layout-flow wp-block-column-is-layout-flow\"><div class=\"wp-block-kenta-blocks-heading kb-heading kb-heading-h2 kb-heading-64c7d9ff\"><h2 class=\"\">Peach manu<\/h2><\/div>\n\n<p>Peachmanu je korejska skincare linija pod brendom Parnell, fokusirana na hidrataciju i prirodni sjaj ko\u017ee kroz proizvode s ekstraktom breskve i drugim hranjivim sastojcima. U asortimanu su serumi, balzami, kreme i lip serumi osmi\u0161ljeni da osvje\u017ee ko\u017eu, pobolj\u0161aju teksturu i daju blagi \u201eglow\u201c efekt. Proizvodi su lagani, \u010desto s izrazitim vo\u0107nim mirisom, i cilj im je pru\u017eiti hidrataciju i mek\u0161i izgled ko\u017ee bez te\u0161kog osje\u0107aja na licu.<\/p><\/div><\/div>\n\n<hr class=\"wp-block-kenta-blocks-separator kb-separator-99ce4206 kb-separator\"\/>\n\n<div class=\"wp-block-columns is-layout-flex wp-container-core-columns-is-layout-28f84493 wp-block-columns-is-layout-flex\"><div class=\"wp-block-column is-layout-flow wp-block-column-is-layout-flow\"><figure class=\"wp-block-kenta-blocks-image kb-image kb-image-c10b2660\"><img decoding=\"async\" src=\"http:\/\/primakorea.com\/wp-content\/uploads\/2025\/12\/optimize-25.avif\" alt=\"\"\/><\/figure><\/div>\n\n<div class=\"wp-block-column is-layout-flow wp-block-column-is-layout-flow\"><div class=\"wp-block-kenta-blocks-heading kb-heading kb-heading-h2 kb-heading-1f191ed2\"><h2 class=\"\">dear thing<\/h2><\/div>\n\n<p>&#8220;Dear Thing&#8221; je korejska make\u2011up linija unutar brenda Milk Touch, fokusirana na lagane kozmeti\u010dke proizvode za usne, obraze i lice s mekanom, \u201epudding\u201d teksturom i efektom zamu\u0107enog, prirodnog izgleda. Osnovni proizvodi uklju\u010duju Blurry Effect Smooth Touch Pot \u2013 vi\u0161enamjenski balzam\/rumenilo za usne i obraze s visokim pigmentom i glatkim nanosom koji ubla\u017eava sitne linije i daje blagi make\u2011up efekt bez ljepljivosti. Proizvodi dolaze u vi\u0161e nijansi za razli\u010dite tonove ko\u017ee i nagla\u0161avaju blagi, svje\u017e izgled lica. Svi su Made in Korea i odgovaraju svim tipovima ko\u017ee.<\/p><\/div><\/div>\n\n<hr class=\"wp-block-kenta-blocks-separator kb-separator-024fe08a kb-separator\"\/>\n\n<div class=\"wp-block-columns is-layout-flex wp-container-core-columns-is-layout-28f84493 wp-block-columns-is-layout-flex\"><div class=\"wp-block-column is-layout-flow wp-block-column-is-layout-flow\"><figure class=\"wp-block-kenta-blocks-image kb-image kb-image-e3310540\"><img decoding=\"async\" src=\"http:\/\/primakorea.com\/wp-content\/uploads\/2025\/12\/optimize-26.avif\" alt=\"\"\/><\/figure><\/div>\n\n<div class=\"wp-block-column is-layout-flow wp-block-column-is-layout-flow\"><div class=\"wp-block-kenta-blocks-heading kb-heading kb-heading-h2 kb-heading-fd705cc6\"><h2 class=\"\">VT (PDRN)<\/h2><\/div>\n\n<p>VT Cosmetics \u2013 PDRN je linija korejske njege ko\u017ee koja koristi PDRN (polideoksiribonukleotide) iz biljnog ekstrakta korejskog divljeg ginsenga za obnovu i revitalizaciju ko\u017ee. Glavni fokus je obnavljanje stanica, pove\u0107anje elasti\u010dnosti, hidratacija i sjaj ko\u017ee uz smanjenje sitnih bora i ravnomjerniji ten. Proizvodi iz ove linije kao \u0161to su esencija, ampula i maska sna\u017eno hidratiziraju, oja\u010davaju za\u0161titnu barijeru ko\u017ee i \u010dine ten zdravijim i blistavijim bez te\u0161kog osje\u0107aja na ko\u017ei. Formule su \u010desto bez agresivnih mirisa i prikladne za osjetljivu ko\u017eu, s dodatkom ceramida, niacinamida i panthenola za dodatnu njegu. <\/p><\/div><\/div>\n\n<hr class=\"wp-block-kenta-blocks-separator kb-separator-aed5bf44 kb-separator\"\/>\n\n<div class=\"wp-block-columns is-layout-flex wp-container-core-columns-is-layout-28f84493 wp-block-columns-is-layout-flex\"><div class=\"wp-block-column is-layout-flow wp-block-column-is-layout-flow\"><figure class=\"wp-block-kenta-blocks-image kb-image kb-image-7cf1af7e\"><img decoding=\"async\" src=\"http:\/\/primakorea.com\/wp-content\/uploads\/2025\/12\/optimize-24.avif\" alt=\"\"\/><\/figure><\/div>\n\n<div class=\"wp-block-column is-layout-flow wp-block-column-is-layout-flow\"><div class=\"wp-block-kenta-blocks-heading kb-heading kb-heading-h2 kb-heading-ecdd2a0c\"><h2 class=\"\">personal (IPKN)<\/h2><\/div>\n\n<p>Linija \u201ePersonal\u201d uklju\u010duje proizvode poput primer\u2011bazama za ujedna\u010davanje tena i kontrolu pora, tone\u2011correcting puderima i korektorima, laganim puderima i rumenilima, te sheer tint tintama za usne s transparentnim, prirodnim finishom. Ovi proizvodi su lagani, prozra\u010dni i prilago\u0111eni svakodnevnoj upotrebi, ciljaju\u0107i hidrataciju, ujedna\u010davanje tona ko\u017ee i prirodan izgled bez te\u0161kog osje\u0107aja \u0161minke.<\/p><\/div><\/div>\n\n<hr class=\"wp-block-kenta-blocks-separator kb-separator-16380131 kb-separator\"\/>\n\n<div class=\"wp-block-columns is-layout-flex wp-container-core-columns-is-layout-28f84493 wp-block-columns-is-layout-flex\"><div class=\"wp-block-column is-layout-flow wp-block-column-is-layout-flow\"><figure class=\"wp-block-kenta-blocks-image kb-image kb-image-24e06ff9\"><img decoding=\"async\" src=\"http:\/\/primakorea.com\/wp-content\/uploads\/2025\/12\/TAG_banner-1-e1766772993874.avif\" alt=\"\"\/><\/figure><\/div>\n\n<div class=\"wp-block-column is-layout-flow wp-block-column-is-layout-flow\"><div class=\"wp-block-kenta-blocks-heading kb-heading kb-heading-h2 kb-heading-4a85aa8b\"><h2 class=\"\">TAG<\/h2><\/div>\n\n<p>TAG je make\u2011up linija povezena s korejskim brendom\u202fToo Cool For School, posebno prodavana kroz Daiso trgovine kao Daiso\u2011ekskluzivna, pristupa\u010dna kozmetika s fokusom na osnovne dekorativne proizvode poput cushion pudera, kontura, sjenila, rumenila i olovaka za mlade korisnike. Proizvodi nude jednostavne, funkcionalne formule za svakodnevni make\u2011up s dobrim omjerom kvalitete i cijene i \u010desto su popularni me\u0111u tih koji \u017eele korejski make\u2011up.<\/p><\/div><\/div>\n\n<hr class=\"wp-block-kenta-blocks-separator kb-separator-3b96b4d6 kb-separator\"\/>\n\n<div class=\"wp-block-columns is-layout-flex wp-container-core-columns-is-layout-28f84493 wp-block-columns-is-layout-flex\"><div class=\"wp-block-column is-layout-flow wp-block-column-is-layout-flow\"><figure class=\"wp-block-kenta-blocks-image kb-image kb-image-4d6500a3\"><img decoding=\"async\" src=\"http:\/\/primakorea.com\/wp-content\/uploads\/2025\/12\/Chemikongan_banner.avif\" alt=\"\"\/><\/figure><\/div>\n\n<div class=\"wp-block-column is-layout-flow wp-block-column-is-layout-flow\"><div class=\"wp-block-kenta-blocks-heading kb-heading kb-heading-h2 kb-heading-7318ac21\"><h2 class=\"\">Chebikongkan<\/h2><\/div>\n\n<p>Chebikongkan (\ucc44\ube44\uacf5\uac04) donosi nje\u017eno i u\u010dinkovito \u010di\u0161\u0107enje ko\u017ee s korejskom formulom bogatom Centella Asiatica. Ovi proizvodi nje\u017eno uklanjaju ne\u010disto\u0107e, vi\u0161ak masno\u0107e i tragove \u0161minke, ostavljaju\u0107i ko\u017eu svje\u017eom, glatkom i smirenom. Idealni su za svakodnevnu upotrebu, prikladni za sve tipove ko\u017ee i \u010dine rutinu \u010di\u0161\u0107enja jednostavnom, a efekt vidljivo blistavom i zdravom ko\u017eom. Elegantan dizajn pakiranja i lagana tekstura \u010dine iskustvo njege ugodnim i prakti\u010dnim.<\/p><\/div><\/div><\/div><\/div><\/div><\/div><div class=\"wp-block-kenta-blocks-cover alignfull kb-cover-4eed16d1 kb-cover\"><div class=\"kb-cover-inner-container\"><div class=\"wp-block-kenta-blocks-section kb-section-6e49d405 kb-section\"><div class=\"wp-block-kenta-blocks-column kb-column-wrapper kb-column-wrapper-a286a06c\"><div class=\"kb-column kb-column-a286a06c\"><div class=\"kb-column-content\"><div class=\"wp-block-kenta-blocks-heading kb-heading kb-heading-h5 kb-heading-50a156d8\"><h5 class=\"\">Legal pages<\/h5><\/div>\n\n<div class=\"wp-classic-menu-block \"><ul id=\"menu-footer-menu-legal\" class=\"menu\"><li id=\"menu-item-770\" class=\"menu-item menu-item-type-post_type menu-item-object-page menu-item-770\"><a href=\"https:\/\/primakorea.com\/en\/privacy-policy\/\">Privacy Policy<\/a><\/li>\n<li id=\"menu-item-813\" class=\"menu-item menu-item-type-post_type menu-item-object-page menu-item-813\"><a href=\"https:\/\/primakorea.com\/en\/shipping\/\">SHIPPING<\/a><\/li>\n<li id=\"menu-item-814\" class=\"menu-item menu-item-type-post_type menu-item-object-page menu-item-814\"><a href=\"https:\/\/primakorea.com\/en\/refund-returns\/\">REFUND &#038; RETURNS<\/a><\/li>\n<li id=\"menu-item-815\" class=\"menu-item menu-item-type-post_type menu-item-object-page menu-item-815\"><a href=\"https:\/\/primakorea.com\/en\/terms-conditions\/\">TERMS &#038; CONDITIONS<\/a><\/li>\n<\/ul><\/div>\n\n<div class=\"wp-block-kenta-blocks-heading kb-heading kb-heading-h5 kb-heading-db5c0682\"><h5 class=\"\">Menu<\/h5><\/div>\n\n<div class=\"wp-classic-menu-block \"><ul id=\"menu-footer-menu-main\" class=\"menu\"><li id=\"menu-item-1368\" class=\"menu-item menu-item-type-post_type menu-item-object-page menu-item-1368\"><a href=\"https:\/\/primakorea.com\/en\/brendovi\/\">Brendovi<\/a><\/li>\n<li id=\"menu-item-1370\" class=\"menu-item menu-item-type-post_type menu-item-object-page menu-item-1370\"><a href=\"https:\/\/primakorea.com\/en\/dostupno-odmah\/\">Dostupno odmah<\/a><\/li>\n<li id=\"menu-item-1373\" class=\"menu-item menu-item-type-post_type menu-item-object-page menu-item-1373\"><a href=\"https:\/\/primakorea.com\/en\/katalog-uz\/\">Katalog za narud\u017ebu<\/a><\/li>\n<li id=\"menu-item-1371\" class=\"menu-item menu-item-type-post_type menu-item-object-page menu-item-1371\"><a href=\"https:\/\/primakorea.com\/en\/ekskluzivna-narudzba\/\">Ekskluzivna narud\u017eba<\/a><\/li>\n<li id=\"menu-item-1369\" class=\"menu-item menu-item-type-post_type menu-item-object-page menu-item-1369\"><a href=\"https:\/\/primakorea.com\/en\/contact\/\">Contact<\/a><\/li>\n<li id=\"menu-item-1374\" class=\"menu-item menu-item-type-post_type menu-item-object-page menu-item-1374\"><a href=\"https:\/\/primakorea.com\/en\/o-nama\/\">O nama<\/a><\/li>\n<li id=\"menu-item-1372\" class=\"menu-item menu-item-type-post_type menu-item-object-page menu-item-1372\"><a href=\"https:\/\/primakorea.com\/en\/k-klub\/\">K-klub<\/a><\/li>\n<li id=\"menu-item-1367\" class=\"menu-item menu-item-type-post_type menu-item-object-page current_page_parent menu-item-1367\"><a href=\"https:\/\/primakorea.com\/en\/blog\/\">Blog<\/a><\/li>\n<\/ul><\/div><\/div><\/div><\/div>\n\n<div class=\"wp-block-kenta-blocks-column kb-column-wrapper kb-column-wrapper-f62f8ae4\"><div class=\"kb-column kb-column-f62f8ae4\"><div class=\"kb-column-content\"><div class=\"wp-block-kenta-blocks-heading kb-heading kb-heading-h5 kb-heading-9609284e\"><h5 class=\"\">Prati nas<\/h5><\/div>\n\n<ul class=\"wp-block-social-links is-layout-flex wp-block-social-links-is-layout-flex\"><li class=\"wp-social-link wp-social-link-facebook  wp-block-social-link\"><a href=\"https:\/\/web.facebook.com\/korejska.kozmetika.primakorea\/\" class=\"wp-block-social-link-anchor\"><svg width=\"24\" height=\"24\" viewBox=\"0 0 24 24\" version=\"1.1\" xmlns=\"http:\/\/www.w3.org\/2000\/svg\" aria-hidden=\"true\" focusable=\"false\"><path d=\"M12 2C6.5 2 2 6.5 2 12c0 5 3.7 9.1 8.4 9.9v-7H7.9V12h2.5V9.8c0-2.5 1.5-3.9 3.8-3.9 1.1 0 2.2.2 2.2.2v2.5h-1.3c-1.2 0-1.6.8-1.6 1.6V12h2.8l-.4 2.9h-2.3v7C18.3 21.1 22 17 22 12c0-5.5-4.5-10-10-10z\"><\/path><\/svg><span class=\"wp-block-social-link-label screen-reader-text\">Facebook<\/span><\/a><\/li>\n\n<li class=\"wp-social-link wp-social-link-youtube  wp-block-social-link\"><a href=\"https:\/\/youtube.com\/@anastasiaugccreator?si=KCHoZCNP3WVX8Vjd\" class=\"wp-block-social-link-anchor\"><svg width=\"24\" height=\"24\" viewBox=\"0 0 24 24\" version=\"1.1\" xmlns=\"http:\/\/www.w3.org\/2000\/svg\" aria-hidden=\"true\" focusable=\"false\"><path d=\"M21.8,8.001c0,0-0.195-1.378-0.795-1.985c-0.76-0.797-1.613-0.801-2.004-0.847c-2.799-0.202-6.997-0.202-6.997-0.202 h-0.009c0,0-4.198,0-6.997,0.202C4.608,5.216,3.756,5.22,2.995,6.016C2.395,6.623,2.2,8.001,2.2,8.001S2,9.62,2,11.238v1.517 c0,1.618,0.2,3.237,0.2,3.237s0.195,1.378,0.795,1.985c0.761,0.797,1.76,0.771,2.205,0.855c1.6,0.153,6.8,0.201,6.8,0.201 s4.203-0.006,7.001-0.209c0.391-0.047,1.243-0.051,2.004-0.847c0.6-0.607,0.795-1.985,0.795-1.985s0.2-1.618,0.2-3.237v-1.517 C22,9.62,21.8,8.001,21.8,8.001z M9.935,14.594l-0.001-5.62l5.404,2.82L9.935,14.594z\"><\/path><\/svg><span class=\"wp-block-social-link-label screen-reader-text\">YouTube<\/span><\/a><\/li>\n\n<li class=\"wp-social-link wp-social-link-instagram  wp-block-social-link\"><a href=\"https:\/\/www.instagram.com\/sovasian\/\" class=\"wp-block-social-link-anchor\"><svg width=\"24\" height=\"24\" viewBox=\"0 0 24 24\" version=\"1.1\" xmlns=\"http:\/\/www.w3.org\/2000\/svg\" aria-hidden=\"true\" focusable=\"false\"><path d=\"M12,4.622c2.403,0,2.688,0.009,3.637,0.052c0.877,0.04,1.354,0.187,1.671,0.31c0.42,0.163,0.72,0.358,1.035,0.673 c0.315,0.315,0.51,0.615,0.673,1.035c0.123,0.317,0.27,0.794,0.31,1.671c0.043,0.949,0.052,1.234,0.052,3.637 s-0.009,2.688-0.052,3.637c-0.04,0.877-0.187,1.354-0.31,1.671c-0.163,0.42-0.358,0.72-0.673,1.035 c-0.315,0.315-0.615,0.51-1.035,0.673c-0.317,0.123-0.794,0.27-1.671,0.31c-0.949,0.043-1.233,0.052-3.637,0.052 s-2.688-0.009-3.637-0.052c-0.877-0.04-1.354-0.187-1.671-0.31c-0.42-0.163-0.72-0.358-1.035-0.673 c-0.315-0.315-0.51-0.615-0.673-1.035c-0.123-0.317-0.27-0.794-0.31-1.671C4.631,14.688,4.622,14.403,4.622,12 s0.009-2.688,0.052-3.637c0.04-0.877,0.187-1.354,0.31-1.671c0.163-0.42,0.358-0.72,0.673-1.035 c0.315-0.315,0.615-0.51,1.035-0.673c0.317-0.123,0.794-0.27,1.671-0.31C9.312,4.631,9.597,4.622,12,4.622 M12,3 C9.556,3,9.249,3.01,8.289,3.054C7.331,3.098,6.677,3.25,6.105,3.472C5.513,3.702,5.011,4.01,4.511,4.511 c-0.5,0.5-0.808,1.002-1.038,1.594C3.25,6.677,3.098,7.331,3.054,8.289C3.01,9.249,3,9.556,3,12c0,2.444,0.01,2.751,0.054,3.711 c0.044,0.958,0.196,1.612,0.418,2.185c0.23,0.592,0.538,1.094,1.038,1.594c0.5,0.5,1.002,0.808,1.594,1.038 c0.572,0.222,1.227,0.375,2.185,0.418C9.249,20.99,9.556,21,12,21s2.751-0.01,3.711-0.054c0.958-0.044,1.612-0.196,2.185-0.418 c0.592-0.23,1.094-0.538,1.594-1.038c0.5-0.5,0.808-1.002,1.038-1.594c0.222-0.572,0.375-1.227,0.418-2.185 C20.99,14.751,21,14.444,21,12s-0.01-2.751-0.054-3.711c-0.044-0.958-0.196-1.612-0.418-2.185c-0.23-0.592-0.538-1.094-1.038-1.594 c-0.5-0.5-1.002-0.808-1.594-1.038c-0.572-0.222-1.227-0.375-2.185-0.418C14.751,3.01,14.444,3,12,3L12,3z M12,7.378 c-2.552,0-4.622,2.069-4.622,4.622S9.448,16.622,12,16.622s4.622-2.069,4.622-4.622S14.552,7.378,12,7.378z M12,15 c-1.657,0-3-1.343-3-3s1.343-3,3-3s3,1.343,3,3S13.657,15,12,15z M16.804,6.116c-0.596,0-1.08,0.484-1.08,1.08 s0.484,1.08,1.08,1.08c0.596,0,1.08-0.484,1.08-1.08S17.401,6.116,16.804,6.116z\"><\/path><\/svg><span class=\"wp-block-social-link-label screen-reader-text\">Instagram<\/span><\/a><\/li>\n\n<li class=\"wp-social-link wp-social-link-tiktok  wp-block-social-link\"><a href=\"https:\/\/www.tiktok.com\/@sovasian_skin\" class=\"wp-block-social-link-anchor\"><svg width=\"24\" height=\"24\" viewBox=\"0 0 32 32\" version=\"1.1\" xmlns=\"http:\/\/www.w3.org\/2000\/svg\" aria-hidden=\"true\" focusable=\"false\"><path d=\"M16.708 0.027c1.745-0.027 3.48-0.011 5.213-0.027 0.105 2.041 0.839 4.12 2.333 5.563 1.491 1.479 3.6 2.156 5.652 2.385v5.369c-1.923-0.063-3.855-0.463-5.6-1.291-0.76-0.344-1.468-0.787-2.161-1.24-0.009 3.896 0.016 7.787-0.025 11.667-0.104 1.864-0.719 3.719-1.803 5.255-1.744 2.557-4.771 4.224-7.88 4.276-1.907 0.109-3.812-0.411-5.437-1.369-2.693-1.588-4.588-4.495-4.864-7.615-0.032-0.667-0.043-1.333-0.016-1.984 0.24-2.537 1.495-4.964 3.443-6.615 2.208-1.923 5.301-2.839 8.197-2.297 0.027 1.975-0.052 3.948-0.052 5.923-1.323-0.428-2.869-0.308-4.025 0.495-0.844 0.547-1.485 1.385-1.819 2.333-0.276 0.676-0.197 1.427-0.181 2.145 0.317 2.188 2.421 4.027 4.667 3.828 1.489-0.016 2.916-0.88 3.692-2.145 0.251-0.443 0.532-0.896 0.547-1.417 0.131-2.385 0.079-4.76 0.095-7.145 0.011-5.375-0.016-10.735 0.025-16.093z\" \/><\/svg><span class=\"wp-block-social-link-label screen-reader-text\">TikTok<\/span><\/a><\/li><\/ul><\/div><\/div><\/div>\n\n<div class=\"wp-block-kenta-blocks-column kb-column-wrapper kb-column-wrapper-00b4f1b2\"><div class=\"kb-column kb-column-00b4f1b2\"><div class=\"kb-column-content\"><div class=\"wp-block-kenta-blocks-heading kb-heading kb-heading-h5 kb-heading-9524a771\"><h5 class=\"\">Kontakti<\/h5><\/div>\n\n<div class=\"wp-block-kenta-blocks-paragraph kb-paragraph kb-paragraph-477d7595\"><p class=\"\">+385981331236<br>info.primakorea@gmail.com<\/p><\/div>\n\n<div class=\"wp-block-kenta-blocks-heading kb-heading kb-heading-h5 kb-heading-d04a8300\"><h5 class=\"\">Javite nama<\/h5><\/div>\n\n<div class=\"wp-block-contact-form-7-contact-form-selector\">\n<div class=\"wpcf7 no-js\" id=\"wpcf7-f1317-o1\" lang=\"en-US\" dir=\"ltr\" data-wpcf7-id=\"1317\">\n<div class=\"screen-reader-response\"><p role=\"status\" aria-live=\"polite\" aria-atomic=\"true\"><\/p> <ul><\/ul><\/div>\n<form action=\"\/en\/wp-json\/wp\/v2\/pages\/1289#wpcf7-f1317-o1\" method=\"post\" class=\"wpcf7-form init\" aria-label=\"Contact form\" novalidate=\"novalidate\" data-status=\"init\">\n<div style=\"display: none;\">\n<input type=\"hidden\" name=\"_wpcf7\" value=\"1317\" \/>\n<input type=\"hidden\" name=\"_wpcf7_version\" value=\"6.0.1\" \/>\n<input type=\"hidden\" name=\"_wpcf7_locale\" value=\"en_US\" \/>\n<input type=\"hidden\" name=\"_wpcf7_unit_tag\" value=\"wpcf7-f1317-o1\" \/>\n<input type=\"hidden\" name=\"_wpcf7_container_post\" value=\"0\" \/>\n<input type=\"hidden\" name=\"_wpcf7_posted_data_hash\" value=\"\" \/>\n<input type=\"hidden\" name=\"lang\" value=\"en\" \/>\n<\/div>\n<p><label> Tvoje ime *<br \/>\n<span class=\"wpcf7-form-control-wrap\" data-name=\"your-name\"><input size=\"40\" maxlength=\"400\" class=\"wpcf7-form-control wpcf7-text wpcf7-validates-as-required\" autocomplete=\"name\" aria-required=\"true\" aria-invalid=\"false\" value=\"\" type=\"text\" name=\"your-name\" \/><\/span> <\/label>\n<\/p>\n<p><label> e-mail *<br \/>\n<span class=\"wpcf7-form-control-wrap\" data-name=\"your-email\"><input size=\"40\" maxlength=\"400\" class=\"wpcf7-form-control wpcf7-email wpcf7-validates-as-required wpcf7-text wpcf7-validates-as-email\" autocomplete=\"email\" aria-required=\"true\" aria-invalid=\"false\" value=\"\" type=\"email\" name=\"your-email\" \/><\/span> <\/label>\n<\/p>\n<p><label> Poruka (opcionalno)<br \/>\n<span class=\"wpcf7-form-control-wrap\" data-name=\"your-message\"><textarea cols=\"40\" rows=\"10\" maxlength=\"2000\" class=\"wpcf7-form-control wpcf7-textarea\" aria-invalid=\"false\" name=\"your-message\"><\/textarea><\/span> <\/label>\n<\/p>\n<p><input class=\"wpcf7-form-control wpcf7-submit has-spinner\" type=\"submit\" value=\"Poslati\" \/>\n<\/p><div class=\"wpcf7-response-output\" aria-hidden=\"true\"><\/div>\n<\/form>\n<\/div>\n<\/div><\/div><\/div><\/div><\/div><\/div><\/div>","protected":false},"excerpt":{"rendered":"","protected":false},"author":1,"featured_media":0,"parent":0,"menu_order":0,"comment_status":"closed","ping_status":"closed","template":"","meta":{"site-container-style":"default","site-container-layout":"default","site-sidebar-layout":"default","site-transparent-header":"default","disable-article-header":"default","disable-site-header":"default","disable-site-footer":"default","disable-content-area-spacing":"default","footnotes":""},"class_list":["post-1289","page","type-page","status-publish","hentry"],"_links":{"self":[{"href":"https:\/\/primakorea.com\/en\/wp-json\/wp\/v2\/pages\/1289","targetHints":{"allow":["GET"]}}],"collection":[{"href":"https:\/\/primakorea.com\/en\/wp-json\/wp\/v2\/pages"}],"about":[{"href":"https:\/\/primakorea.com\/en\/wp-json\/wp\/v2\/types\/page"}],"author":[{"embeddable":true,"href":"https:\/\/primakorea.com\/en\/wp-json\/wp\/v2\/users\/1"}],"replies":[{"embeddable":true,"href":"https:\/\/primakorea.com\/en\/wp-json\/wp\/v2\/comments?post=1289"}],"version-history":[{"count":3,"href":"https:\/\/primakorea.com\/en\/wp-json\/wp\/v2\/pages\/1289\/revisions"}],"predecessor-version":[{"id":1542,"href":"https:\/\/primakorea.com\/en\/wp-json\/wp\/v2\/pages\/1289\/revisions\/1542"}],"wp:attachment":[{"href":"https:\/\/primakorea.com\/en\/wp-json\/wp\/v2\/media?parent=1289"}],"curies":[{"name":"wp","href":"https:\/\/api.w.org\/{rel}","templated":true}]}}