{"id":1011,"date":"2025-12-22T01:11:35","date_gmt":"2025-12-21T22:11:35","guid":{"rendered":"https:\/\/primakorea.com\/?post_type=product&#038;p=1011"},"modified":"2025-12-22T01:11:35","modified_gmt":"2025-12-21T22:11:35","slug":"parnell-peachmanu-serum-cushion-foundation-21-spf-50","status":"publish","type":"product","link":"https:\/\/primakorea.com\/en\/product\/parnell-peachmanu-serum-cushion-foundation-21-spf-50\/","title":{"rendered":"Parnell Peachmanu Serum Cushion Foundation (21) SPF 50"},"content":{"rendered":"<p data-start=\"71\" data-end=\"256\">Korejski <strong data-start=\"80\" data-end=\"103\">serum cushion puder<\/strong> u nijansi <strong data-start=\"114\" data-end=\"120\">21<\/strong>, osmi\u0161ljen za ujedna\u010davanje tena uz prirodan, svje\u017e izgled ko\u017ee. Kombinira lagano do srednje prekrivanje s hidratantnim u\u010dinkom seruma.<\/p>\n<p data-start=\"258\" data-end=\"274\"><strong data-start=\"258\" data-end=\"272\">\u0160to pru\u017ea:<\/strong><\/p>\n<ul data-start=\"275\" data-end=\"431\">\n<li data-start=\"275\" data-end=\"303\">\n<p data-start=\"277\" data-end=\"303\">prirodan, blistav finish<\/p>\n<\/li>\n<li data-start=\"304\" data-end=\"348\">\n<p data-start=\"306\" data-end=\"348\">ujedna\u010dava ten i vizualno zagla\u0111uje ko\u017eu<\/p>\n<\/li>\n<li data-start=\"349\" data-end=\"394\">\n<p data-start=\"351\" data-end=\"394\">lagano do srednje prekrivanje, bez te\u017eine<\/p>\n<\/li>\n<li data-start=\"395\" data-end=\"431\">\n<p data-start=\"397\" data-end=\"431\">hidratizira ko\u017eu tijekom no\u0161enja<\/p>\n<\/li>\n<\/ul>\n<p data-start=\"433\" data-end=\"591\"><strong data-start=\"433\" data-end=\"464\">Tekstura i osje\u0107aj na ko\u017ei:<\/strong><br data-start=\"464\" data-end=\"467\" \/>Lagano serumasta cushion tekstura koja se lako nanosi i stapa s ko\u017eom, ostavljaju\u0107i osje\u0107aj ugode i svje\u017eine bez isu\u0161ivanja.<\/p>\n<p data-start=\"593\" data-end=\"610\"><strong data-start=\"593\" data-end=\"608\">Za koga je:<\/strong><\/p>\n<ul data-start=\"611\" data-end=\"721\">\n<li data-start=\"611\" data-end=\"635\">\n<p data-start=\"613\" data-end=\"635\">normalna i suha ko\u017ea<\/p>\n<\/li>\n<li data-start=\"636\" data-end=\"656\">\n<p data-start=\"638\" data-end=\"656\">dehidrirana ko\u017ea<\/p>\n<\/li>\n<li data-start=\"657\" data-end=\"675\">\n<p data-start=\"659\" data-end=\"675\">ko\u017ea bez sjaja<\/p>\n<\/li>\n<li data-start=\"676\" data-end=\"721\">\n<p data-start=\"678\" data-end=\"721\">idealno za prirodni, korejski makeup look<\/p>\n<\/li>\n<\/ul>\n<p data-start=\"723\" data-end=\"737\"><strong data-start=\"723\" data-end=\"735\">Nijansa:<\/strong><\/p>\n<ul data-start=\"738\" data-end=\"789\">\n<li data-start=\"738\" data-end=\"789\">\n<p data-start=\"740\" data-end=\"789\"><strong data-start=\"740\" data-end=\"746\">21<\/strong> \u2013 svijetla nijansa s neutralnim podtonom<\/p>\n<\/li>\n<\/ul>\n<p data-start=\"791\" data-end=\"892\"><strong data-start=\"791\" data-end=\"810\">Kako koristiti:<\/strong><br data-start=\"810\" data-end=\"813\" \/>Spu\u017evicom nje\u017eno utapkati proizvod na lice. Po potrebi nadograditi prekrivanje.<\/p>\n<p data-start=\"894\" data-end=\"918\"><strong data-start=\"894\" data-end=\"918\">Proizvedeno u Koreji<\/strong><\/p>\n<p data-start=\"894\" data-end=\"918\">(13g)<\/p>\n","protected":false},"excerpt":{"rendered":"<p data-start=\"71\" data-end=\"256\">Korejski <strong data-start=\"80\" data-end=\"103\">serum cushion puder<\/strong> u nijansi <strong data-start=\"114\" data-end=\"120\">21<\/strong>, osmi\u0161ljen za ujedna\u010davanje tena uz prirodan, svje\u017e izgled ko\u017ee. Kombinira lagano do srednje prekrivanje s hidratantnim u\u010dinkom seruma.<\/p>\n<p data-start=\"71\" data-end=\"256\">SPF 50+, PA+++<\/p>\n<p data-start=\"258\" data-end=\"274\"><strong data-start=\"258\" data-end=\"272\">\u0160to pru\u017ea:<\/strong><\/p>\n<ul data-start=\"275\" data-end=\"431\">\n<li data-start=\"275\" data-end=\"303\">\n<p data-start=\"277\" data-end=\"303\">prirodan, blistav finish<\/p>\n<\/li>\n<li data-start=\"304\" data-end=\"348\">\n<p data-start=\"306\" data-end=\"348\">ujedna\u010dava ten i vizualno zagla\u0111uje ko\u017eu<\/p>\n<\/li>\n<li data-start=\"349\" data-end=\"394\">\n<p data-start=\"351\" data-end=\"394\">lagano do srednje prekrivanje, bez te\u017eine<\/p>\n<\/li>\n<li data-start=\"395\" data-end=\"431\">\n<p data-start=\"397\" data-end=\"431\">hidratizira ko\u017eu tijekom no\u0161enja<\/p>\n<\/li>\n<\/ul>\n","protected":false},"featured_media":1012,"template":"","meta":{"site-container-style":"default","site-container-layout":"default","site-sidebar-layout":"default","site-transparent-header":"default","disable-article-header":"default","disable-site-header":"default","disable-site-footer":"default","disable-content-area-spacing":"default"},"product_cat":[66,39],"product_tag":[43],"class_list":{"0":"post-1011","1":"product","2":"type-product","3":"status-publish","4":"has-post-thumbnail","6":"product_cat-cushion","7":"product_cat-spf","8":"product_tag-dostupno","10":"first","11":"instock","12":"taxable","13":"shipping-taxable","14":"purchasable","15":"product-type-simple"},"_links":{"self":[{"href":"https:\/\/primakorea.com\/en\/wp-json\/wp\/v2\/product\/1011","targetHints":{"allow":["GET"]}}],"collection":[{"href":"https:\/\/primakorea.com\/en\/wp-json\/wp\/v2\/product"}],"about":[{"href":"https:\/\/primakorea.com\/en\/wp-json\/wp\/v2\/types\/product"}],"wp:featuredmedia":[{"embeddable":true,"href":"https:\/\/primakorea.com\/en\/wp-json\/wp\/v2\/media\/1012"}],"wp:attachment":[{"href":"https:\/\/primakorea.com\/en\/wp-json\/wp\/v2\/media?parent=1011"}],"wp:term":[{"taxonomy":"product_cat","embeddable":true,"href":"https:\/\/primakorea.com\/en\/wp-json\/wp\/v2\/product_cat?post=1011"},{"taxonomy":"product_tag","embeddable":true,"href":"https:\/\/primakorea.com\/en\/wp-json\/wp\/v2\/product_tag?post=1011"}],"curies":[{"name":"wp","href":"https:\/\/api.w.org\/{rel}","templated":true}]}}