{"id":1143,"date":"2025-12-27T00:00:27","date_gmt":"2025-12-26T21:00:27","guid":{"rendered":"https:\/\/primakorea.com\/?post_type=product&#038;p=1143"},"modified":"2025-12-27T00:00:28","modified_gmt":"2025-12-26T21:00:28","slug":"olive-farm-bubble-tok-tok-mask","status":"publish","type":"product","link":"https:\/\/primakorea.com\/en\/product\/olive-farm-bubble-tok-tok-mask\/","title":{"rendered":"Olive Farm &#8211; Bubble Tok Tok Mask"},"content":{"rendered":"<h3><strong>Bubble Tok Tok Mask \u2013 Olive Farm<\/strong><\/h3>\n<p><em>Deep Pore Cleansing Foam Mask<\/em><\/p>\n<p>Korejska <strong>sheet maska<\/strong> koja kombinira hidrataciju i dubinsko \u010di\u0161\u0107enje pora. Prilikom nano\u0161enja, serum na crnoj maski <strong>pretvara se u pjenu<\/strong>, koja u\u010dinkovito uklanja ne\u010disto\u0107e i vi\u0161ak sebuma. Nakon upotrebe potrebno je isprati lice.<\/p>\n<p><strong>\u0160to pru\u017ea:<\/strong><\/p>\n<ul>\n<li>dubinsko \u010di\u0161\u0107enje pora i uklanjanje ne\u010disto\u0107a<\/li>\n<li>nje\u017eno uklanja vi\u0161ak sebuma<\/li>\n<li>ostavlja ko\u017eu svje\u017eom i \u010distom<\/li>\n<li>crna maska koja se pretvara u pjenu tijekom upotrebe<\/li>\n<\/ul>\n<p><strong>Tekstura i osje\u0107aj:<\/strong><br \/>\nMaska po\u010dinje kao crna sheet maska sa serumom koji se tijekom nano\u0161enja mijenja u pjenu, pru\u017eaju\u0107i efekt blagog pilinga i dubinskog \u010di\u0161\u0107enja. Ne isu\u0161uje ko\u017eu.<\/p>\n<p><strong>Za koga je:<\/strong><\/p>\n<ul>\n<li>masna ili mje\u0161ovita ko\u017ea<\/li>\n<li>ko\u017ea s pro\u0161irenim porama ili za\u010depljenim porama<\/li>\n<li>idealno prije makeupa ili kao tjedni detoks tretman<\/li>\n<\/ul>\n<p><strong>Kako koristiti:<\/strong><\/p>\n<ol>\n<li>Nanesite masku na \u010disto lice.<\/li>\n<li>Pri\u010dekajte da se serum pretvori u pjenu i nje\u017eno umasirajte.<\/li>\n<li>Isperite lice mlakom vodom.<\/li>\n<\/ol>\n<p><strong>Proizvedeno u Koreji<\/strong><\/p>\n","protected":false},"excerpt":{"rendered":"<h3><strong>Bubble Tok Tok Mask \u2013 Olive Farm<\/strong><\/h3>\n<p><em>Deep Pore Cleansing Foam Mask<\/em><\/p>\n<p>Korejska <strong>sheet maska<\/strong> koja kombinira hidrataciju i dubinsko \u010di\u0161\u0107enje pora. Prilikom nano\u0161enja, serum na crnoj maski <strong>pretvara se u pjenu<\/strong>, koja u\u010dinkovito uklanja ne\u010disto\u0107e i vi\u0161ak sebuma. Nakon upotrebe potrebno je isprati lice.<\/p>\n<p><strong>\u0160to pru\u017ea:<\/strong><\/p>\n<ul>\n<li>dubinsko \u010di\u0161\u0107enje pora i uklanjanje ne\u010disto\u0107a<\/li>\n<li>nje\u017eno uklanja vi\u0161ak sebuma<\/li>\n<li>ostavlja ko\u017eu svje\u017eom i \u010distom<\/li>\n<li>crna maska koja se pretvara u pjenu tijekom upotrebe<\/li>\n<\/ul>\n","protected":false},"featured_media":1144,"template":"","meta":{"site-container-style":"default","site-container-layout":"default","site-sidebar-layout":"default","site-transparent-header":"default","disable-article-header":"default","disable-site-header":"default","disable-site-footer":"default","disable-content-area-spacing":"default"},"product_cat":[],"product_tag":[],"class_list":{"0":"post-1143","1":"product","2":"type-product","3":"status-publish","4":"has-post-thumbnail","7":"first","8":"instock","9":"sale","10":"taxable","11":"shipping-taxable","12":"purchasable","13":"product-type-simple"},"_links":{"self":[{"href":"https:\/\/primakorea.com\/en\/wp-json\/wp\/v2\/product\/1143","targetHints":{"allow":["GET"]}}],"collection":[{"href":"https:\/\/primakorea.com\/en\/wp-json\/wp\/v2\/product"}],"about":[{"href":"https:\/\/primakorea.com\/en\/wp-json\/wp\/v2\/types\/product"}],"wp:featuredmedia":[{"embeddable":true,"href":"https:\/\/primakorea.com\/en\/wp-json\/wp\/v2\/media\/1144"}],"wp:attachment":[{"href":"https:\/\/primakorea.com\/en\/wp-json\/wp\/v2\/media?parent=1143"}],"wp:term":[{"taxonomy":"product_cat","embeddable":true,"href":"https:\/\/primakorea.com\/en\/wp-json\/wp\/v2\/product_cat?post=1143"},{"taxonomy":"product_tag","embeddable":true,"href":"https:\/\/primakorea.com\/en\/wp-json\/wp\/v2\/product_tag?post=1143"}],"curies":[{"name":"wp","href":"https:\/\/api.w.org\/{rel}","templated":true}]}}