{"id":1194,"date":"2025-12-28T23:30:57","date_gmt":"2025-12-28T20:30:57","guid":{"rendered":"https:\/\/primakorea.com\/?post_type=product&#038;p=1194"},"modified":"2025-12-28T23:30:57","modified_gmt":"2025-12-28T20:30:57","slug":"vt-reedle-shot-facial-lifting-peptide-essence-pads-8-kom","status":"publish","type":"product","link":"https:\/\/primakorea.com\/en\/product\/vt-reedle-shot-facial-lifting-peptide-essence-pads-8-kom\/","title":{"rendered":"VT Reedle Shot Facial Lifting Peptide Essence Pads \u2013 8 kom"},"content":{"rendered":"<p data-start=\"68\" data-end=\"276\">Korejski <strong data-start=\"77\" data-end=\"113\">lifting essence jastu\u010di\u0107i (pads)<\/strong> s <strong data-start=\"116\" data-end=\"129\">peptidima<\/strong>, namijenjeni pobolj\u0161anju \u010dvrsto\u0107e, elasti\u010dnosti i zagla\u0111ivanju ko\u017ee. Prakti\u010dan format za brzu i ciljanu njegu, posebno kada ko\u017ei nedostaje tonusa.<\/p>\n<p data-start=\"278\" data-end=\"293\"><strong data-start=\"278\" data-end=\"291\">\u0160to rade:<\/strong><\/p>\n<ul data-start=\"294\" data-end=\"447\">\n<li data-start=\"294\" data-end=\"344\">\n<p data-start=\"296\" data-end=\"344\">poma\u017eu u\u010dvrstiti ko\u017eu i pobolj\u0161ati elasti\u010dnost<\/p>\n<\/li>\n<li data-start=\"345\" data-end=\"381\">\n<p data-start=\"347\" data-end=\"381\">zagla\u0111uju teksturu i fine linije<\/p>\n<\/li>\n<li data-start=\"382\" data-end=\"414\">\n<p data-start=\"384\" data-end=\"414\">hidratiziraju i njeguju ko\u017eu<\/p>\n<\/li>\n<li data-start=\"415\" data-end=\"447\">\n<p data-start=\"417\" data-end=\"447\">daju svje\u017e i zategnut izgled<\/p>\n<\/li>\n<\/ul>\n<p data-start=\"449\" data-end=\"472\"><strong data-start=\"449\" data-end=\"470\">Klju\u010dne zna\u010dajke:<\/strong><\/p>\n<ul data-start=\"473\" data-end=\"669\">\n<li data-start=\"473\" data-end=\"529\">\n<p data-start=\"475\" data-end=\"529\"><strong data-start=\"475\" data-end=\"486\">Peptidi<\/strong> \u2013 podr\u017eavaju \u010dvrsto\u0107u i elasti\u010dnost ko\u017ee<\/p>\n<\/li>\n<li data-start=\"530\" data-end=\"584\">\n<p data-start=\"532\" data-end=\"584\">essence pad format \u2013 kombinacija tonika i esencije<\/p>\n<\/li>\n<li data-start=\"585\" data-end=\"629\">\n<p data-start=\"587\" data-end=\"629\">mogu se koristiti kao mini lifting maska<\/p>\n<\/li>\n<li data-start=\"630\" data-end=\"669\">\n<p data-start=\"632\" data-end=\"669\">prakti\u010dno pakiranje od <strong data-start=\"655\" data-end=\"667\">8 komada<\/strong><\/p>\n<\/li>\n<\/ul>\n<p data-start=\"671\" data-end=\"844\"><strong data-start=\"671\" data-end=\"690\">Kako koristiti:<\/strong><br data-start=\"690\" data-end=\"693\" \/>Nakon \u010di\u0161\u0107enja, polo\u017eiti jastu\u010di\u0107 na \u017eeljeno podru\u010dje ili nje\u017eno prebrisati lice. Ostaviti kratko da djeluje ili nastaviti s tapkanjem esencije u ko\u017eu.<\/p>\n<p data-start=\"846\" data-end=\"863\"><strong data-start=\"846\" data-end=\"861\">Za koga je:<\/strong><\/p>\n<ul data-start=\"864\" data-end=\"970\">\n<li data-start=\"864\" data-end=\"896\">\n<p data-start=\"866\" data-end=\"896\">ko\u017ea s gubitkom elasti\u010dnosti<\/p>\n<\/li>\n<li data-start=\"897\" data-end=\"924\">\n<p data-start=\"899\" data-end=\"924\">umorna i be\u017eivotna ko\u017ea<\/p>\n<\/li>\n<li data-start=\"925\" data-end=\"950\">\n<p data-start=\"927\" data-end=\"950\">prvi znakovi starenja<\/p>\n<\/li>\n<li data-start=\"951\" data-end=\"970\">\n<p data-start=\"953\" data-end=\"970\">svi tipovi ko\u017ee<\/p>\n<\/li>\n<\/ul>\n<p data-start=\"972\" data-end=\"1025\" data-is-last-node=\"\" data-is-only-node=\"\"><strong data-start=\"972\" data-end=\"986\">Pakiranje:<\/strong> 8 jastu\u010di\u0107a<br data-start=\"998\" data-end=\"1001\" \/><strong data-start=\"1001\" data-end=\"1025\" data-is-last-node=\"\">Proizvedeno u Koreji<\/strong><\/p>\n","protected":false},"excerpt":{"rendered":"<p data-start=\"68\" data-end=\"276\">Korejski <strong data-start=\"77\" data-end=\"113\">lifting essence jastu\u010di\u0107i (pads)<\/strong> s <strong data-start=\"116\" data-end=\"129\">peptidima<\/strong>, namijenjeni pobolj\u0161anju \u010dvrsto\u0107e, elasti\u010dnosti i zagla\u0111ivanju ko\u017ee. Prakti\u010dan format za brzu i ciljanu njegu, posebno kada ko\u017ei nedostaje tonusa.<\/p>\n<p data-start=\"278\" data-end=\"293\"><strong data-start=\"278\" data-end=\"291\">\u0160to rade:<\/strong><\/p>\n<ul data-start=\"294\" data-end=\"447\">\n<li data-start=\"294\" data-end=\"344\">\n<p data-start=\"296\" data-end=\"344\">poma\u017eu u\u010dvrstiti ko\u017eu i pobolj\u0161ati elasti\u010dnost<\/p>\n<\/li>\n<li data-start=\"345\" data-end=\"381\">\n<p data-start=\"347\" data-end=\"381\">zagla\u0111uju teksturu i fine linije<\/p>\n<\/li>\n<li data-start=\"382\" data-end=\"414\">\n<p data-start=\"384\" data-end=\"414\">hidratiziraju i njeguju ko\u017eu<\/p>\n<\/li>\n<li data-start=\"415\" data-end=\"447\">\n<p data-start=\"417\" data-end=\"447\">daju svje\u017e i zategnut izgled<\/p>\n<\/li>\n<\/ul>\n","protected":false},"featured_media":1196,"template":"","meta":{"site-container-style":"default","site-container-layout":"default","site-sidebar-layout":"default","site-transparent-header":"default","disable-article-header":"default","disable-site-header":"default","disable-site-footer":"default","disable-content-area-spacing":"default"},"product_cat":[73],"product_tag":[43],"class_list":{"0":"post-1194","1":"product","2":"type-product","3":"status-publish","4":"has-post-thumbnail","6":"product_cat-pad","7":"product_tag-dostupno","9":"first","10":"instock","11":"taxable","12":"shipping-taxable","13":"purchasable","14":"product-type-simple"},"_links":{"self":[{"href":"https:\/\/primakorea.com\/en\/wp-json\/wp\/v2\/product\/1194","targetHints":{"allow":["GET"]}}],"collection":[{"href":"https:\/\/primakorea.com\/en\/wp-json\/wp\/v2\/product"}],"about":[{"href":"https:\/\/primakorea.com\/en\/wp-json\/wp\/v2\/types\/product"}],"wp:featuredmedia":[{"embeddable":true,"href":"https:\/\/primakorea.com\/en\/wp-json\/wp\/v2\/media\/1196"}],"wp:attachment":[{"href":"https:\/\/primakorea.com\/en\/wp-json\/wp\/v2\/media?parent=1194"}],"wp:term":[{"taxonomy":"product_cat","embeddable":true,"href":"https:\/\/primakorea.com\/en\/wp-json\/wp\/v2\/product_cat?post=1194"},{"taxonomy":"product_tag","embeddable":true,"href":"https:\/\/primakorea.com\/en\/wp-json\/wp\/v2\/product_tag?post=1194"}],"curies":[{"name":"wp","href":"https:\/\/api.w.org\/{rel}","templated":true}]}}