{"id":1203,"date":"2025-12-28T23:45:00","date_gmt":"2025-12-28T20:45:00","guid":{"rendered":"https:\/\/primakorea.com\/?post_type=product&#038;p=1203"},"modified":"2025-12-28T23:45:00","modified_gmt":"2025-12-28T20:45:00","slug":"vt-reedle-shot-lifting-peptide-wrapping-steam-mask","status":"publish","type":"product","link":"https:\/\/primakorea.com\/en\/product\/vt-reedle-shot-lifting-peptide-wrapping-steam-mask\/","title":{"rendered":"VT Reedle Shot Lifting Peptide Wrapping Steam Mask"},"content":{"rendered":"<p data-start=\"121\" data-end=\"180\"><strong data-start=\"121\" data-end=\"180\">VT Reedle Shot Lifting Peptide Wrapping Steam Mask 22 g<\/strong><\/p>\n<p data-start=\"182\" data-end=\"247\">Dvodijelna parna maska za intenzivno u\u010dvr\u0161\u0107ivanje i lifting ko\u017ee.<\/p>\n<p data-start=\"249\" data-end=\"375\"><strong data-start=\"249\" data-end=\"284\">Step 1 \u2013 Peptidni lifting serum<\/strong><br data-start=\"284\" data-end=\"287\" \/>Koncentrirani serum s peptidima priprema ko\u017eu, pobolj\u0161ava elasti\u010dnost i poti\u010de \u010dvrsto\u0107u.<\/p>\n<p data-start=\"377\" data-end=\"523\"><strong data-start=\"377\" data-end=\"410\">Step 2 \u2013 Wrapping steam maska<\/strong><br data-start=\"410\" data-end=\"413\" \/>Maska stvara blagi efekt pare koji poma\u017ee dubljoj apsorpciji aktivnih sastojaka i vidljivom zagla\u0111ivanju ko\u017ee.<\/p>\n<p data-start=\"525\" data-end=\"536\"><strong data-start=\"525\" data-end=\"536\">U\u010dinak:<\/strong><\/p>\n<ul data-start=\"537\" data-end=\"664\">\n<li data-start=\"537\" data-end=\"568\">\n<p data-start=\"539\" data-end=\"568\">lifting i u\u010dvr\u0161\u0107ivanje ko\u017ee<\/p>\n<\/li>\n<li data-start=\"569\" data-end=\"595\">\n<p data-start=\"571\" data-end=\"595\">pobolj\u0161ana elasti\u010dnost<\/p>\n<\/li>\n<li data-start=\"596\" data-end=\"625\">\n<p data-start=\"598\" data-end=\"625\">zagla\u0111ivanje finih linija<\/p>\n<\/li>\n<li data-start=\"626\" data-end=\"664\">\n<p data-start=\"628\" data-end=\"664\">intenzivna njega u kratkom vremenu<\/p>\n<\/li>\n<\/ul>\n<p data-start=\"666\" data-end=\"828\"><strong data-start=\"666\" data-end=\"685\">Na\u010din upotrebe:<\/strong><br data-start=\"685\" data-end=\"688\" \/>Nanesite Step 1 serum na \u010distu ko\u017eu. Zatim stavite Step 2 masku i ostavite 10\u201320 minuta. Nakon uklanjanja nje\u017eno utapkajte ostatak esencije.<\/p>\n<p data-start=\"830\" data-end=\"893\"><strong data-start=\"830\" data-end=\"845\">Pogodno za:<\/strong><br data-start=\"845\" data-end=\"848\" \/>Ko\u017eu kojoj nedostaje \u010dvrsto\u0107e i elasti\u010dnosti.<\/p>\n","protected":false},"excerpt":{"rendered":"<p data-start=\"121\" data-end=\"180\"><strong data-start=\"121\" data-end=\"180\">VT Reedle Shot Lifting Peptide Wrapping Steam Mask 22 g<\/strong><\/p>\n<p data-start=\"182\" data-end=\"247\">Dvodijelna parna maska za intenzivno u\u010dvr\u0161\u0107ivanje i lifting ko\u017ee.<\/p>\n<p data-start=\"249\" data-end=\"375\"><strong data-start=\"249\" data-end=\"284\">Step 1 \u2013 Peptidni lifting serum<\/strong><br data-start=\"284\" data-end=\"287\" \/>Koncentrirani serum s peptidima priprema ko\u017eu, pobolj\u0161ava elasti\u010dnost i poti\u010de \u010dvrsto\u0107u.<\/p>\n<p data-start=\"377\" data-end=\"523\"><strong data-start=\"377\" data-end=\"410\">Step 2 \u2013 Wrapping steam maska<\/strong><br data-start=\"410\" data-end=\"413\" \/>Maska stvara blagi efekt pare koji poma\u017ee dubljoj apsorpciji aktivnih sastojaka i vidljivom zagla\u0111ivanju ko\u017ee.<\/p>\n","protected":false},"featured_media":1204,"template":"","meta":{"site-container-style":"default","site-container-layout":"default","site-sidebar-layout":"default","site-transparent-header":"default","disable-article-header":"default","disable-site-header":"default","disable-site-footer":"default","disable-content-area-spacing":"default"},"product_cat":[18],"product_tag":[43],"class_list":{"0":"post-1203","1":"product","2":"type-product","3":"status-publish","4":"has-post-thumbnail","6":"product_cat-mask","7":"product_tag-dostupno","9":"first","10":"instock","11":"taxable","12":"shipping-taxable","13":"purchasable","14":"product-type-simple"},"_links":{"self":[{"href":"https:\/\/primakorea.com\/en\/wp-json\/wp\/v2\/product\/1203","targetHints":{"allow":["GET"]}}],"collection":[{"href":"https:\/\/primakorea.com\/en\/wp-json\/wp\/v2\/product"}],"about":[{"href":"https:\/\/primakorea.com\/en\/wp-json\/wp\/v2\/types\/product"}],"wp:featuredmedia":[{"embeddable":true,"href":"https:\/\/primakorea.com\/en\/wp-json\/wp\/v2\/media\/1204"}],"wp:attachment":[{"href":"https:\/\/primakorea.com\/en\/wp-json\/wp\/v2\/media?parent=1203"}],"wp:term":[{"taxonomy":"product_cat","embeddable":true,"href":"https:\/\/primakorea.com\/en\/wp-json\/wp\/v2\/product_cat?post=1203"},{"taxonomy":"product_tag","embeddable":true,"href":"https:\/\/primakorea.com\/en\/wp-json\/wp\/v2\/product_tag?post=1203"}],"curies":[{"name":"wp","href":"https:\/\/api.w.org\/{rel}","templated":true}]}}