{"id":1206,"date":"2025-12-28T23:47:36","date_gmt":"2025-12-28T20:47:36","guid":{"rendered":"https:\/\/primakorea.com\/?post_type=product&#038;p=1206"},"modified":"2025-12-28T23:47:37","modified_gmt":"2025-12-28T20:47:37","slug":"vt-reedle-shot-repair-egf-wrapping-steam-mask","status":"publish","type":"product","link":"https:\/\/primakorea.com\/en\/product\/vt-reedle-shot-repair-egf-wrapping-steam-mask\/","title":{"rendered":"VT Reedle Shot Repair EGF Wrapping Steam Mask"},"content":{"rendered":"<p data-start=\"0\" data-end=\"54\"><strong data-start=\"0\" data-end=\"54\">VT Reedle Shot Repair EGF Wrapping Steam Mask 22 g<\/strong><\/p>\n<p data-start=\"56\" data-end=\"114\">Dvodijelna parna maska za obnovu i ja\u010danje ko\u017ene barijere.<\/p>\n<p data-start=\"116\" data-end=\"270\"><strong data-start=\"116\" data-end=\"145\">Step 1 \u2013 Repair EGF serum<\/strong><br data-start=\"145\" data-end=\"148\" \/>Serum s EGF-om (epidermalni faktor rasta) poma\u017ee regeneraciji ko\u017ee, pobolj\u0161ava teksturu i podr\u017eava prirodni proces obnove.<\/p>\n<p data-start=\"272\" data-end=\"411\"><strong data-start=\"272\" data-end=\"305\">Step 2 \u2013 Wrapping steam maska<\/strong><br data-start=\"305\" data-end=\"308\" \/>Maska stvara blagi parni efekt koji omogu\u0107uje bolju apsorpciju aktivnih sastojaka i intenzivniju njegu.<\/p>\n<p data-start=\"413\" data-end=\"424\"><strong data-start=\"413\" data-end=\"424\">U\u010dinak:<\/strong><\/p>\n<ul data-start=\"425\" data-end=\"548\">\n<li data-start=\"425\" data-end=\"455\">\n<p data-start=\"427\" data-end=\"455\">regeneracija i obnova ko\u017ee<\/p>\n<\/li>\n<li data-start=\"456\" data-end=\"482\">\n<p data-start=\"458\" data-end=\"482\">ja\u010danje ko\u017ene barijere<\/p>\n<\/li>\n<li data-start=\"483\" data-end=\"518\">\n<p data-start=\"485\" data-end=\"518\">zagla\u0111ivanje i ujedna\u010den izgled<\/p>\n<\/li>\n<li data-start=\"519\" data-end=\"548\">\n<p data-start=\"521\" data-end=\"548\">svje\u017eija i otpornija ko\u017ea<\/p>\n<\/li>\n<\/ul>\n<p data-start=\"550\" data-end=\"712\"><strong data-start=\"550\" data-end=\"569\">Na\u010din upotrebe:<\/strong><br data-start=\"569\" data-end=\"572\" \/>Nanesite Step 1 serum na \u010distu ko\u017eu. Zatim stavite Step 2 masku i ostavite 10\u201320 minuta. Nakon uklanjanja nje\u017eno utapkajte ostatak esencije.<\/p>\n<p data-start=\"714\" data-end=\"794\" data-is-last-node=\"\" data-is-only-node=\"\"><strong data-start=\"714\" data-end=\"729\">Pogodno za:<\/strong><br data-start=\"729\" data-end=\"732\" \/>Umornu, o\u0161te\u0107enu ili osjetljivu ko\u017eu kojoj je potrebna obnova.<\/p>\n","protected":false},"excerpt":{"rendered":"<p data-start=\"0\" data-end=\"54\"><strong data-start=\"0\" data-end=\"54\">VT Reedle Shot Repair EGF Wrapping Steam Mask 22 g<\/strong><\/p>\n<p data-start=\"56\" data-end=\"114\">Dvodijelna parna maska za obnovu i ja\u010danje ko\u017ene barijere.<\/p>\n<p data-start=\"116\" data-end=\"270\"><strong data-start=\"116\" data-end=\"145\">Step 1 \u2013 Repair EGF serum<\/strong><br data-start=\"145\" data-end=\"148\" \/>Serum s EGF-om (epidermalni faktor rasta) poma\u017ee regeneraciji ko\u017ee, pobolj\u0161ava teksturu i podr\u017eava prirodni proces obnove.<\/p>\n<p data-start=\"272\" data-end=\"411\"><strong data-start=\"272\" data-end=\"305\">Step 2 \u2013 Wrapping steam maska<\/strong><br data-start=\"305\" data-end=\"308\" \/>Maska stvara blagi parni efekt koji omogu\u0107uje bolju apsorpciju aktivnih sastojaka i intenzivniju njegu.<\/p>\n","protected":false},"featured_media":1207,"template":"","meta":{"site-container-style":"default","site-container-layout":"default","site-sidebar-layout":"default","site-transparent-header":"default","disable-article-header":"default","disable-site-header":"default","disable-site-footer":"default","disable-content-area-spacing":"default"},"product_cat":[18],"product_tag":[43],"class_list":{"0":"post-1206","1":"product","2":"type-product","3":"status-publish","4":"has-post-thumbnail","6":"product_cat-mask","7":"product_tag-dostupno","9":"first","10":"instock","11":"taxable","12":"shipping-taxable","13":"purchasable","14":"product-type-simple"},"_links":{"self":[{"href":"https:\/\/primakorea.com\/en\/wp-json\/wp\/v2\/product\/1206","targetHints":{"allow":["GET"]}}],"collection":[{"href":"https:\/\/primakorea.com\/en\/wp-json\/wp\/v2\/product"}],"about":[{"href":"https:\/\/primakorea.com\/en\/wp-json\/wp\/v2\/types\/product"}],"wp:featuredmedia":[{"embeddable":true,"href":"https:\/\/primakorea.com\/en\/wp-json\/wp\/v2\/media\/1207"}],"wp:attachment":[{"href":"https:\/\/primakorea.com\/en\/wp-json\/wp\/v2\/media?parent=1206"}],"wp:term":[{"taxonomy":"product_cat","embeddable":true,"href":"https:\/\/primakorea.com\/en\/wp-json\/wp\/v2\/product_cat?post=1206"},{"taxonomy":"product_tag","embeddable":true,"href":"https:\/\/primakorea.com\/en\/wp-json\/wp\/v2\/product_tag?post=1206"}],"curies":[{"name":"wp","href":"https:\/\/api.w.org\/{rel}","templated":true}]}}