{"id":1214,"date":"2025-12-29T00:05:19","date_gmt":"2025-12-28T21:05:19","guid":{"rendered":"https:\/\/primakorea.com\/?post_type=product&#038;p=1214"},"modified":"2025-12-29T00:08:12","modified_gmt":"2025-12-28T21:08:12","slug":"dr-cpu-nourishing-glow-cream-modeling-mask","status":"publish","type":"product","link":"https:\/\/primakorea.com\/en\/product\/dr-cpu-nourishing-glow-cream-modeling-mask\/","title":{"rendered":"Dr. CPU Nourishing Glow Cream Modeling Mask"},"content":{"rendered":"<h3 data-start=\"0\" data-end=\"64\"><strong data-start=\"4\" data-end=\"64\">Dr. CPU Nourishing Glow Cream Modeling Mask \u2013 60 g + 6 g<\/strong><\/h3>\n<p data-start=\"66\" data-end=\"323\">Korejska <strong data-start=\"75\" data-end=\"106\">kremasta modeliraju\u0107a maska<\/strong> s fokusom na <strong data-start=\"120\" data-end=\"152\">intenzivnu njegu i sjaj ko\u017ee<\/strong>. Kombinacija hranjive kreme i modeliraju\u0107eg praha stvara okluzivni sloj koji poma\u017ee aktivnim sastojcima da dublje djeluju i ostavlja ko\u017eu vidljivo zagla\u0111enom i blistavom.<\/p>\n<p data-start=\"325\" data-end=\"338\"><strong data-start=\"325\" data-end=\"338\">\u0160to radi:<\/strong><\/p>\n<ul data-start=\"340\" data-end=\"498\">\n<li data-start=\"340\" data-end=\"376\">\n<p data-start=\"342\" data-end=\"376\">intenzivno hrani i omek\u0161ava ko\u017eu<\/p>\n<\/li>\n<li data-start=\"377\" data-end=\"420\">\n<p data-start=\"379\" data-end=\"420\">vra\u0107a prirodni sjaj i zdrav izgled tena<\/p>\n<\/li>\n<li data-start=\"421\" data-end=\"458\">\n<p data-start=\"423\" data-end=\"458\">poma\u017ee zagla\u0111ivanju teksture ko\u017ee<\/p>\n<\/li>\n<li data-start=\"459\" data-end=\"498\">\n<p data-start=\"461\" data-end=\"498\">smanjuje osje\u0107aj suho\u0107e i zatezanja<\/p>\n<\/li>\n<\/ul>\n<p data-start=\"500\" data-end=\"521\"><strong data-start=\"500\" data-end=\"521\">Klju\u010dne zna\u010dajke:<\/strong><\/p>\n<ul data-start=\"523\" data-end=\"722\">\n<li data-start=\"523\" data-end=\"590\">\n<p data-start=\"525\" data-end=\"590\"><strong data-start=\"525\" data-end=\"564\">krem + modeliraju\u0107i prah (2 koraka)<\/strong> \u2013 poja\u010dava u\u010dinak njege<\/p>\n<\/li>\n<li data-start=\"591\" data-end=\"635\">\n<p data-start=\"593\" data-end=\"635\">stvara za\u0161titni sloj koji zadr\u017eava vlagu<\/p>\n<\/li>\n<li data-start=\"636\" data-end=\"685\">\n<p data-start=\"638\" data-end=\"685\">idealna za njegu ko\u017ee bez sjaja i umorne ko\u017ee<\/p>\n<\/li>\n<li data-start=\"686\" data-end=\"722\">\n<p data-start=\"688\" data-end=\"722\">profesionalni spa-efekt kod ku\u0107e<\/p>\n<\/li>\n<\/ul>\n<p data-start=\"724\" data-end=\"743\"><strong data-start=\"724\" data-end=\"743\">Kako koristiti:<\/strong><\/p>\n<ol data-start=\"745\" data-end=\"1026\">\n<li data-start=\"745\" data-end=\"812\">\n<p data-start=\"748\" data-end=\"812\">Pomije\u0161ati <strong data-start=\"827\" data-end=\"854\">modeliraju\u0107i prah (6 g)<\/strong> s <strong data-start=\"773\" data-end=\"789\">kremom (60 g)<\/strong> prema uputama.<\/p>\n<\/li>\n<li data-start=\"813\" data-end=\"902\">\n<p data-start=\"816\" data-end=\"902\">Nakon \u010di\u0161\u0107enja, nanijeti \u00a0ravnomjerno na lice.<\/p>\n<\/li>\n<li data-start=\"903\" data-end=\"977\">\n<p data-start=\"906\" data-end=\"977\">Ostaviti 15\u201320 minuta, zatim pa\u017eljivo ukloniti masku.<\/p>\n<\/li>\n<li data-start=\"978\" data-end=\"1026\">\n<p data-start=\"981\" data-end=\"1026\">Po potrebi nje\u017eno utapkati ostatke proizvoda.<\/p>\n<\/li>\n<\/ol>\n<p data-start=\"1028\" data-end=\"1043\"><strong data-start=\"1028\" data-end=\"1043\">Za koga je:<\/strong><\/p>\n<ul data-start=\"1045\" data-end=\"1168\">\n<li data-start=\"1045\" data-end=\"1072\">\n<p data-start=\"1047\" data-end=\"1072\">suha i dehidrirana ko\u017ea<\/p>\n<\/li>\n<li data-start=\"1073\" data-end=\"1091\">\n<p data-start=\"1075\" data-end=\"1091\">ko\u017ea bez sjaja<\/p>\n<\/li>\n<li data-start=\"1092\" data-end=\"1120\">\n<p data-start=\"1094\" data-end=\"1120\">umorna i iscrpljena ko\u017ea<\/p>\n<\/li>\n<li data-start=\"1121\" data-end=\"1168\">\n<p data-start=\"1123\" data-end=\"1168\">svi tipovi ko\u017ee kojima treba hranjiva njega<\/p>\n<\/li>\n<\/ul>\n<p data-start=\"1170\" data-end=\"1222\" data-is-last-node=\"\" data-is-only-node=\"\"><strong data-start=\"1170\" data-end=\"1184\">Pakiranje:<\/strong> 60 g + 6 g<br data-start=\"1195\" data-end=\"1198\" \/><strong data-start=\"1198\" data-end=\"1222\" data-is-last-node=\"\">Proizvedeno u Koreji<\/strong><\/p>\n","protected":false},"excerpt":{"rendered":"<h3 data-start=\"0\" data-end=\"64\"><strong data-start=\"4\" data-end=\"64\">Dr. CPU Nourishing Glow Cream Modeling Mask \u2013 60 g + 6 g<\/strong><\/h3>\n<p data-start=\"66\" data-end=\"323\">Korejska <strong data-start=\"75\" data-end=\"106\">kremasta modeliraju\u0107a maska<\/strong> s fokusom na <strong data-start=\"120\" data-end=\"152\">intenzivnu njegu i sjaj ko\u017ee<\/strong>. Kombinacija hranjive kreme i modeliraju\u0107eg praha stvara okluzivni sloj koji poma\u017ee aktivnim sastojcima da dublje djeluju i ostavlja ko\u017eu vidljivo zagla\u0111enom i blistavom.<\/p>\n<p data-start=\"325\" data-end=\"338\"><strong data-start=\"325\" data-end=\"338\">\u0160to radi:<\/strong><\/p>\n<ul data-start=\"340\" data-end=\"498\">\n<li data-start=\"340\" data-end=\"376\">\n<p data-start=\"342\" data-end=\"376\">intenzivno hrani i omek\u0161ava ko\u017eu<\/p>\n<\/li>\n<li data-start=\"377\" data-end=\"420\">\n<p data-start=\"379\" data-end=\"420\">vra\u0107a prirodni sjaj i zdrav izgled tena<\/p>\n<\/li>\n<li data-start=\"421\" data-end=\"458\">\n<p data-start=\"423\" data-end=\"458\">poma\u017ee zagla\u0111ivanju teksture ko\u017ee<\/p>\n<\/li>\n<li data-start=\"459\" data-end=\"498\">\n<p data-start=\"461\" data-end=\"498\">smanjuje osje\u0107aj suho\u0107e i zatezanja<\/p>\n<\/li>\n<\/ul>\n","protected":false},"featured_media":1216,"template":"","meta":{"site-container-style":"default","site-container-layout":"default","site-sidebar-layout":"default","site-transparent-header":"default","disable-article-header":"default","disable-site-header":"default","disable-site-footer":"default","disable-content-area-spacing":"default"},"product_cat":[41,18],"product_tag":[43],"class_list":{"0":"post-1214","1":"product","2":"type-product","3":"status-publish","4":"has-post-thumbnail","6":"product_cat-skincare-sets","7":"product_cat-mask","8":"product_tag-dostupno","10":"first","11":"instock","12":"taxable","13":"shipping-taxable","14":"purchasable","15":"product-type-simple"},"_links":{"self":[{"href":"https:\/\/primakorea.com\/en\/wp-json\/wp\/v2\/product\/1214","targetHints":{"allow":["GET"]}}],"collection":[{"href":"https:\/\/primakorea.com\/en\/wp-json\/wp\/v2\/product"}],"about":[{"href":"https:\/\/primakorea.com\/en\/wp-json\/wp\/v2\/types\/product"}],"wp:featuredmedia":[{"embeddable":true,"href":"https:\/\/primakorea.com\/en\/wp-json\/wp\/v2\/media\/1216"}],"wp:attachment":[{"href":"https:\/\/primakorea.com\/en\/wp-json\/wp\/v2\/media?parent=1214"}],"wp:term":[{"taxonomy":"product_cat","embeddable":true,"href":"https:\/\/primakorea.com\/en\/wp-json\/wp\/v2\/product_cat?post=1214"},{"taxonomy":"product_tag","embeddable":true,"href":"https:\/\/primakorea.com\/en\/wp-json\/wp\/v2\/product_tag?post=1214"}],"curies":[{"name":"wp","href":"https:\/\/api.w.org\/{rel}","templated":true}]}}