{"id":1220,"date":"2025-12-29T00:23:54","date_gmt":"2025-12-28T21:23:54","guid":{"rendered":"https:\/\/primakorea.com\/?post_type=product&#038;p=1220"},"modified":"2025-12-29T00:23:54","modified_gmt":"2025-12-28T21:23:54","slug":"hatherine-spot-care-patch-red-spots-24kom","status":"publish","type":"product","link":"https:\/\/primakorea.com\/en\/product\/hatherine-spot-care-patch-red-spots-24kom\/","title":{"rendered":"Hatherine Spot Care Patch \u2013 Red Spots (24kom)"},"content":{"rendered":"<p data-start=\"46\" data-end=\"220\">Korejski<strong data-start=\"55\" data-end=\"93\">\u00a0flasteri za ciljanu njegu<\/strong> problemati\u010dnih podru\u010dja s crvenim pri\u0161ti\u0107ima i upalnim reakcijama ko\u017ee. Prakti\u010dno rje\u0161enje za brzu njegu i smanjenje crvenila.<\/p>\n<p data-start=\"222\" data-end=\"235\"><strong data-start=\"222\" data-end=\"235\">\u0160to rade:<\/strong><\/p>\n<ul data-start=\"237\" data-end=\"412\">\n<li data-start=\"237\" data-end=\"285\">\n<p data-start=\"239\" data-end=\"285\">smanjuju crvenilo i vidljive upalne pri\u0161ti\u0107e<\/p>\n<\/li>\n<li data-start=\"286\" data-end=\"322\">\n<p data-start=\"288\" data-end=\"322\">\u0161tite ko\u017eu od vanjskih iritacija<\/p>\n<\/li>\n<li data-start=\"323\" data-end=\"357\">\n<p data-start=\"325\" data-end=\"357\">poti\u010du br\u017ee zacjeljivanje ko\u017ee<\/p>\n<\/li>\n<li data-start=\"358\" data-end=\"412\">\n<p data-start=\"360\" data-end=\"412\">diskretni i prozirni \u2013 mogu se nositi tijekom dana<\/p>\n<\/li>\n<\/ul>\n<div class=\"flex max-w-full flex-col grow\">\n<div class=\"min-h-8 text-message relative flex w-full flex-col items-end gap-2 text-start break-words whitespace-normal [.text-message+&#038;]:mt-1\" dir=\"auto\" data-message-author-role=\"assistant\" data-message-id=\"e0daf957-02b7-4085-bbf1-099fc5df8393\" data-message-model-slug=\"gpt-5-mini\">\n<div class=\"flex w-full flex-col gap-1 empty:hidden first:pt-[1px]\">\n<div class=\"markdown prose dark:prose-invert w-full break-words light markdown-new-styling\">\n<p data-start=\"414\" data-end=\"435\"><strong data-start=\"414\" data-end=\"435\">Klju\u010dne zna\u010dajke:<\/strong><\/p>\n<ul data-start=\"437\" data-end=\"626\">\n<li data-start=\"437\" data-end=\"512\">\n<p data-start=\"439\" data-end=\"512\">nje\u017eno prianja na ko\u017eu i dr\u017ei aktivne sastojke na mjestu<\/p>\n<\/li>\n<li data-start=\"513\" data-end=\"554\">\n<p data-start=\"515\" data-end=\"554\">ciljano djelovanje na upalna podru\u010dja<\/p>\n<\/li>\n<li data-start=\"555\" data-end=\"601\">\n<p data-start=\"557\" data-end=\"601\">prakti\u010dno pakiranje za vi\u0161ekratnu upotrebu<\/p>\n<\/li>\n<li data-start=\"602\" data-end=\"626\">\n<p data-start=\"604\" data-end=\"626\">prozirni i diskretni<\/p>\n<\/li>\n<\/ul>\n<p data-start=\"628\" data-end=\"797\"><strong data-start=\"628\" data-end=\"647\">Kako koristiti:<\/strong><br data-start=\"647\" data-end=\"650\" \/>Nanesite flaster direktno na pri\u0161ti\u0107 ili crveno podru\u010dje. Ostavite da djeluje nekoliko sati ili preko no\u0107i. Nakon uklanjanja, nje\u017eno o\u010distite ko\u017eu.<\/p>\n<p data-start=\"799\" data-end=\"814\"><strong data-start=\"799\" data-end=\"814\">Za koga je:<\/strong><\/p>\n<ul data-start=\"816\" data-end=\"930\">\n<li data-start=\"816\" data-end=\"841\">\n<p data-start=\"818\" data-end=\"841\">ko\u017ea sklon pri\u0161ti\u0107ima<\/p>\n<\/li>\n<li data-start=\"842\" data-end=\"872\">\n<p data-start=\"844\" data-end=\"872\">crveni i upaljeni pri\u0161ti\u0107i<\/p>\n<\/li>\n<li data-start=\"873\" data-end=\"892\">\n<p data-start=\"875\" data-end=\"892\">svi tipovi ko\u017ee<\/p>\n<\/li>\n<li data-start=\"893\" data-end=\"930\">\n<p data-start=\"895\" data-end=\"930\">idealno za brzu i diskretnu njegu<\/p>\n<\/li>\n<\/ul>\n<p data-start=\"932\" data-end=\"1006\" data-is-last-node=\"\" data-is-only-node=\"\"><strong data-start=\"932\" data-end=\"946\">Pakiranje:<\/strong> 24kom (11mm x 12kom +14mm x 12kom)<br data-start=\"979\" data-end=\"982\" \/><strong data-start=\"982\" data-end=\"1006\" data-is-last-node=\"\">Proizvedeno u Koreji<\/strong><\/p>\n<\/div>\n<\/div>\n<\/div>\n<\/div>\n<div class=\"z-0 flex min-h-[46px] justify-start\"><\/div>\n<div class=\"border-token-border-light my-2 flex gap-10 border-t pt-4\">\n<div class=\"flex items-center justify-center overflow-hidden h-12 w-12 rounded-lg\"><\/div>\n<\/div>\n","protected":false},"excerpt":{"rendered":"<p>Korejski\u00a0flasteri za ciljanu njegu problemati\u010dnih podru\u010dja s crvenim pri\u0161ti\u0107ima i upalnim reakcijama ko\u017ee. Prakti\u010dno rje\u0161enje za brzu njegu i smanjenje crvenila. \u0160to rade: smanjuju crvenilo i vidljive upalne pri\u0161ti\u0107e \u0161tite ko\u017eu od vanjskih iritacija poti\u010du br\u017ee zacjeljivanje ko\u017ee diskretni i prozirni \u2013 mogu se nositi tijekom dana Klju\u010dne zna\u010dajke: nje\u017eno prianja na ko\u017eu i dr\u017ei [&hellip;]<\/p>\n","protected":false},"featured_media":1221,"template":"","meta":{"site-container-style":"default","site-container-layout":"default","site-sidebar-layout":"default","site-transparent-header":"default","disable-article-header":"default","disable-site-header":"default","disable-site-footer":"default","disable-content-area-spacing":"default"},"product_cat":[19,20],"product_tag":[43],"class_list":{"0":"post-1220","1":"product","2":"type-product","3":"status-publish","4":"has-post-thumbnail","6":"product_cat-blackhead-patches","7":"product_cat-redpatch","8":"product_tag-dostupno","10":"first","11":"instock","12":"taxable","13":"shipping-taxable","14":"purchasable","15":"product-type-simple"},"_links":{"self":[{"href":"https:\/\/primakorea.com\/en\/wp-json\/wp\/v2\/product\/1220","targetHints":{"allow":["GET"]}}],"collection":[{"href":"https:\/\/primakorea.com\/en\/wp-json\/wp\/v2\/product"}],"about":[{"href":"https:\/\/primakorea.com\/en\/wp-json\/wp\/v2\/types\/product"}],"wp:featuredmedia":[{"embeddable":true,"href":"https:\/\/primakorea.com\/en\/wp-json\/wp\/v2\/media\/1221"}],"wp:attachment":[{"href":"https:\/\/primakorea.com\/en\/wp-json\/wp\/v2\/media?parent=1220"}],"wp:term":[{"taxonomy":"product_cat","embeddable":true,"href":"https:\/\/primakorea.com\/en\/wp-json\/wp\/v2\/product_cat?post=1220"},{"taxonomy":"product_tag","embeddable":true,"href":"https:\/\/primakorea.com\/en\/wp-json\/wp\/v2\/product_tag?post=1220"}],"curies":[{"name":"wp","href":"https:\/\/api.w.org\/{rel}","templated":true}]}}