{"id":1224,"date":"2025-12-29T00:29:18","date_gmt":"2025-12-28T21:29:18","guid":{"rendered":"https:\/\/primakorea.com\/?post_type=product&#038;p=1224"},"modified":"2025-12-29T00:30:04","modified_gmt":"2025-12-28T21:30:04","slug":"madeca21-clear-spot-cure-patch-24-kom","status":"publish","type":"product","link":"https:\/\/primakorea.com\/en\/product\/madeca21-clear-spot-cure-patch-24-kom\/","title":{"rendered":"Madeca21 Clear Spot Cure Patch \u2013 24 kom"},"content":{"rendered":"<p data-start=\"51\" data-end=\"256\">Korejski <strong data-start=\"60\" data-end=\"118\">flasteri za pri\u0161ti\u0107e i problemati\u010dna podru\u010dja<\/strong>, dizajnirani za ciljano smanjenje crvenila i ubrzavanje zacjeljivanja ko\u017ee. Prakti\u010dno rje\u0161enje za svakodnevnu njegu problemati\u010dne ko\u017ee.<\/p>\n<p data-start=\"258\" data-end=\"273\"><strong data-start=\"258\" data-end=\"271\">\u0160to rade:<\/strong><\/p>\n<ul data-start=\"275\" data-end=\"459\">\n<li data-start=\"275\" data-end=\"313\">\n<p data-start=\"277\" data-end=\"313\">smanjuju crvenilo i upalu pri\u0161ti\u0107a<\/p>\n<\/li>\n<li data-start=\"314\" data-end=\"350\">\n<p data-start=\"316\" data-end=\"350\">\u0161tite ko\u017eu od vanjskih iritacija<\/p>\n<\/li>\n<li data-start=\"351\" data-end=\"401\">\n<p data-start=\"353\" data-end=\"401\">poma\u017eu br\u017eem zacjeljivanju i regeneraciji ko\u017ee<\/p>\n<\/li>\n<li data-start=\"402\" data-end=\"459\">\n<p data-start=\"404\" data-end=\"459\">diskretni i prozirni, pogodni za no\u0161enje tijekom dana<\/p>\n<\/li>\n<\/ul>\n<p data-start=\"461\" data-end=\"484\"><strong data-start=\"461\" data-end=\"482\">Klju\u010dne zna\u010dajke:<\/strong><\/p>\n<ul data-start=\"486\" data-end=\"709\">\n<li data-start=\"486\" data-end=\"582\">\n<p data-start=\"488\" data-end=\"582\">nje\u017eno prianja na ko\u017eu i osigurava kontinuirano djelovanje aktivnih sastojaka<\/p>\n<\/li>\n<li data-start=\"583\" data-end=\"621\">\n<p data-start=\"585\" data-end=\"621\">ciljano djelovanje na upalne to\u010dke<\/p>\n<\/li>\n<li data-start=\"622\" data-end=\"663\">\n<p data-start=\"624\" data-end=\"663\">prakti\u010dno pakiranje s <strong data-start=\"646\" data-end=\"661\">24 flastera<\/strong><\/p>\n<\/li>\n<li data-start=\"664\" data-end=\"709\">\n<p data-start=\"666\" data-end=\"709\">prozirni i diskretni, neprimjetni na ko\u017ei<\/p>\n<\/li>\n<\/ul>\n<p data-start=\"711\" data-end=\"868\"><strong data-start=\"711\" data-end=\"730\">Kako koristiti:<\/strong><br data-start=\"730\" data-end=\"733\" \/>Nanesite flaster direktno na pri\u0161ti\u0107 ili crveno podru\u010dje. Ostavite nekoliko sati ili preko no\u0107i. Nakon uklanjanja nje\u017eno o\u010distite ko\u017eu.<\/p>\n<p data-start=\"870\" data-end=\"887\"><strong data-start=\"870\" data-end=\"885\">Za koga je:<\/strong><\/p>\n<ul data-start=\"889\" data-end=\"1013\">\n<li data-start=\"889\" data-end=\"915\">\n<p data-start=\"891\" data-end=\"915\">ko\u017ea sklona pri\u0161ti\u0107ima<\/p>\n<\/li>\n<li data-start=\"916\" data-end=\"946\">\n<p data-start=\"918\" data-end=\"946\">crveni i upaljeni pri\u0161ti\u0107i<\/p>\n<\/li>\n<li data-start=\"947\" data-end=\"966\">\n<p data-start=\"949\" data-end=\"966\">svi tipovi ko\u017ee<\/p>\n<\/li>\n<li data-start=\"967\" data-end=\"1013\">\n<p data-start=\"969\" data-end=\"1013\">idealno za brzu, ciljanu i diskretnu njegu<\/p>\n<\/li>\n<\/ul>\n<p data-start=\"1015\" data-end=\"1063\" data-is-last-node=\"\" data-is-only-node=\"\"><strong data-start=\"1015\" data-end=\"1029\">Pakiranje:<\/strong> 24 kom<br data-start=\"1036\" data-end=\"1039\" \/><strong data-start=\"1039\" data-end=\"1063\" data-is-last-node=\"\">Proizvedeno u Koreji<\/strong><\/p>\n","protected":false},"excerpt":{"rendered":"<p data-start=\"51\" data-end=\"256\">Korejski <strong data-start=\"60\" data-end=\"118\">flasteri za pri\u0161ti\u0107e i problemati\u010dna podru\u010dja<\/strong>, dizajnirani za ciljano smanjenje crvenila i ubrzavanje zacjeljivanja ko\u017ee. Prakti\u010dno rje\u0161enje za svakodnevnu njegu problemati\u010dne ko\u017ee.<\/p>\n<p data-start=\"258\" data-end=\"273\"><strong data-start=\"258\" data-end=\"271\">\u0160to rade:<\/strong><\/p>\n<ul data-start=\"275\" data-end=\"459\">\n<li data-start=\"275\" data-end=\"313\">\n<p data-start=\"277\" data-end=\"313\">smanjuju crvenilo i upalu pri\u0161ti\u0107a<\/p>\n<\/li>\n<li data-start=\"314\" data-end=\"350\">\n<p data-start=\"316\" data-end=\"350\">\u0161tite ko\u017eu od vanjskih iritacija<\/p>\n<\/li>\n<li data-start=\"351\" data-end=\"401\">\n<p data-start=\"353\" data-end=\"401\">poma\u017eu br\u017eem zacjeljivanju i regeneraciji ko\u017ee<\/p>\n<\/li>\n<li data-start=\"402\" data-end=\"459\">\n<p data-start=\"404\" data-end=\"459\">diskretni i prozirni, pogodni za no\u0161enje tijekom dana<\/p>\n<\/li>\n<\/ul>\n","protected":false},"featured_media":1225,"template":"","meta":{"site-container-style":"default","site-container-layout":"default","site-sidebar-layout":"default","site-transparent-header":"default","disable-article-header":"default","disable-site-header":"default","disable-site-footer":"default","disable-content-area-spacing":"default"},"product_cat":[20],"product_tag":[43],"class_list":{"0":"post-1224","1":"product","2":"type-product","3":"status-publish","4":"has-post-thumbnail","6":"product_cat-redpatch","7":"product_tag-dostupno","9":"first","10":"instock","11":"taxable","12":"shipping-taxable","13":"purchasable","14":"product-type-simple"},"_links":{"self":[{"href":"https:\/\/primakorea.com\/en\/wp-json\/wp\/v2\/product\/1224","targetHints":{"allow":["GET"]}}],"collection":[{"href":"https:\/\/primakorea.com\/en\/wp-json\/wp\/v2\/product"}],"about":[{"href":"https:\/\/primakorea.com\/en\/wp-json\/wp\/v2\/types\/product"}],"wp:featuredmedia":[{"embeddable":true,"href":"https:\/\/primakorea.com\/en\/wp-json\/wp\/v2\/media\/1225"}],"wp:attachment":[{"href":"https:\/\/primakorea.com\/en\/wp-json\/wp\/v2\/media?parent=1224"}],"wp:term":[{"taxonomy":"product_cat","embeddable":true,"href":"https:\/\/primakorea.com\/en\/wp-json\/wp\/v2\/product_cat?post=1224"},{"taxonomy":"product_tag","embeddable":true,"href":"https:\/\/primakorea.com\/en\/wp-json\/wp\/v2\/product_tag?post=1224"}],"curies":[{"name":"wp","href":"https:\/\/api.w.org\/{rel}","templated":true}]}}