{"id":1227,"date":"2025-12-29T00:34:47","date_gmt":"2025-12-28T21:34:47","guid":{"rendered":"https:\/\/primakorea.com\/?post_type=product&#038;p=1227"},"modified":"2025-12-29T00:35:39","modified_gmt":"2025-12-28T21:35:39","slug":"withderm-skin-cover-3-sizes-44-kom","status":"publish","type":"product","link":"https:\/\/primakorea.com\/en\/product\/withderm-skin-cover-3-sizes-44-kom\/","title":{"rendered":"Withderm Skin Cover (3 sizes) &#8211; 44 kom"},"content":{"rendered":"<p data-start=\"39\" data-end=\"239\">Korejski<strong data-start=\"48\" data-end=\"96\">\u00a0flasteri za pokrivanje i njegu ko\u017ee<\/strong>, dizajnirani za za\u0161titu problemati\u010dnih podru\u010dja i ubrzavanje zacjeljivanja pri\u0161ti\u0107a i crvenila. Prakti\u010dno pakiranje za svakodnevnu upotrebu.<\/p>\n<p data-start=\"241\" data-end=\"256\"><strong data-start=\"241\" data-end=\"254\">\u0160to rade:<\/strong><\/p>\n<ul data-start=\"258\" data-end=\"453\">\n<li data-start=\"258\" data-end=\"319\">\n<p data-start=\"260\" data-end=\"319\">\u0161tite ko\u017eu i smanjuju kontakt s bakterijama i ne\u010disto\u0107ama<\/p>\n<\/li>\n<li data-start=\"320\" data-end=\"356\">\n<p data-start=\"322\" data-end=\"356\">poma\u017eu smanjiti crvenilo i upalu<\/p>\n<\/li>\n<li data-start=\"357\" data-end=\"395\">\n<p data-start=\"359\" data-end=\"395\">poti\u010du br\u017ee zacjeljivanje pri\u0161ti\u0107a<\/p>\n<\/li>\n<li data-start=\"396\" data-end=\"453\">\n<p data-start=\"398\" data-end=\"453\">diskretni i prozirni, idealni za no\u0161enje tijekom dana<\/p>\n<\/li>\n<\/ul>\n<p data-start=\"455\" data-end=\"478\"><strong data-start=\"455\" data-end=\"476\">Klju\u010dne zna\u010dajke:<\/strong><\/p>\n<ul data-start=\"480\" data-end=\"682\">\n<li data-start=\"480\" data-end=\"545\">\n<p data-start=\"482\" data-end=\"545\">nje\u017eno prianja i pru\u017ea kontinuirano djelovanje<\/p>\n<\/li>\n<li data-start=\"546\" data-end=\"605\">\n<p data-start=\"548\" data-end=\"605\">ciljano djelovanje na pri\u0161ti\u0107e i problemati\u010dna podru\u010dja<\/p>\n<\/li>\n<li data-start=\"606\" data-end=\"647\">\n<p data-start=\"608\" data-end=\"647\">prakti\u010dno pakiranje s <strong data-start=\"630\" data-end=\"645\">44 flastera<\/strong><\/p>\n<\/li>\n<li data-start=\"648\" data-end=\"682\">\n<p data-start=\"650\" data-end=\"682\">prozirni i neprimjetni na ko\u017ei<\/p>\n<\/li>\n<\/ul>\n<p data-start=\"684\" data-end=\"854\"><strong data-start=\"684\" data-end=\"703\">Kako koristiti:<\/strong><br data-start=\"703\" data-end=\"706\" \/>Nanesite flaster direktno na pri\u0161ti\u0107 ili crveno podru\u010dje. Ostavite da djeluje nekoliko sati ili preko no\u0107i. Nakon uklanjanja nje\u017eno o\u010distite ko\u017eu.<\/p>\n<p data-start=\"856\" data-end=\"873\"><strong data-start=\"856\" data-end=\"871\">Za koga je:<\/strong><\/p>\n<ul data-start=\"875\" data-end=\"990\">\n<li data-start=\"875\" data-end=\"901\">\n<p data-start=\"877\" data-end=\"901\">ko\u017ea sklona pri\u0161ti\u0107ima<\/p>\n<\/li>\n<li data-start=\"902\" data-end=\"932\">\n<p data-start=\"904\" data-end=\"932\">crveni i upaljeni pri\u0161ti\u0107i<\/p>\n<\/li>\n<li data-start=\"933\" data-end=\"952\">\n<p data-start=\"935\" data-end=\"952\">svi tipovi ko\u017ee<\/p>\n<\/li>\n<li data-start=\"953\" data-end=\"990\">\n<p data-start=\"955\" data-end=\"990\">idealno za brzu i diskretnu njegu<\/p>\n<\/li>\n<\/ul>\n<p data-start=\"992\" data-end=\"1040\" data-is-last-node=\"\" data-is-only-node=\"\"><strong data-start=\"992\" data-end=\"1006\">Pakiranje:<\/strong> 44 kom<br data-start=\"1013\" data-end=\"1016\" \/><strong data-start=\"1016\" data-end=\"1040\" data-is-last-node=\"\">Proizvedeno u Koreji<\/strong><\/p>\n","protected":false},"excerpt":{"rendered":"<p data-start=\"39\" data-end=\"239\">Korejski <strong data-start=\"48\" data-end=\"96\">hidrogel flasteri za pokrivanje i njegu ko\u017ee<\/strong>, dizajnirani za za\u0161titu problemati\u010dnih podru\u010dja i ubrzavanje zacjeljivanja pri\u0161ti\u0107a i crvenila. Prakti\u010dno pakiranje za svakodnevnu upotrebu.<\/p>\n<p data-start=\"241\" data-end=\"256\"><strong data-start=\"241\" data-end=\"254\">\u0160to rade:<\/strong><\/p>\n<ul data-start=\"258\" data-end=\"453\">\n<li data-start=\"258\" data-end=\"319\">\n<p data-start=\"260\" data-end=\"319\">\u0161tite ko\u017eu i smanjuju kontakt s bakterijama i ne\u010disto\u0107ama<\/p>\n<\/li>\n<li data-start=\"320\" data-end=\"356\">\n<p data-start=\"322\" data-end=\"356\">poma\u017eu smanjiti crvenilo i upalu<\/p>\n<\/li>\n<li data-start=\"357\" data-end=\"395\">\n<p data-start=\"359\" data-end=\"395\">poti\u010du br\u017ee zacjeljivanje pri\u0161ti\u0107a<\/p>\n<\/li>\n<li data-start=\"396\" data-end=\"453\">\n<p data-start=\"398\" data-end=\"453\">diskretni i prozirni, idealni za no\u0161enje tijekom dana<\/p>\n<\/li>\n<\/ul>\n","protected":false},"featured_media":1228,"template":"","meta":{"site-container-style":"default","site-container-layout":"default","site-sidebar-layout":"default","site-transparent-header":"default","disable-article-header":"default","disable-site-header":"default","disable-site-footer":"default","disable-content-area-spacing":"default"},"product_cat":[19,20],"product_tag":[43],"class_list":{"0":"post-1227","1":"product","2":"type-product","3":"status-publish","4":"has-post-thumbnail","6":"product_cat-blackhead-patches","7":"product_cat-redpatch","8":"product_tag-dostupno","10":"first","11":"instock","12":"taxable","13":"shipping-taxable","14":"purchasable","15":"product-type-simple"},"_links":{"self":[{"href":"https:\/\/primakorea.com\/en\/wp-json\/wp\/v2\/product\/1227","targetHints":{"allow":["GET"]}}],"collection":[{"href":"https:\/\/primakorea.com\/en\/wp-json\/wp\/v2\/product"}],"about":[{"href":"https:\/\/primakorea.com\/en\/wp-json\/wp\/v2\/types\/product"}],"wp:featuredmedia":[{"embeddable":true,"href":"https:\/\/primakorea.com\/en\/wp-json\/wp\/v2\/media\/1228"}],"wp:attachment":[{"href":"https:\/\/primakorea.com\/en\/wp-json\/wp\/v2\/media?parent=1227"}],"wp:term":[{"taxonomy":"product_cat","embeddable":true,"href":"https:\/\/primakorea.com\/en\/wp-json\/wp\/v2\/product_cat?post=1227"},{"taxonomy":"product_tag","embeddable":true,"href":"https:\/\/primakorea.com\/en\/wp-json\/wp\/v2\/product_tag?post=1227"}],"curies":[{"name":"wp","href":"https:\/\/api.w.org\/{rel}","templated":true}]}}