{"id":1251,"date":"2025-12-29T01:13:10","date_gmt":"2025-12-28T22:13:10","guid":{"rendered":"https:\/\/primakorea.com\/?post_type=product&#038;p=1251"},"modified":"2026-04-14T10:59:24","modified_gmt":"2026-04-14T07:59:24","slug":"beauty-of-joseon-green-plum-refreshing-cleanser","status":"publish","type":"product","link":"https:\/\/primakorea.com\/en\/product\/beauty-of-joseon-green-plum-refreshing-cleanser\/","title":{"rendered":"Beauty of Joseon Green Plum Refreshing Cleanser"},"content":{"rendered":"<h3 data-start=\"0\" data-end=\"66\"><strong data-start=\"4\" data-end=\"64\">Beauty of Joseon Green Plum Refreshing Cleanser \u2013 150 ml<\/strong><\/h3>\n<p data-start=\"68\" data-end=\"255\">Korejski <strong data-start=\"77\" data-end=\"106\">osvje\u017eavaju\u0107i \u010dista\u010d lica<\/strong> s ekstraktom <strong data-start=\"120\" data-end=\"137\">zelene \u0161ljive<\/strong>, namijenjen nje\u017enom \u010di\u0161\u0107enju i osvje\u017eenju ko\u017ee. Idealno za svakodnevnu upotrebu, posebno za masnu i mje\u0161ovitu ko\u017eu.<\/p>\n<p data-start=\"257\" data-end=\"272\"><strong data-start=\"257\" data-end=\"270\">\u0160to radi:<\/strong><\/p>\n<ul data-start=\"274\" data-end=\"411\">\n<li data-start=\"274\" data-end=\"310\">\n<p data-start=\"276\" data-end=\"310\">uklanja ne\u010disto\u0107e i vi\u0161ak sebuma<\/p>\n<\/li>\n<li data-start=\"311\" data-end=\"344\">\n<p data-start=\"313\" data-end=\"344\">osvje\u017eava i revitalizira ko\u017eu<\/p>\n<\/li>\n<li data-start=\"345\" data-end=\"376\">\n<p data-start=\"347\" data-end=\"376\">poma\u017ee u ujedna\u010davanju tena<\/p>\n<\/li>\n<li data-start=\"377\" data-end=\"411\">\n<p data-start=\"379\" data-end=\"411\">ostavlja ko\u017eu \u010distom i laganom<\/p>\n<\/li>\n<\/ul>\n<p data-start=\"413\" data-end=\"436\"><strong data-start=\"413\" data-end=\"434\">Klju\u010dne zna\u010dajke:<\/strong><\/p>\n<ul data-start=\"438\" data-end=\"658\">\n<li data-start=\"438\" data-end=\"506\">\n<p data-start=\"440\" data-end=\"506\"><strong data-start=\"440\" data-end=\"466\">Ekstrakt zelene \u0161ljive<\/strong> \u2013 osvje\u017eava i djeluje antioksidativno<\/p>\n<\/li>\n<li data-start=\"507\" data-end=\"557\">\n<p data-start=\"509\" data-end=\"557\">blaga formula \u2013 temeljito \u010disti bez isu\u0161ivanja<\/p>\n<\/li>\n<li data-start=\"558\" data-end=\"603\">\n<p data-start=\"560\" data-end=\"603\">pogodno za masnu, mje\u0161ovitu i umornu ko\u017eu<\/p>\n<\/li>\n<li data-start=\"604\" data-end=\"658\">\n<p data-start=\"606\" data-end=\"658\">prakti\u010dna bo\u010dica od 150 ml za svakodnevnu upotrebu<\/p>\n<\/li>\n<\/ul>\n<p data-start=\"660\" data-end=\"772\"><strong data-start=\"660\" data-end=\"679\">Kako koristiti:<\/strong><br data-start=\"679\" data-end=\"682\" \/>Nanesite malu koli\u010dinu na vla\u017eno lice, nje\u017eno umasirajte, a zatim isperite toplom vodom.<\/p>\n<p data-start=\"774\" data-end=\"791\"><strong data-start=\"774\" data-end=\"789\">Za koga je:<\/strong><\/p>\n<ul data-start=\"793\" data-end=\"903\">\n<li data-start=\"793\" data-end=\"819\">\n<p data-start=\"795\" data-end=\"819\">masna i mje\u0161ovita ko\u017ea<\/p>\n<\/li>\n<li data-start=\"820\" data-end=\"847\">\n<p data-start=\"822\" data-end=\"847\">umorna i be\u017eivotna ko\u017ea<\/p>\n<\/li>\n<li data-start=\"848\" data-end=\"903\">\n<p data-start=\"850\" data-end=\"903\">svi tipovi ko\u017ee koji trebaju osvje\u017eavaju\u0107e \u010di\u0161\u0107enje<\/p>\n<\/li>\n<\/ul>\n<p data-start=\"905\" data-end=\"953\" data-is-last-node=\"\" data-is-only-node=\"\"><strong data-start=\"905\" data-end=\"919\">Pakiranje:<\/strong> 150 ml<br data-start=\"926\" data-end=\"929\" \/><strong data-start=\"929\" data-end=\"953\" data-is-last-node=\"\">Proizvedeno u Koreji<\/strong><\/p>\n","protected":false},"excerpt":{"rendered":"<h3 data-start=\"0\" data-end=\"66\"><strong data-start=\"4\" data-end=\"64\">Beauty of Joseon Green Plum Refreshing Cleanser \u2013 150 ml<\/strong><\/h3>\n<p data-start=\"68\" data-end=\"255\">Korejski <strong data-start=\"77\" data-end=\"106\">osvje\u017eavaju\u0107i \u010dista\u010d lica<\/strong> s ekstraktom <strong data-start=\"120\" data-end=\"137\">zelene \u0161ljive<\/strong>, namijenjen nje\u017enom \u010di\u0161\u0107enju i osvje\u017eenju ko\u017ee. Idealno za svakodnevnu upotrebu, posebno za masnu i mje\u0161ovitu ko\u017eu.<\/p>\n<p data-start=\"257\" data-end=\"272\"><strong data-start=\"257\" data-end=\"270\">\u0160to radi:<\/strong><\/p>\n<ul data-start=\"274\" data-end=\"411\">\n<li data-start=\"274\" data-end=\"310\">\n<p data-start=\"276\" data-end=\"310\">uklanja ne\u010disto\u0107e i vi\u0161ak sebuma<\/p>\n<\/li>\n<li data-start=\"311\" data-end=\"344\">\n<p data-start=\"313\" data-end=\"344\">osvje\u017eava i revitalizira ko\u017eu<\/p>\n<\/li>\n<li data-start=\"345\" data-end=\"376\">\n<p data-start=\"347\" data-end=\"376\">poma\u017ee u ujedna\u010davanju tena<\/p>\n<\/li>\n<li data-start=\"377\" data-end=\"411\">\n<p data-start=\"379\" data-end=\"411\">ostavlja ko\u017eu \u010distom i laganom<\/p>\n<\/li>\n<\/ul>\n","protected":false},"featured_media":1252,"template":"","meta":{"site-container-style":"default","site-container-layout":"default","site-sidebar-layout":"default","site-transparent-header":"default","disable-article-header":"default","disable-site-header":"default","disable-site-footer":"default","disable-content-area-spacing":"default"},"product_cat":[31],"product_tag":[43],"class_list":{"0":"post-1251","1":"product","2":"type-product","3":"status-publish","4":"has-post-thumbnail","6":"product_cat-cleanser","7":"product_tag-dostupno","9":"first","10":"onbackorder","11":"taxable","12":"shipping-taxable","13":"purchasable","14":"product-type-simple"},"_links":{"self":[{"href":"https:\/\/primakorea.com\/en\/wp-json\/wp\/v2\/product\/1251","targetHints":{"allow":["GET"]}}],"collection":[{"href":"https:\/\/primakorea.com\/en\/wp-json\/wp\/v2\/product"}],"about":[{"href":"https:\/\/primakorea.com\/en\/wp-json\/wp\/v2\/types\/product"}],"wp:featuredmedia":[{"embeddable":true,"href":"https:\/\/primakorea.com\/en\/wp-json\/wp\/v2\/media\/1252"}],"wp:attachment":[{"href":"https:\/\/primakorea.com\/en\/wp-json\/wp\/v2\/media?parent=1251"}],"wp:term":[{"taxonomy":"product_cat","embeddable":true,"href":"https:\/\/primakorea.com\/en\/wp-json\/wp\/v2\/product_cat?post=1251"},{"taxonomy":"product_tag","embeddable":true,"href":"https:\/\/primakorea.com\/en\/wp-json\/wp\/v2\/product_tag?post=1251"}],"curies":[{"name":"wp","href":"https:\/\/api.w.org\/{rel}","templated":true}]}}