{"id":1482,"date":"2026-02-20T01:00:52","date_gmt":"2026-02-19T22:00:52","guid":{"rendered":"https:\/\/primakorea.com\/?post_type=product&#038;p=1482"},"modified":"2026-04-18T18:55:44","modified_gmt":"2026-04-18T15:55:44","slug":"dr-g-black-snail-cream","status":"publish","type":"product","link":"https:\/\/primakorea.com\/en\/product\/dr-g-black-snail-cream\/","title":{"rendered":"Dr.G Black Snail Cream"},"content":{"rendered":"<div class=\"flex flex-col text-sm\">\n<article class=\"text-token-text-primary w-full focus:outline-none [--shadow-height:45px] has-data-writing-block:pointer-events-none has-data-writing-block:-mt-(--shadow-height) has-data-writing-block:pt-(--shadow-height) [&#038;:has([data-writing-block])>*]:pointer-events-auto scroll-mt-[calc(var(&#8211;header-height)+min(200px,max(70px,20svh)))]&#8221; dir=&#8221;auto&#8221; tabindex=&#8221;-1&#8243; data-turn-id=&#8221;request-68ea83a8-28dc-8329-9726-ae3b064939cb-2&#8243; data-testid=&#8221;conversation-turn-150&#8243; data-scroll-anchor=&#8221;true&#8221; data-turn=&#8221;assistant&#8221;><\/p>\n<div class=\"text-base my-auto mx-auto pb-10 [--thread-content-margin:--spacing(4)] @w-sm\/main:[--thread-content-margin:--spacing(6)] @w-lg\/main:[--thread-content-margin:--spacing(16)] px-(--thread-content-margin)\">\n<div class=\"[--thread-content-max-width:40rem] @w-lg\/main:[--thread-content-max-width:48rem] mx-auto max-w-(--thread-content-max-width) flex-1 group\/turn-messages focus-visible:outline-hidden relative flex w-full min-w-0 flex-col agent-turn\" tabindex=\"-1\">\n<div class=\"flex max-w-full flex-col grow\">\n<div class=\"min-h-8 text-message relative flex w-full flex-col items-end gap-2 text-start break-words whitespace-normal [.text-message+&#038;]:mt-1\" dir=\"auto\" data-message-author-role=\"assistant\" data-message-id=\"ab8e1529-a3c6-41b1-92b9-dd7da3c8f8ce\" data-message-model-slug=\"gpt-5-2\">\n<div class=\"flex w-full flex-col gap-1 empty:hidden first:pt-[1px]\">\n<div class=\"markdown prose dark:prose-invert w-full wrap-break-word light markdown-new-styling\">\n<h3 data-start=\"0\" data-end=\"38\"><strong data-start=\"4\" data-end=\"38\">Dr.G Black Snail Cream \u2013 50 ml<\/strong><\/h3>\n<p data-start=\"40\" data-end=\"242\">Korejska <strong data-start=\"49\" data-end=\"97\">regeneriraju\u0107a krema s crnim pu\u017eevim mucinom<\/strong>, formulirana za obnovu, elasti\u010dnost i intenzivnu hidrataciju ko\u017ee. Idealna za ko\u017eu kojoj je potrebna revitalizacija i ja\u010danje za\u0161titne barijere.<\/p>\n<p data-start=\"244\" data-end=\"257\"><strong data-start=\"244\" data-end=\"257\">\u0160to radi:<\/strong><\/p>\n<ul data-start=\"259\" data-end=\"436\">\n<li data-start=\"259\" data-end=\"296\">\n<p data-start=\"261\" data-end=\"296\">poti\u010de regeneraciju i obnovu ko\u017ee<\/p>\n<\/li>\n<li data-start=\"297\" data-end=\"334\">\n<p data-start=\"299\" data-end=\"334\">pobolj\u0161ava elasti\u010dnost i \u010dvrsto\u0107u<\/p>\n<\/li>\n<li data-start=\"335\" data-end=\"381\">\n<p data-start=\"337\" data-end=\"381\">intenzivno hidratizira bez osje\u0107aja te\u017eine<\/p>\n<\/li>\n<li data-start=\"382\" data-end=\"436\">\n<p data-start=\"384\" data-end=\"436\">poma\u017ee zagladiti teksturu i ujedna\u010diti izgled tena<\/p>\n<\/li>\n<\/ul>\n<p data-start=\"438\" data-end=\"459\"><strong data-start=\"438\" data-end=\"459\">Klju\u010dne zna\u010dajke:<\/strong><\/p>\n<ul data-start=\"461\" data-end=\"651\">\n<li data-start=\"461\" data-end=\"539\">\n<p data-start=\"463\" data-end=\"539\"><strong data-start=\"463\" data-end=\"483\">Crni pu\u017eev mucin<\/strong> \u2013 poznat po regenerativnim i obnavljaju\u0107im svojstvima<\/p>\n<\/li>\n<li data-start=\"540\" data-end=\"579\">\n<p data-start=\"542\" data-end=\"579\">bogata, ali brzo upijaju\u0107a tekstura<\/p>\n<\/li>\n<li data-start=\"580\" data-end=\"615\">\n<p data-start=\"582\" data-end=\"615\">poma\u017ee u ja\u010danju ko\u017ene barijere<\/p>\n<\/li>\n<li data-start=\"616\" data-end=\"651\">\n<p data-start=\"618\" data-end=\"651\">pogodna za svakodnevnu upotrebu<\/p>\n<\/li>\n<\/ul>\n<p data-start=\"653\" data-end=\"784\"><strong data-start=\"653\" data-end=\"672\">Kako koristiti:<\/strong><br data-start=\"672\" data-end=\"675\" \/>Nakon seruma, nanesite odgovaraju\u0107u koli\u010dinu kreme na lice i vrat. Nje\u017eno umasirajte dok se potpuno ne upije.<\/p>\n<p data-start=\"786\" data-end=\"801\"><strong data-start=\"786\" data-end=\"801\">Za koga je:<\/strong><\/p>\n<ul data-start=\"803\" data-end=\"940\">\n<li data-start=\"803\" data-end=\"830\">\n<p data-start=\"805\" data-end=\"830\">umorna i be\u017eivotna ko\u017ea<\/p>\n<\/li>\n<li data-start=\"831\" data-end=\"866\">\n<p data-start=\"833\" data-end=\"866\">ko\u017ea s prvim znakovima starenja<\/p>\n<\/li>\n<li data-start=\"867\" data-end=\"894\">\n<p data-start=\"869\" data-end=\"894\">suha i dehidrirana ko\u017ea<\/p>\n<\/li>\n<li data-start=\"895\" data-end=\"940\">\n<p data-start=\"897\" data-end=\"940\">svi tipovi ko\u017ee kojima je potrebna obnova<\/p>\n<\/li>\n<\/ul>\n<p data-start=\"942\" data-end=\"989\" data-is-last-node=\"\" data-is-only-node=\"\"><strong data-start=\"942\" data-end=\"956\">Pakiranje:<\/strong> 50 ml<br data-start=\"962\" data-end=\"965\" \/><strong data-start=\"965\" data-end=\"989\" data-is-last-node=\"\">Proizvedeno u Koreji<\/strong><\/p>\n<\/div>\n<\/div>\n<\/div>\n<\/div>\n<div class=\"z-0 flex min-h-[46px] justify-start\"><\/div>\n<div class=\"mt-3 w-full empty:hidden\">\n<div class=\"text-center\"><\/div>\n<\/div>\n<\/div>\n<\/div>\n<\/article>\n<\/div>\n<div class=\"pointer-events-none h-px w-px absolute bottom-0\" aria-hidden=\"true\" data-edge=\"true\"><\/div>\n","protected":false},"excerpt":{"rendered":"<h3 data-start=\"0\" data-end=\"38\"><strong data-start=\"4\" data-end=\"38\">Dr.G Black Snail Cream \u2013 50 ml<\/strong><\/h3>\n<p data-start=\"40\" data-end=\"242\">Korejska <strong data-start=\"49\" data-end=\"97\">regeneriraju\u0107a krema s crnim pu\u017eevim mucinom<\/strong>, formulirana za obnovu, elasti\u010dnost i intenzivnu hidrataciju ko\u017ee. Idealna za ko\u017eu kojoj je potrebna revitalizacija i ja\u010danje za\u0161titne barijere.<\/p>\n","protected":false},"featured_media":1485,"template":"","meta":{"site-container-style":"default","site-container-layout":"default","site-sidebar-layout":"default","site-transparent-header":"default","disable-article-header":"default","disable-site-header":"default","disable-site-footer":"default","disable-content-area-spacing":"default"},"product_cat":[32],"product_tag":[43],"class_list":{"0":"post-1482","1":"product","2":"type-product","3":"status-publish","4":"has-post-thumbnail","6":"product_cat-cream","7":"product_tag-dostupno","9":"first","10":"instock","11":"taxable","12":"shipping-taxable","13":"purchasable","14":"product-type-simple"},"_links":{"self":[{"href":"https:\/\/primakorea.com\/en\/wp-json\/wp\/v2\/product\/1482","targetHints":{"allow":["GET"]}}],"collection":[{"href":"https:\/\/primakorea.com\/en\/wp-json\/wp\/v2\/product"}],"about":[{"href":"https:\/\/primakorea.com\/en\/wp-json\/wp\/v2\/types\/product"}],"wp:featuredmedia":[{"embeddable":true,"href":"https:\/\/primakorea.com\/en\/wp-json\/wp\/v2\/media\/1485"}],"wp:attachment":[{"href":"https:\/\/primakorea.com\/en\/wp-json\/wp\/v2\/media?parent=1482"}],"wp:term":[{"taxonomy":"product_cat","embeddable":true,"href":"https:\/\/primakorea.com\/en\/wp-json\/wp\/v2\/product_cat?post=1482"},{"taxonomy":"product_tag","embeddable":true,"href":"https:\/\/primakorea.com\/en\/wp-json\/wp\/v2\/product_tag?post=1482"}],"curies":[{"name":"wp","href":"https:\/\/api.w.org\/{rel}","templated":true}]}}