{"id":1556,"date":"2026-02-22T11:32:28","date_gmt":"2026-02-22T08:32:28","guid":{"rendered":"https:\/\/primakorea.com\/?post_type=product&#038;p=1556"},"modified":"2026-02-22T11:32:28","modified_gmt":"2026-02-22T08:32:28","slug":"missha-chogongjin-youngan-jin-cream","status":"publish","type":"product","link":"https:\/\/primakorea.com\/en\/product\/missha-chogongjin-youngan-jin-cream\/","title":{"rendered":"MISSHA Chogongjin Youngan Jin Cream"},"content":{"rendered":"<p>MISSHA Chogongjin Youngan Jin Cream \u2013 60 ml<\/p>\n<p>&nbsp;<\/p>\n<p>Luksuzna korejska anti-age krema iz linije Chogongjin, formulirana za pobolj\u0161anje elasti\u010dnosti, \u010dvrsto\u0107e i cjelokupnog izgleda ko\u017ee. Bogata tekstura pru\u017ea intenzivnu njegu i dugotrajnu hidrataciju.<\/p>\n<p>&nbsp;<\/p>\n<p>\u0160to radi:<\/p>\n<p>&nbsp;<\/p>\n<p>pobolj\u0161ava elasti\u010dnost i tonus ko\u017ee<\/p>\n<p>&nbsp;<\/p>\n<p>poma\u017ee smanjiti vidljivost bora<\/p>\n<p>&nbsp;<\/p>\n<p>intenzivno hrani i obnavlja ko\u017eu<\/p>\n<p>&nbsp;<\/p>\n<p>daje ko\u017ei zagla\u0111en i ujedna\u010den izgled<\/p>\n<p>&nbsp;<\/p>\n<p>&nbsp;<\/p>\n<p>Klju\u010dne zna\u010dajke:<\/p>\n<p>&nbsp;<\/p>\n<p>tradicionalni biljni ekstrakti inspirirani orijentalnom njegom<\/p>\n<p>&nbsp;<\/p>\n<p>bogata, hranjiva tekstura pogodna za zreliju ko\u017eu<\/p>\n<p>&nbsp;<\/p>\n<p>pru\u017ea dugotrajnu hidrataciju bez osje\u0107aja te\u017eine<\/p>\n<p>&nbsp;<\/p>\n<p>formulirana za pobolj\u0161anje \u010dvrsto\u0107e i vitalnosti ko\u017ee<\/p>\n<p>&nbsp;<\/p>\n<p>&nbsp;<\/p>\n<p>Kako koristiti:<\/p>\n<p>Nakon seruma, nanesite odgovaraju\u0107u koli\u010dinu kreme na lice i vrat. Nje\u017eno umasirajte dok se potpuno ne upije. Koristiti ujutro i nave\u010der.<\/p>\n<p>&nbsp;<\/p>\n<p>Za koga je:<\/p>\n<p>&nbsp;<\/p>\n<p>zrelija ko\u017ea<\/p>\n<p>&nbsp;<\/p>\n<p>ko\u017ea s izra\u017eenim znakovima starenja<\/p>\n<p>&nbsp;<\/p>\n<p>suha i dehidrirana ko\u017ea<\/p>\n<p>&nbsp;<\/p>\n<p>svi koji \u017eele intenzivnu anti-age njegu<\/p>\n<p>&nbsp;<\/p>\n<p>&nbsp;<\/p>\n<p>Pakiranje: 60 ml<\/p>\n<p>Proizvedeno u Koreji<\/p>\n","protected":false},"excerpt":{"rendered":"<p>MISSHA Chogongjin Youngan Jin Cream \u2013 60 ml &nbsp; Luksuzna korejska anti-age krema iz linije Chogongjin, formulirana za pobolj\u0161anje elasti\u010dnosti, \u010dvrsto\u0107e i cjelokupnog izgleda ko\u017ee. Bogata tekstura pru\u017ea intenzivnu njegu i dugotrajnu hidrataciju. &nbsp; \u0160to radi: &nbsp; pobolj\u0161ava elasti\u010dnost i tonus ko\u017ee &nbsp; poma\u017ee smanjiti vidljivost bora &nbsp; intenzivno hrani i obnavlja ko\u017eu &nbsp; daje [&hellip;]<\/p>\n","protected":false},"featured_media":1557,"template":"","meta":{"site-container-style":"default","site-container-layout":"default","site-sidebar-layout":"default","site-transparent-header":"default","disable-article-header":"default","disable-site-header":"default","disable-site-footer":"default","disable-content-area-spacing":"default"},"product_cat":[32],"product_tag":[],"class_list":{"0":"post-1556","1":"product","2":"type-product","3":"status-publish","4":"has-post-thumbnail","6":"product_cat-cream","8":"first","9":"onbackorder","10":"taxable","11":"shipping-taxable","12":"purchasable","13":"product-type-simple"},"_links":{"self":[{"href":"https:\/\/primakorea.com\/en\/wp-json\/wp\/v2\/product\/1556","targetHints":{"allow":["GET"]}}],"collection":[{"href":"https:\/\/primakorea.com\/en\/wp-json\/wp\/v2\/product"}],"about":[{"href":"https:\/\/primakorea.com\/en\/wp-json\/wp\/v2\/types\/product"}],"wp:featuredmedia":[{"embeddable":true,"href":"https:\/\/primakorea.com\/en\/wp-json\/wp\/v2\/media\/1557"}],"wp:attachment":[{"href":"https:\/\/primakorea.com\/en\/wp-json\/wp\/v2\/media?parent=1556"}],"wp:term":[{"taxonomy":"product_cat","embeddable":true,"href":"https:\/\/primakorea.com\/en\/wp-json\/wp\/v2\/product_cat?post=1556"},{"taxonomy":"product_tag","embeddable":true,"href":"https:\/\/primakorea.com\/en\/wp-json\/wp\/v2\/product_tag?post=1556"}],"curies":[{"name":"wp","href":"https:\/\/api.w.org\/{rel}","templated":true}]}}