{"id":1559,"date":"2026-02-22T11:35:50","date_gmt":"2026-02-22T08:35:50","guid":{"rendered":"https:\/\/primakorea.com\/?post_type=product&#038;p=1559"},"modified":"2026-02-22T11:35:50","modified_gmt":"2026-02-22T08:35:50","slug":"missha-chogongjin-youngan-jin-eye-cream","status":"publish","type":"product","link":"https:\/\/primakorea.com\/en\/product\/missha-chogongjin-youngan-jin-eye-cream\/","title":{"rendered":"MISSHA Chogongjin Youngan Jin Eye Cream"},"content":{"rendered":"<p>MISSHA Chogongjin Youngan Jin Eye Cream \u2013 30 ml<\/p>\n<p>&nbsp;<\/p>\n<p>Luksuzna korejska krema za podru\u010dje oko o\u010diju iz linije Chogongjin, formulirana za pobolj\u0161anje elasti\u010dnosti, smanjenje bora i intenzivnu njegu osjetljive ko\u017ee oko o\u010diju. Bogata tekstura pru\u017ea dubinsku hidrataciju i u\u010dvr\u0161\u0107ivanje.<\/p>\n<p>&nbsp;<\/p>\n<p>\u0160to radi:<\/p>\n<p>&nbsp;<\/p>\n<p>pobolj\u0161ava \u010dvrsto\u0107u i elasti\u010dnost ko\u017ee oko o\u010diju<\/p>\n<p>&nbsp;<\/p>\n<p>smanjuje vidljivost finih linija i bora<\/p>\n<p>&nbsp;<\/p>\n<p>intenzivno hrani i zagla\u0111uje ko\u017eu<\/p>\n<p>&nbsp;<\/p>\n<p>poma\u017ee smanjiti znakove umora<\/p>\n<p>&nbsp;<\/p>\n<p>&nbsp;<\/p>\n<p>Klju\u010dne zna\u010dajke:<\/p>\n<p>&nbsp;<\/p>\n<p>tradicionalni biljni ekstrakti inspirirani orijentalnom njegom<\/p>\n<p>&nbsp;<\/p>\n<p>bogata, hranjiva tekstura namijenjena zrelijoj ko\u017ei<\/p>\n<p>&nbsp;<\/p>\n<p>pru\u017ea dugotrajnu hidrataciju<\/p>\n<p>&nbsp;<\/p>\n<p>formulirana za ja\u010danje i revitalizaciju osjetljivog podru\u010dja oko o\u010diju<\/p>\n<p>&nbsp;<\/p>\n<p>&nbsp;<\/p>\n<p>Kako koristiti:<\/p>\n<p>Nakon seruma, nanesite malu koli\u010dinu kreme na podru\u010dje oko o\u010diju. Nje\u017eno utapkajte vrhovima prstiju dok se potpuno ne upije.<\/p>\n<p>&nbsp;<\/p>\n<p>Za koga je:<\/p>\n<p>&nbsp;<\/p>\n<p>zrelija ko\u017ea<\/p>\n<p>&nbsp;<\/p>\n<p>podru\u010dje oko o\u010diju s izra\u017eenim borama<\/p>\n<p>&nbsp;<\/p>\n<p>suha i dehidrirana ko\u017ea<\/p>\n<p>&nbsp;<\/p>\n<p>svi koji \u017eele intenzivnu anti-age njegu<\/p>\n<p>&nbsp;<\/p>\n<p>&nbsp;<\/p>\n<p>Pakiranje: 30 ml<\/p>\n<p>Proizvedeno u Koreji<\/p>\n","protected":false},"excerpt":{"rendered":"<p>MISSHA Chogongjin Youngan Jin Eye Cream \u2013 30 ml &nbsp; Luksuzna korejska krema za podru\u010dje oko o\u010diju iz linije Chogongjin, formulirana za pobolj\u0161anje elasti\u010dnosti, smanjenje bora i intenzivnu njegu osjetljive ko\u017ee oko o\u010diju. Bogata tekstura pru\u017ea dubinsku hidrataciju i u\u010dvr\u0161\u0107ivanje. &nbsp; \u0160to radi: &nbsp; pobolj\u0161ava \u010dvrsto\u0107u i elasti\u010dnost ko\u017ee oko o\u010diju &nbsp; smanjuje vidljivost finih [&hellip;]<\/p>\n","protected":false},"featured_media":1560,"template":"","meta":{"site-container-style":"default","site-container-layout":"default","site-sidebar-layout":"default","site-transparent-header":"default","disable-article-header":"default","disable-site-header":"default","disable-site-footer":"default","disable-content-area-spacing":"default"},"product_cat":[32],"product_tag":[],"class_list":{"0":"post-1559","1":"product","2":"type-product","3":"status-publish","4":"has-post-thumbnail","6":"product_cat-cream","8":"first","9":"onbackorder","10":"taxable","11":"shipping-taxable","12":"purchasable","13":"product-type-simple"},"_links":{"self":[{"href":"https:\/\/primakorea.com\/en\/wp-json\/wp\/v2\/product\/1559","targetHints":{"allow":["GET"]}}],"collection":[{"href":"https:\/\/primakorea.com\/en\/wp-json\/wp\/v2\/product"}],"about":[{"href":"https:\/\/primakorea.com\/en\/wp-json\/wp\/v2\/types\/product"}],"wp:featuredmedia":[{"embeddable":true,"href":"https:\/\/primakorea.com\/en\/wp-json\/wp\/v2\/media\/1560"}],"wp:attachment":[{"href":"https:\/\/primakorea.com\/en\/wp-json\/wp\/v2\/media?parent=1559"}],"wp:term":[{"taxonomy":"product_cat","embeddable":true,"href":"https:\/\/primakorea.com\/en\/wp-json\/wp\/v2\/product_cat?post=1559"},{"taxonomy":"product_tag","embeddable":true,"href":"https:\/\/primakorea.com\/en\/wp-json\/wp\/v2\/product_tag?post=1559"}],"curies":[{"name":"wp","href":"https:\/\/api.w.org\/{rel}","templated":true}]}}