{"id":1561,"date":"2026-02-22T11:39:19","date_gmt":"2026-02-22T08:39:19","guid":{"rendered":"https:\/\/primakorea.com\/?post_type=product&#038;p=1561"},"modified":"2026-02-22T11:39:19","modified_gmt":"2026-02-22T08:39:19","slug":"missha-chogongjin-youngan-jin-essence","status":"publish","type":"product","link":"https:\/\/primakorea.com\/en\/product\/missha-chogongjin-youngan-jin-essence\/","title":{"rendered":"MISSHA Chogongjin Youngan Jin Essence"},"content":{"rendered":"<p>MISSHA Chogongjin Youngan Jin Essence \u2013 50 ml<\/p>\n<p>&nbsp;<\/p>\n<p>Luksuzna korejska anti-age esencija iz linije Chogongjin, formulirana za pobolj\u0161anje elasti\u010dnosti, \u010dvrsto\u0107e i vitalnosti ko\u017ee. Lagana, ali hranjiva tekstura brzo se upija i priprema ko\u017eu za daljnju njegu.<\/p>\n<p>&nbsp;<\/p>\n<p>\u0160to radi:<\/p>\n<p>&nbsp;<\/p>\n<p>pobolj\u0161ava elasti\u010dnost i tonus ko\u017ee<\/p>\n<p>&nbsp;<\/p>\n<p>poma\u017ee smanjiti vidljivost bora<\/p>\n<p>&nbsp;<\/p>\n<p>revitalizira i vra\u0107a ko\u017ei energiju<\/p>\n<p>&nbsp;<\/p>\n<p>pru\u017ea dubinsku hidrataciju<\/p>\n<p>&nbsp;<\/p>\n<p>&nbsp;<\/p>\n<p>Klju\u010dne zna\u010dajke:<\/p>\n<p>&nbsp;<\/p>\n<p>tradicionalni biljni ekstrakti inspirirani orijentalnom njegom<\/p>\n<p>&nbsp;<\/p>\n<p>koncentrirana formula za intenzivnu njegu<\/p>\n<p>&nbsp;<\/p>\n<p>brzo upijaju\u0107a tekstura bez ljepljivog osje\u0107aja<\/p>\n<p>&nbsp;<\/p>\n<p>idealna kao korak izme\u0111u tonika i kreme<\/p>\n<p>&nbsp;<\/p>\n<p>&nbsp;<\/p>\n<p>Kako koristiti:<\/p>\n<p>Nakon \u010di\u0161\u0107enja i tonika, nanesite odgovaraju\u0107u koli\u010dinu esencije na lice. Nje\u017eno utapkajte dok se potpuno ne upije, zatim nastavite s kremom.<\/p>\n<p>&nbsp;<\/p>\n<p>Za koga je:<\/p>\n<p>&nbsp;<\/p>\n<p>zrelija ko\u017ea<\/p>\n<p>&nbsp;<\/p>\n<p>ko\u017ea s vidljivim znakovima starenja<\/p>\n<p>&nbsp;<\/p>\n<p>suha i umorna ko\u017ea<\/p>\n<p>&nbsp;<\/p>\n<p>svi koji \u017eele intenzivnu anti-age njegu<\/p>\n<p>&nbsp;<\/p>\n<p>&nbsp;<\/p>\n<p>Pakiranje: 50 ml<\/p>\n<p>Proizvedeno u Koreji<\/p>\n","protected":false},"excerpt":{"rendered":"<p>MISSHA Chogongjin Youngan Jin Essence \u2013 50 ml &nbsp; Luksuzna korejska anti-age esencija iz linije Chogongjin, formulirana za pobolj\u0161anje elasti\u010dnosti, \u010dvrsto\u0107e i vitalnosti ko\u017ee. Lagana, ali hranjiva tekstura brzo se upija i priprema ko\u017eu za daljnju njegu. &nbsp; \u0160to radi: &nbsp; pobolj\u0161ava elasti\u010dnost i tonus ko\u017ee &nbsp; poma\u017ee smanjiti vidljivost bora &nbsp; revitalizira i vra\u0107a [&hellip;]<\/p>\n","protected":false},"featured_media":1562,"template":"","meta":{"site-container-style":"default","site-container-layout":"default","site-sidebar-layout":"default","site-transparent-header":"default","disable-article-header":"default","disable-site-header":"default","disable-site-footer":"default","disable-content-area-spacing":"default"},"product_cat":[40],"product_tag":[],"class_list":{"0":"post-1561","1":"product","2":"type-product","3":"status-publish","4":"has-post-thumbnail","6":"product_cat-serum","8":"first","9":"onbackorder","10":"taxable","11":"shipping-taxable","12":"purchasable","13":"product-type-simple"},"_links":{"self":[{"href":"https:\/\/primakorea.com\/en\/wp-json\/wp\/v2\/product\/1561","targetHints":{"allow":["GET"]}}],"collection":[{"href":"https:\/\/primakorea.com\/en\/wp-json\/wp\/v2\/product"}],"about":[{"href":"https:\/\/primakorea.com\/en\/wp-json\/wp\/v2\/types\/product"}],"wp:featuredmedia":[{"embeddable":true,"href":"https:\/\/primakorea.com\/en\/wp-json\/wp\/v2\/media\/1562"}],"wp:attachment":[{"href":"https:\/\/primakorea.com\/en\/wp-json\/wp\/v2\/media?parent=1561"}],"wp:term":[{"taxonomy":"product_cat","embeddable":true,"href":"https:\/\/primakorea.com\/en\/wp-json\/wp\/v2\/product_cat?post=1561"},{"taxonomy":"product_tag","embeddable":true,"href":"https:\/\/primakorea.com\/en\/wp-json\/wp\/v2\/product_tag?post=1561"}],"curies":[{"name":"wp","href":"https:\/\/api.w.org\/{rel}","templated":true}]}}