{"id":1565,"date":"2026-02-22T11:42:10","date_gmt":"2026-02-22T08:42:10","guid":{"rendered":"https:\/\/primakorea.com\/?post_type=product&#038;p=1565"},"modified":"2026-02-22T11:42:10","modified_gmt":"2026-02-22T08:42:10","slug":"missha-chogongjin-sosaeng-jin-boosting-essence","status":"publish","type":"product","link":"https:\/\/primakorea.com\/en\/product\/missha-chogongjin-sosaeng-jin-boosting-essence\/","title":{"rendered":"MISSHA Chogongjin Sosaeng Jin Boosting Essence"},"content":{"rendered":"<p>MISSHA Chogongjin Sosaeng Jin Boosting Essence \u2013 90 ml<\/p>\n<p>&nbsp;<\/p>\n<p>Korejska boosting esencija iz luksuzne linije Chogongjin, formulirana za pripremu ko\u017ee, pobolj\u0161anje apsorpcije aktivnih sastojaka i ja\u010danje elasti\u010dnosti. Koristi se kao prvi korak njege nakon \u010di\u0161\u0107enja.<\/p>\n<p>&nbsp;<\/p>\n<p>\u0160to radi:<\/p>\n<p>&nbsp;<\/p>\n<p>priprema ko\u017eu za bolje upijanje seruma i kreme<\/p>\n<p>&nbsp;<\/p>\n<p>pobolj\u0161ava elasti\u010dnost i tonus<\/p>\n<p>&nbsp;<\/p>\n<p>revitalizira i vra\u0107a ko\u017ei svje\u017einu<\/p>\n<p>&nbsp;<\/p>\n<p>pru\u017ea po\u010detnu hidrataciju i balans<\/p>\n<p>&nbsp;<\/p>\n<p>&nbsp;<\/p>\n<p>Klju\u010dne zna\u010dajke:<\/p>\n<p>&nbsp;<\/p>\n<p>tradicionalni biljni ekstrakti inspirirani orijentalnom njegom<\/p>\n<p>&nbsp;<\/p>\n<p>lagana, brzo upijaju\u0107a tekstura<\/p>\n<p>&nbsp;<\/p>\n<p>djeluje kao \u201cbooster\u201d za ostatak rutine<\/p>\n<p>&nbsp;<\/p>\n<p>pogodna za svakodnevnu jutarnju i ve\u010dernju upotrebu<\/p>\n<p>&nbsp;<\/p>\n<p>&nbsp;<\/p>\n<p>Kako koristiti:<\/p>\n<p>Nakon \u010di\u0161\u0107enja, nanesite odgovaraju\u0107u koli\u010dinu esencije na lice dlanovima ili blazinicom. Nje\u017eno utapkajte dok se potpuno ne upije, zatim nastavite s ostatkom rutine.<\/p>\n<p>&nbsp;<\/p>\n<p>Za koga je:<\/p>\n<p>&nbsp;<\/p>\n<p>zrelija ko\u017ea<\/p>\n<p>&nbsp;<\/p>\n<p>ko\u017ea bez elasti\u010dnosti i sjaja<\/p>\n<p>&nbsp;<\/p>\n<p>suha i umorna ko\u017ea<\/p>\n<p>&nbsp;<\/p>\n<p>svi koji \u017eele poja\u010dati u\u010dinak svoje rutine njege<\/p>\n<p>&nbsp;<\/p>\n<p>&nbsp;<\/p>\n<p>Pakiranje: 90 ml<\/p>\n<p>Proizvedeno u Koreji<\/p>\n","protected":false},"excerpt":{"rendered":"<p>MISSHA Chogongjin Sosaeng Jin Boosting Essence \u2013 90 ml &nbsp; Korejska boosting esencija iz luksuzne linije Chogongjin, formulirana za pripremu ko\u017ee, pobolj\u0161anje apsorpcije aktivnih sastojaka i ja\u010danje elasti\u010dnosti. Koristi se kao prvi korak njege nakon \u010di\u0161\u0107enja. &nbsp; \u0160to radi: &nbsp; priprema ko\u017eu za bolje upijanje seruma i kreme &nbsp; pobolj\u0161ava elasti\u010dnost i tonus &nbsp; revitalizira [&hellip;]<\/p>\n","protected":false},"featured_media":1566,"template":"","meta":{"site-container-style":"default","site-container-layout":"default","site-sidebar-layout":"default","site-transparent-header":"default","disable-article-header":"default","disable-site-header":"default","disable-site-footer":"default","disable-content-area-spacing":"default"},"product_cat":[40],"product_tag":[],"class_list":{"0":"post-1565","1":"product","2":"type-product","3":"status-publish","4":"has-post-thumbnail","6":"product_cat-serum","8":"first","9":"onbackorder","10":"taxable","11":"shipping-taxable","12":"purchasable","13":"product-type-simple"},"_links":{"self":[{"href":"https:\/\/primakorea.com\/en\/wp-json\/wp\/v2\/product\/1565","targetHints":{"allow":["GET"]}}],"collection":[{"href":"https:\/\/primakorea.com\/en\/wp-json\/wp\/v2\/product"}],"about":[{"href":"https:\/\/primakorea.com\/en\/wp-json\/wp\/v2\/types\/product"}],"wp:featuredmedia":[{"embeddable":true,"href":"https:\/\/primakorea.com\/en\/wp-json\/wp\/v2\/media\/1566"}],"wp:attachment":[{"href":"https:\/\/primakorea.com\/en\/wp-json\/wp\/v2\/media?parent=1565"}],"wp:term":[{"taxonomy":"product_cat","embeddable":true,"href":"https:\/\/primakorea.com\/en\/wp-json\/wp\/v2\/product_cat?post=1565"},{"taxonomy":"product_tag","embeddable":true,"href":"https:\/\/primakorea.com\/en\/wp-json\/wp\/v2\/product_tag?post=1565"}],"curies":[{"name":"wp","href":"https:\/\/api.w.org\/{rel}","templated":true}]}}