{"id":1569,"date":"2026-02-22T11:46:58","date_gmt":"2026-02-22T08:46:58","guid":{"rendered":"https:\/\/primakorea.com\/?post_type=product&#038;p=1569"},"modified":"2026-02-22T11:46:58","modified_gmt":"2026-02-22T08:46:58","slug":"missha-chogongjin-geumsul-jin-boosting-essence","status":"publish","type":"product","link":"https:\/\/primakorea.com\/en\/product\/missha-chogongjin-geumsul-jin-boosting-essence\/","title":{"rendered":"MISSHA CHOGONGJIN GEUMSUL JIN BOOSTING ESSENCE"},"content":{"rendered":"<p style=\"padding-left: 40px;\">MISSHA Chogongjin Geumsul Jin Boosting Essence \u2013 90 ml<\/p>\n<p style=\"padding-left: 40px;\">\n<p style=\"padding-left: 40px;\">Luksuzna korejska boosting esencija iz linije Chogongjin Geumsul Jin, formulirana za revitalizaciju, dubinsku hidrataciju i pobolj\u0161anje elasti\u010dnosti ko\u017ee. Koristi se kao prvi korak njege nakon \u010di\u0161\u0107enja kako bi poja\u010dala u\u010dinak ostatka rutine.<\/p>\n<p style=\"padding-left: 40px;\">\n<p style=\"padding-left: 40px;\">\u0160to radi:<\/p>\n<p style=\"padding-left: 40px;\">\n<p style=\"padding-left: 40px;\">priprema ko\u017eu za bolju apsorpciju seruma i kreme<\/p>\n<p style=\"padding-left: 40px;\">\n<p style=\"padding-left: 40px;\">pobolj\u0161ava elasti\u010dnost i tonus<\/p>\n<p style=\"padding-left: 40px;\">\n<p style=\"padding-left: 40px;\">intenzivno hidratizira i omek\u0161ava ko\u017eu<\/p>\n<p style=\"padding-left: 40px;\">\n<p style=\"padding-left: 40px;\">vra\u0107a ko\u017ei svje\u017e i zagla\u0111en izgled<\/p>\n<p style=\"padding-left: 40px;\">\n<p style=\"padding-left: 40px;\">\n<p style=\"padding-left: 40px;\">Klju\u010dne zna\u010dajke:<\/p>\n<p style=\"padding-left: 40px;\">\n<p style=\"padding-left: 40px;\">tradicionalni biljni ekstrakti inspirirani orijentalnom njegom<\/p>\n<p style=\"padding-left: 40px;\">\n<p style=\"padding-left: 40px;\">koncentrirana formula za luksuznu anti-age njegu<\/p>\n<p style=\"padding-left: 40px;\">\n<p style=\"padding-left: 40px;\">lagana tekstura koja se brzo upija<\/p>\n<p style=\"padding-left: 40px;\">\n<p style=\"padding-left: 40px;\">idealna kao \u201cbooster\u201d korak u rutini<\/p>\n<p style=\"padding-left: 40px;\">\n<p style=\"padding-left: 40px;\">\n<p style=\"padding-left: 40px;\">Kako koristiti:<\/p>\n<p style=\"padding-left: 40px;\">Nakon \u010di\u0161\u0107enja, nanesite odgovaraju\u0107u koli\u010dinu esencije na lice dlanovima ili blazinicom. Nje\u017eno utapkajte dok se potpuno ne upije, zatim nastavite sa serumom i kremom.<\/p>\n<p style=\"padding-left: 40px;\">\n<p style=\"padding-left: 40px;\">Za koga je:<\/p>\n<p style=\"padding-left: 40px;\">\n<p style=\"padding-left: 40px;\">zrelija i suha ko\u017ea<\/p>\n<p style=\"padding-left: 40px;\">\n<p style=\"padding-left: 40px;\">ko\u017ea s gubitkom elasti\u010dnosti<\/p>\n<p style=\"padding-left: 40px;\">\n<p style=\"padding-left: 40px;\">ko\u017ea s vidljivim znakovima starenja<\/p>\n<p style=\"padding-left: 40px;\">\n<p style=\"padding-left: 40px;\">svi koji \u017eele poja\u010dati u\u010dinak svoje anti-age rutine<\/p>\n<p style=\"padding-left: 40px;\">\n<p style=\"padding-left: 40px;\">\n<p style=\"padding-left: 40px;\">Pakiranje: 90 ml<\/p>\n<p style=\"padding-left: 40px;\">Proizvedeno u Koreji<\/p>\n","protected":false},"excerpt":{"rendered":"<p>MISSHA Chogongjin Geumsul Jin Boosting Essence \u2013 90 ml Luksuzna korejska boosting esencija iz linije Chogongjin Geumsul Jin, formulirana za revitalizaciju, dubinsku hidrataciju i pobolj\u0161anje elasti\u010dnosti ko\u017ee. Koristi se kao prvi korak njege nakon \u010di\u0161\u0107enja kako bi poja\u010dala u\u010dinak ostatka rutine. \u0160to radi: priprema ko\u017eu za bolju apsorpciju seruma i kreme pobolj\u0161ava elasti\u010dnost i tonus [&hellip;]<\/p>\n","protected":false},"featured_media":1570,"template":"","meta":{"site-container-style":"default","site-container-layout":"default","site-sidebar-layout":"default","site-transparent-header":"default","disable-article-header":"default","disable-site-header":"default","disable-site-footer":"default","disable-content-area-spacing":"default"},"product_cat":[40],"product_tag":[],"class_list":{"0":"post-1569","1":"product","2":"type-product","3":"status-publish","4":"has-post-thumbnail","6":"product_cat-serum","8":"first","9":"onbackorder","10":"taxable","11":"shipping-taxable","12":"purchasable","13":"product-type-simple"},"_links":{"self":[{"href":"https:\/\/primakorea.com\/en\/wp-json\/wp\/v2\/product\/1569","targetHints":{"allow":["GET"]}}],"collection":[{"href":"https:\/\/primakorea.com\/en\/wp-json\/wp\/v2\/product"}],"about":[{"href":"https:\/\/primakorea.com\/en\/wp-json\/wp\/v2\/types\/product"}],"wp:featuredmedia":[{"embeddable":true,"href":"https:\/\/primakorea.com\/en\/wp-json\/wp\/v2\/media\/1570"}],"wp:attachment":[{"href":"https:\/\/primakorea.com\/en\/wp-json\/wp\/v2\/media?parent=1569"}],"wp:term":[{"taxonomy":"product_cat","embeddable":true,"href":"https:\/\/primakorea.com\/en\/wp-json\/wp\/v2\/product_cat?post=1569"},{"taxonomy":"product_tag","embeddable":true,"href":"https:\/\/primakorea.com\/en\/wp-json\/wp\/v2\/product_tag?post=1569"}],"curies":[{"name":"wp","href":"https:\/\/api.w.org\/{rel}","templated":true}]}}