{"id":1583,"date":"2026-02-22T12:11:39","date_gmt":"2026-02-22T09:11:39","guid":{"rendered":"https:\/\/primakorea.com\/?post_type=product&#038;p=1583"},"modified":"2026-02-22T12:11:39","modified_gmt":"2026-02-22T09:11:39","slug":"goodal-houttuynia-cordata-hyaluron-soothing-cream-75ml","status":"publish","type":"product","link":"https:\/\/primakorea.com\/en\/product\/goodal-houttuynia-cordata-hyaluron-soothing-cream-75ml\/","title":{"rendered":"goodal HOUTTUYNIA CORDATA HYALURON SOOTHING CREAM 75ML"},"content":{"rendered":"<blockquote><p>goodal Houttuynia Cordata Hyaluron Soothing Cream \u2013 75 ml<\/p>\n<p>&nbsp;<\/p>\n<p>Korejska umiruju\u0107a hidratantna krema s ekstraktom Houttuynia Cordata i hijaluronskom kiselinom, formulirana za smirivanje iritacija i dubinsku hidrataciju ko\u017ee bez osje\u0107aja te\u017eine.<\/p>\n<p>&nbsp;<\/p>\n<p>\u0160to radi:<\/p>\n<p>&nbsp;<\/p>\n<p>umiruje crvenilo i osjetljivost ko\u017ee<\/p>\n<p>&nbsp;<\/p>\n<p>intenzivno hidratizira i sprje\u010dava gubitak vlage<\/p>\n<p>&nbsp;<\/p>\n<p>ja\u010da za\u0161titnu barijeru ko\u017ee<\/p>\n<p>&nbsp;<\/p>\n<p>ostavlja ko\u017eu mekom, svje\u017eom i uravnote\u017eenom<\/p>\n<p>&nbsp;<\/p>\n<p>&nbsp;<\/p>\n<p>Klju\u010dne zna\u010dajke:<\/p>\n<p>&nbsp;<\/p>\n<p>Houttuynia Cordata \u2013 poznata po umiruju\u0107em i protuupalnom djelovanju<\/p>\n<p>&nbsp;<\/p>\n<p>Hijaluronska kiselina \u2013 pru\u017ea dugotrajnu hidrataciju<\/p>\n<p>&nbsp;<\/p>\n<p>lagana gel-krem tekstura koja se brzo upija<\/p>\n<p>&nbsp;<\/p>\n<p>pogodna za svakodnevnu upotrebu, danju i no\u0107u<\/p>\n<p>&nbsp;<\/p>\n<p>&nbsp;<\/p>\n<p>Kako koristiti:<\/p>\n<p>Nakon seruma, nanesite odgovaraju\u0107u koli\u010dinu kreme na lice. Nje\u017eno rasporedite i utapkajte dok se potpuno ne upije.<\/p>\n<p>&nbsp;<\/p>\n<p>Za koga je:<\/p>\n<p>&nbsp;<\/p>\n<p>osjetljiva i reaktivna ko\u017ea<\/p>\n<p>&nbsp;<\/p>\n<p>ko\u017ea sklona crvenilu<\/p>\n<p>&nbsp;<\/p>\n<p>mje\u0161ovita i masna ko\u017ea kojoj treba lagana hidratacija<\/p>\n<p>&nbsp;<\/p>\n<p>svi tipovi ko\u017ee kojima je potrebna umiruju\u0107a njega<\/p>\n<p>&nbsp;<\/p>\n<p>&nbsp;<\/p>\n<p>Pakiranje: 75 ml<\/p>\n<p>Proizvedeno u Koreji<\/p><\/blockquote>\n","protected":false},"excerpt":{"rendered":"<p>goodal Houttuynia Cordata Hyaluron Soothing Cream \u2013 75 ml &nbsp; Korejska umiruju\u0107a hidratantna krema s ekstraktom Houttuynia Cordata i hijaluronskom kiselinom, formulirana za smirivanje iritacija i dubinsku hidrataciju ko\u017ee bez osje\u0107aja te\u017eine. &nbsp; \u0160to radi: &nbsp; umiruje crvenilo i osjetljivost ko\u017ee &nbsp; intenzivno hidratizira i sprje\u010dava gubitak vlage &nbsp; ja\u010da za\u0161titnu barijeru ko\u017ee &nbsp; ostavlja [&hellip;]<\/p>\n","protected":false},"featured_media":1584,"template":"","meta":{"site-container-style":"default","site-container-layout":"default","site-sidebar-layout":"default","site-transparent-header":"default","disable-article-header":"default","disable-site-header":"default","disable-site-footer":"default","disable-content-area-spacing":"default"},"product_cat":[32],"product_tag":[],"class_list":{"0":"post-1583","1":"product","2":"type-product","3":"status-publish","4":"has-post-thumbnail","6":"product_cat-cream","8":"first","9":"onbackorder","10":"taxable","11":"shipping-taxable","12":"purchasable","13":"product-type-simple"},"_links":{"self":[{"href":"https:\/\/primakorea.com\/en\/wp-json\/wp\/v2\/product\/1583","targetHints":{"allow":["GET"]}}],"collection":[{"href":"https:\/\/primakorea.com\/en\/wp-json\/wp\/v2\/product"}],"about":[{"href":"https:\/\/primakorea.com\/en\/wp-json\/wp\/v2\/types\/product"}],"wp:featuredmedia":[{"embeddable":true,"href":"https:\/\/primakorea.com\/en\/wp-json\/wp\/v2\/media\/1584"}],"wp:attachment":[{"href":"https:\/\/primakorea.com\/en\/wp-json\/wp\/v2\/media?parent=1583"}],"wp:term":[{"taxonomy":"product_cat","embeddable":true,"href":"https:\/\/primakorea.com\/en\/wp-json\/wp\/v2\/product_cat?post=1583"},{"taxonomy":"product_tag","embeddable":true,"href":"https:\/\/primakorea.com\/en\/wp-json\/wp\/v2\/product_tag?post=1583"}],"curies":[{"name":"wp","href":"https:\/\/api.w.org\/{rel}","templated":true}]}}