{"id":484,"date":"2025-11-09T21:34:04","date_gmt":"2025-11-09T18:34:04","guid":{"rendered":"https:\/\/primakorea.com\/?post_type=product&#038;p=484"},"modified":"2026-02-20T00:54:46","modified_gmt":"2026-02-19T21:54:46","slug":"chebigonkan-njezni-cistac-s-ekstraktom-centele-%f0%9f%8d%80","status":"publish","type":"product","link":"https:\/\/primakorea.com\/en\/product\/chebigonkan-njezni-cistac-s-ekstraktom-centele-%f0%9f%8d%80\/","title":{"rendered":"Chebigonkan &#8211; nje\u017eni \u010dista\u010d s ekstraktom centele \ud83c\udf40"},"content":{"rendered":"<div class=\"xdj266r x14z9mp xat24cr x1lziwak x1vvkbs x126k92a\">\n<div dir=\"auto\">Chebigonkan &#8211; nje\u017eni \u010dista\u010d s ekstraktom centele <span class=\"html-span xexx8yu xyri2b x18d9i69 x1c1uobl x1hl2dhg x16tdsg8 x1vvkbs x3nfvp2 x1j61x8r x1fcty0u xdj266r xat24cr xm2jcoa x1mpyi22 xxymvpz xlup9mm x1kky2od\"><img loading=\"lazy\" decoding=\"async\" class=\"xz74otr x15mokao x1ga7v0g x16uus16 xbiv7yw\" src=\"https:\/\/static.xx.fbcdn.net\/images\/emoji.php\/v9\/t87\/1\/16\/1f340.png\" alt=\"\ud83c\udf40\" width=\"16\" height=\"16\" \/><\/span><\/div>\n<\/div>\n<div class=\"x14z9mp xat24cr x1lziwak x1vvkbs xtlvy1s x126k92a\">\n<div dir=\"auto\">Ovaj blagi \u010dista\u010d s ekstraktom Centella Asiatica (gotu kola) nje\u017eno uklanja ne\u010disto\u0107e i vi\u0161ak sebuma, istovremeno umiruju\u0107i nadra\u017eenu ko\u017eu. Zahvaljuju\u0107i formuli s prirodnim biljnim sastojcima, pru\u017ea osje\u0107aj svje\u017eine i \u010disto\u0107e bez zatezanja ko\u017ee.<\/div>\n<\/div>\n<div class=\"x14z9mp xat24cr x1lziwak x1vvkbs xtlvy1s x126k92a\">\n<div dir=\"auto\">Umiruje osjetljivu i problemati\u010dnu ko\u017eu<\/div>\n<div dir=\"auto\">Poma\u017ee u smanjenju crvenila i upala<\/div>\n<div dir=\"auto\">\u010cisti pore bez isu\u0161ivanja<\/div>\n<\/div>\n<div class=\"x14z9mp xat24cr x1lziwak x1vvkbs xtlvy1s x126k92a\">\n<div dir=\"auto\">Mo\u017ee se koristiti kao mask cleanser \u2013 ostavi\u0161 kratko na licu prije ispiranja za dublje \u010di\u0161\u0107enje<\/div>\n<\/div>\n<div class=\"x14z9mp xat24cr x1lziwak x1vvkbs xtlvy1s x126k92a\">\n<div dir=\"auto\"><span class=\"html-span xexx8yu xyri2b x18d9i69 x1c1uobl x1hl2dhg x16tdsg8 x1vvkbs x3nfvp2 x1j61x8r x1fcty0u xdj266r xat24cr xm2jcoa x1mpyi22 xxymvpz xlup9mm x1kky2od\"><img loading=\"lazy\" decoding=\"async\" class=\"xz74otr x15mokao x1ga7v0g x16uus16 xbiv7yw\" src=\"https:\/\/static.xx.fbcdn.net\/images\/emoji.php\/v9\/tf4\/1\/16\/2728.png\" alt=\"\u2728\" width=\"16\" height=\"16\" \/><\/span> Namjena: za sve tipove ko\u017ee, posebno osjetljivu i sklonu aknama.<\/div>\n<div dir=\"auto\"><span class=\"html-span xexx8yu xyri2b x18d9i69 x1c1uobl x1hl2dhg x16tdsg8 x1vvkbs x3nfvp2 x1j61x8r x1fcty0u xdj266r xat24cr xm2jcoa x1mpyi22 xxymvpz xlup9mm x1kky2od\"><img loading=\"lazy\" decoding=\"async\" class=\"xz74otr x15mokao x1ga7v0g x16uus16 xbiv7yw\" src=\"https:\/\/static.xx.fbcdn.net\/images\/emoji.php\/v9\/t3d\/1\/16\/1f4e6.png\" alt=\"\ud83d\udce6\" width=\"16\" height=\"16\" \/><\/span> Koli\u010dina: 45 g<\/div>\n<div dir=\"auto\"><span class=\"html-span xexx8yu xyri2b x18d9i69 x1c1uobl x1hl2dhg x16tdsg8 x1vvkbs x3nfvp2 x1j61x8r x1fcty0u xdj266r xat24cr xm2jcoa x1mpyi22 xxymvpz xlup9mm x1kky2od\"><img loading=\"lazy\" decoding=\"async\" class=\"xz74otr x15mokao x1ga7v0g x16uus16 xbiv7yw\" src=\"https:\/\/static.xx.fbcdn.net\/images\/emoji.php\/v9\/t21\/1\/16\/1f1f0_1f1f7.png\" alt=\"\ud83c\uddf0\ud83c\uddf7\" width=\"16\" height=\"16\" \/><\/span> Proizvedeno u Koreji<\/div>\n<\/div>\n","protected":false},"excerpt":{"rendered":"<div class=\"xdj266r x14z9mp xat24cr x1lziwak x1vvkbs x126k92a\">\n<div dir=\"auto\">Chebigonkan &#8211; nje\u017eni \u010dista\u010d s ekstraktom centele <span class=\"html-span xexx8yu xyri2b x18d9i69 x1c1uobl x1hl2dhg x16tdsg8 x1vvkbs x3nfvp2 x1j61x8r x1fcty0u xdj266r xat24cr xm2jcoa x1mpyi22 xxymvpz xlup9mm x1kky2od\"><img loading=\"lazy\" decoding=\"async\" class=\"xz74otr x15mokao x1ga7v0g x16uus16 xbiv7yw\" src=\"https:\/\/static.xx.fbcdn.net\/images\/emoji.php\/v9\/t87\/1\/16\/1f340.png\" alt=\"\ud83c\udf40\" width=\"16\" height=\"16\" \/><\/span><\/div>\n<\/div>\n<div class=\"x14z9mp xat24cr x1lziwak x1vvkbs xtlvy1s x126k92a\">\n<div dir=\"auto\">Ovaj blagi \u010dista\u010d s ekstraktom Centella Asiatica (gotu kola) nje\u017eno uklanja ne\u010disto\u0107e i vi\u0161ak sebuma, istovremeno umiruju\u0107i nadra\u017eenu ko\u017eu. Zahvaljuju\u0107i formuli s prirodnim biljnim sastojcima, pru\u017ea osje\u0107aj svje\u017eine i \u010disto\u0107e bez zatezanja ko\u017ee.<\/div>\n<\/div>\n","protected":false},"featured_media":485,"template":"","meta":{"site-container-style":"default","site-container-layout":"default","site-sidebar-layout":"default","site-transparent-header":"default","disable-article-header":"default","disable-site-header":"default","disable-site-footer":"default","disable-content-area-spacing":"default"},"product_cat":[31],"product_tag":[43],"class_list":{"0":"post-484","1":"product","2":"type-product","3":"status-publish","4":"has-post-thumbnail","6":"product_cat-cleanser","7":"product_tag-dostupno","9":"first","10":"instock","11":"taxable","12":"shipping-taxable","13":"purchasable","14":"product-type-simple"},"_links":{"self":[{"href":"https:\/\/primakorea.com\/en\/wp-json\/wp\/v2\/product\/484","targetHints":{"allow":["GET"]}}],"collection":[{"href":"https:\/\/primakorea.com\/en\/wp-json\/wp\/v2\/product"}],"about":[{"href":"https:\/\/primakorea.com\/en\/wp-json\/wp\/v2\/types\/product"}],"wp:featuredmedia":[{"embeddable":true,"href":"https:\/\/primakorea.com\/en\/wp-json\/wp\/v2\/media\/485"}],"wp:attachment":[{"href":"https:\/\/primakorea.com\/en\/wp-json\/wp\/v2\/media?parent=484"}],"wp:term":[{"taxonomy":"product_cat","embeddable":true,"href":"https:\/\/primakorea.com\/en\/wp-json\/wp\/v2\/product_cat?post=484"},{"taxonomy":"product_tag","embeddable":true,"href":"https:\/\/primakorea.com\/en\/wp-json\/wp\/v2\/product_tag?post=484"}],"curies":[{"name":"wp","href":"https:\/\/api.w.org\/{rel}","templated":true}]}}