{"id":491,"date":"2025-11-09T21:37:27","date_gmt":"2025-11-09T18:37:27","guid":{"rendered":"https:\/\/primakorea.com\/?post_type=product&#038;p=491"},"modified":"2025-12-29T00:54:39","modified_gmt":"2025-12-28T21:54:39","slug":"medipeel-melanonx-krema-za-podrucje-oko-ociju-20ml","status":"publish","type":"product","link":"https:\/\/primakorea.com\/en\/product\/medipeel-melanonx-krema-za-podrucje-oko-ociju-20ml\/","title":{"rendered":"MEDIPEEL+ MelanonX Krema za podru\u010dje oko o\u010diju (20ml)"},"content":{"rendered":"<div dir=\"auto\">MEDIPEEL+ MelanonX Krema za podru\u010dje oko o\u010diju (20ml)<\/div>\n<div dir=\"auto\">Posvjetljava ton i pove\u0107ava elasti\u010dnost ko\u017ee.<\/div>\n<div dir=\"auto\">Sadr\u017ei niacinamid, traneksaminsku kiselinu i askorbinsku kiselinu (vitamin C) \u2014 sastojke poznate po u\u010dinku u posvjetljivanju ko\u017ee i pobolj\u0161anju njezine \u010dvrsto\u0107e.<\/div>\n","protected":false},"excerpt":{"rendered":"<div class=\"xdj266r x14z9mp xat24cr x1lziwak x1vvkbs x126k92a\">\n<div dir=\"auto\">MEDIPEEL+ MelanonX Krema za podru\u010dje oko o\u010diju (20ml)<\/div>\n<div dir=\"auto\">Sadr\u017ei niacinamid, traneksaminsku kiselinu i askorbinsku kiselinu (vitamin C) \u2014 sastojke poznate po u\u010dinku u posvjetljivanju ko\u017ee i pobolj\u0161anju njezine \u010dvrsto\u0107e.<\/div>\n<\/div>\n<div class=\"x14z9mp xat24cr x1lziwak x1vvkbs xtlvy1s x126k92a\">\n<div dir=\"auto\">Poma\u017ee u smanjenju pojave hiperpigmentacija i tamnih mrlja oko o\u010diju (\ub208\uac00 \uae30\ubbf8)<\/div>\n<\/div>\n<div class=\"x14z9mp xat24cr x1lziwak x1vvkbs xtlvy1s x126k92a\">\n<div dir=\"auto\">Doprinosi pove\u0107anju elasti\u010dnosti i zategnutosti ko\u017ee (\ud0c4\ub825 \uc783\uc740 \ub208\uac00)<\/div>\n<\/div>\n<div class=\"x14z9mp xat24cr x1lziwak x1vvkbs xtlvy1s x126k92a\">\n<div dir=\"auto\">Lagane teksture, brzo se upija, prikladna za svakodnevnu upotrebu<\/div>\n<\/div>\n<div class=\"x14z9mp xat24cr x1lziwak x1vvkbs xtlvy1s x126k92a\">\n<div dir=\"auto\">Na\u010din upotrebe:<\/div>\n<div dir=\"auto\">Nanesite malu koli\u010dinu kreme na podru\u010dje oko o\u010diju i nje\u017eno utapkajte vrhovima prstiju dok se potpuno ne upije. Koristiti ujutro i nave\u010der.<\/div>\n<\/div>\n","protected":false},"featured_media":492,"template":"","meta":{"site-container-style":"default","site-container-layout":"default","site-sidebar-layout":"default","site-transparent-header":"default","disable-article-header":"default","disable-site-header":"default","disable-site-footer":"default","disable-content-area-spacing":"default"},"product_cat":[32],"product_tag":[43],"class_list":{"0":"post-491","1":"product","2":"type-product","3":"status-publish","4":"has-post-thumbnail","6":"product_cat-cream","7":"product_tag-dostupno","9":"first","10":"instock","11":"taxable","12":"shipping-taxable","13":"purchasable","14":"product-type-simple"},"_links":{"self":[{"href":"https:\/\/primakorea.com\/en\/wp-json\/wp\/v2\/product\/491","targetHints":{"allow":["GET"]}}],"collection":[{"href":"https:\/\/primakorea.com\/en\/wp-json\/wp\/v2\/product"}],"about":[{"href":"https:\/\/primakorea.com\/en\/wp-json\/wp\/v2\/types\/product"}],"wp:featuredmedia":[{"embeddable":true,"href":"https:\/\/primakorea.com\/en\/wp-json\/wp\/v2\/media\/492"}],"wp:attachment":[{"href":"https:\/\/primakorea.com\/en\/wp-json\/wp\/v2\/media?parent=491"}],"wp:term":[{"taxonomy":"product_cat","embeddable":true,"href":"https:\/\/primakorea.com\/en\/wp-json\/wp\/v2\/product_cat?post=491"},{"taxonomy":"product_tag","embeddable":true,"href":"https:\/\/primakorea.com\/en\/wp-json\/wp\/v2\/product_tag?post=491"}],"curies":[{"name":"wp","href":"https:\/\/api.w.org\/{rel}","templated":true}]}}