{"id":520,"date":"2025-11-09T21:55:05","date_gmt":"2025-11-09T18:55:05","guid":{"rendered":"https:\/\/primakorea.com\/?post_type=product&#038;p=520"},"modified":"2025-12-15T20:46:29","modified_gmt":"2025-12-15T17:46:29","slug":"set-za-korejski-make-up-aegyosal","status":"publish","type":"product","link":"https:\/\/primakorea.com\/en\/product\/set-za-korejski-make-up-aegyosal\/","title":{"rendered":"Set za korejski make-up aegyosal"},"content":{"rendered":"<div class=\"xdj266r x14z9mp xat24cr x1lziwak x1vvkbs x126k92a\">\n<div dir=\"auto\">Korejski Makeup za nagla\u0161avanje donjeg kapka, 4 olovke u jednom setu:<\/div>\n<div dir=\"auto\">&#8211; svijetla za volumen<\/div>\n<div dir=\"auto\">&#8211; tamnija ru\u017ei\u010dasta za sjen\u010danje<\/div>\n<div dir=\"auto\">&#8211; be\u017e glitter za sjaj<\/div>\n<div dir=\"auto\">&#8211; pink shimmer za zavr\u0161ni touch<\/div>\n<\/div>\n<div class=\"x14z9mp xat24cr x1lziwak x1vvkbs xtlvy1s x126k92a\">\n<div dir=\"auto\">Savr\u0161en za onaj mekani, \u201ek-idol\u201c pogled<\/div>\n<\/div>\n","protected":false},"excerpt":{"rendered":"<div class=\"xdj266r x14z9mp xat24cr x1lziwak x1vvkbs x126k92a\">\n<div dir=\"auto\">Korejski Makeup za nagla\u0161avanje donjeg kapka, 4 olovke u jednom setu:<\/div>\n<div dir=\"auto\">&#8211; svijetla za volumen<\/div>\n<div dir=\"auto\">&#8211; tamnija ru\u017ei\u010dasta za sjen\u010danje<\/div>\n<div dir=\"auto\">&#8211; be\u017e glitter za sjaj<\/div>\n<div dir=\"auto\">&#8211; pink shimmer za zavr\u0161ni touch<\/div>\n<\/div>\n<div class=\"x14z9mp xat24cr x1lziwak x1vvkbs xtlvy1s x126k92a\">\n<div dir=\"auto\">Savr\u0161en za onaj mekani, \u201ek-idol\u201c pogled<\/div>\n<\/div>\n","protected":false},"featured_media":521,"template":"","meta":{"site-container-style":"default","site-container-layout":"default","site-sidebar-layout":"default","site-transparent-header":"default","disable-article-header":"default","disable-site-header":"default","disable-site-footer":"default","disable-content-area-spacing":"default"},"product_cat":[33],"product_tag":[43],"class_list":{"0":"post-520","1":"product","2":"type-product","3":"status-publish","4":"has-post-thumbnail","6":"product_cat-eyeliner","7":"product_tag-dostupno","9":"first","10":"instock","11":"taxable","12":"shipping-taxable","13":"purchasable","14":"product-type-simple"},"_links":{"self":[{"href":"https:\/\/primakorea.com\/en\/wp-json\/wp\/v2\/product\/520","targetHints":{"allow":["GET"]}}],"collection":[{"href":"https:\/\/primakorea.com\/en\/wp-json\/wp\/v2\/product"}],"about":[{"href":"https:\/\/primakorea.com\/en\/wp-json\/wp\/v2\/types\/product"}],"wp:featuredmedia":[{"embeddable":true,"href":"https:\/\/primakorea.com\/en\/wp-json\/wp\/v2\/media\/521"}],"wp:attachment":[{"href":"https:\/\/primakorea.com\/en\/wp-json\/wp\/v2\/media?parent=520"}],"wp:term":[{"taxonomy":"product_cat","embeddable":true,"href":"https:\/\/primakorea.com\/en\/wp-json\/wp\/v2\/product_cat?post=520"},{"taxonomy":"product_tag","embeddable":true,"href":"https:\/\/primakorea.com\/en\/wp-json\/wp\/v2\/product_tag?post=520"}],"curies":[{"name":"wp","href":"https:\/\/api.w.org\/{rel}","templated":true}]}}