{"id":648,"date":"2025-11-18T23:49:11","date_gmt":"2025-11-18T20:49:11","guid":{"rendered":"https:\/\/primakorea.com\/hr\/?post_type=product&#038;p=648"},"modified":"2026-04-14T10:56:03","modified_gmt":"2026-04-14T07:56:03","slug":"danahan-bonyeongo-red-ginseng-vinegar-mask-pack-30-ml","status":"publish","type":"product","link":"https:\/\/primakorea.com\/en\/product\/danahan-bonyeongo-red-ginseng-vinegar-mask-pack-30-ml\/","title":{"rendered":"Danahan Bonyeongo Red Ginseng Vinegar Mask Pack (30 ml)"},"content":{"rendered":"<p>Korejska maska-pakiranja s esencijom crvenog ginsenga i probioti\u010dkim sastojcima. Formula je bogata hranjivim tvarima i vlagom \u2014 poma\u017ee u revitalizaciji i ja\u010danju ko\u017ee.<\/p>\n<p>&nbsp;<\/p>\n<p>Sadr\u017ei esenciju s ekstraktom crvenog ginsenga koji pru\u017ea nutritivni poticaj.<\/p>\n<p>&nbsp;<\/p>\n<p>Probioti\u010dki sastojci iz fermentacije ginsenga ja\u010daju barijeru ko\u017ee i doprinose dugotrajnoj hidrataciji.<\/p>\n<p>&nbsp;<\/p>\n<p>Niskoirritiraju\u0107a formula (\u201elow-irritation test completed\u201c).<\/p>\n<p>&nbsp;<\/p>\n<p>Dolazi u 30 ml pakiranju, idealna za jednokratnu upotrebu ili vi\u0161e manjih tretmana.<\/p>\n<p>&nbsp;<\/p>\n<p>Kako koristiti:<\/p>\n<p>&nbsp;<\/p>\n<p>Nanesite masku na o\u010di\u0161\u0107eno lice.<\/p>\n<p>&nbsp;<\/p>\n<p>Ostavite 15\u201320 minuta da esencija prodre.<\/p>\n<p>&nbsp;<\/p>\n<p>Uklonite masku i utapkajte vi\u0161ak esencije na ko\u017eu dok se potpuno ne upije.<\/p>\n<p>&nbsp;<\/p>\n<p>Za koga je pogodna:<\/p>\n<p>&nbsp;<\/p>\n<p>Za ko\u017eu kojoj je potrebna dodatna njega, ja\u010danje i revitalizacija<\/p>\n<p>&nbsp;<\/p>\n<p>Zreloj ko\u017ei koja tra\u017ei anti-age u\u010dinak<\/p>\n<p>&nbsp;<\/p>\n<p>Ko\u017ei koja \u017eeli dubinsku hidrataciju i obnovu barijere<\/p>\n","protected":false},"excerpt":{"rendered":"<p data-start=\"63\" data-end=\"270\">Korejska maska-pakiranja s esencijom crvenog ginsenga i probioti\u010dkim sastojcima. Formula je bogata hranjivim tvarima i vlagom \u2014 poma\u017ee u revitalizaciji i ja\u010danju ko\u017ee.<\/p>\n","protected":false},"featured_media":649,"template":"","meta":{"site-container-style":"default","site-container-layout":"default","site-sidebar-layout":"default","site-transparent-header":"default","disable-article-header":"default","disable-site-header":"default","disable-site-footer":"default","disable-content-area-spacing":"default"},"product_cat":[18],"product_tag":[43],"class_list":{"0":"post-648","1":"product","2":"type-product","3":"status-publish","4":"has-post-thumbnail","6":"product_cat-mask","7":"product_tag-dostupno","9":"first","10":"onbackorder","11":"taxable","12":"shipping-taxable","13":"purchasable","14":"product-type-simple"},"_links":{"self":[{"href":"https:\/\/primakorea.com\/en\/wp-json\/wp\/v2\/product\/648","targetHints":{"allow":["GET"]}}],"collection":[{"href":"https:\/\/primakorea.com\/en\/wp-json\/wp\/v2\/product"}],"about":[{"href":"https:\/\/primakorea.com\/en\/wp-json\/wp\/v2\/types\/product"}],"wp:featuredmedia":[{"embeddable":true,"href":"https:\/\/primakorea.com\/en\/wp-json\/wp\/v2\/media\/649"}],"wp:attachment":[{"href":"https:\/\/primakorea.com\/en\/wp-json\/wp\/v2\/media?parent=648"}],"wp:term":[{"taxonomy":"product_cat","embeddable":true,"href":"https:\/\/primakorea.com\/en\/wp-json\/wp\/v2\/product_cat?post=648"},{"taxonomy":"product_tag","embeddable":true,"href":"https:\/\/primakorea.com\/en\/wp-json\/wp\/v2\/product_tag?post=648"}],"curies":[{"name":"wp","href":"https:\/\/api.w.org\/{rel}","templated":true}]}}