{"id":663,"date":"2025-11-19T00:34:24","date_gmt":"2025-11-18T21:34:24","guid":{"rendered":"https:\/\/primakorea.com\/hr\/?post_type=product&#038;p=663"},"modified":"2026-04-14T10:53:13","modified_gmt":"2026-04-14T07:53:13","slug":"beauty-of-joseon-relief-sun-rice-probiotics-spf50-pa","status":"publish","type":"product","link":"https:\/\/primakorea.com\/en\/product\/beauty-of-joseon-relief-sun-rice-probiotics-spf50-pa\/","title":{"rendered":"Beauty of Joseon \u2013 Relief Sun SPF50"},"content":{"rendered":"<p>Beauty of Joseon \u2013 Relief Sun: Rice + Probiotics SPF50+ PA++++<\/p>\n<p>&nbsp;<\/p>\n<p>Lagani korejski mineralno-kemijski SPF koji se upija kao hidratantna krema, bez bijelog traga i bez masnog sjaja. Formula s ekstraktom ri\u017ee i probioticima smiruje ko\u017eu, ja\u010da barijeru i odr\u017eava vlagu tijekom dana.<\/p>\n<p>&nbsp;<\/p>\n<p>\u0160to radi:<\/p>\n<p>&nbsp;<\/p>\n<p>\u0161titi od UVA\/UVB zraka (SPF50+ PA++++)<\/p>\n<p>&nbsp;<\/p>\n<p>smanjuje iritacije i umiruje ko\u017eu<\/p>\n<p>&nbsp;<\/p>\n<p>odr\u017eava hidrataciju zahvaljuju\u0107i ri\u017einom ekstraktu<\/p>\n<p>&nbsp;<\/p>\n<p>probiotici ja\u010daju barijeru i pobolj\u0161avaju teksturu ko\u017ee<\/p>\n<p>&nbsp;<\/p>\n<p>ne za\u010depljuje pore, ne ostavlja bijeli sloj<\/p>\n<p>&nbsp;<\/p>\n<p>Tekstura:<\/p>\n<p>Lagano kremasta, brzo se upija, idealna ispod \u0161minke i za svaki tip ko\u017ee.<\/p>\n<p>&nbsp;<\/p>\n<p>Kako koristiti:<\/p>\n<p>Nanijeti na kraj jutarnje rutine, ravnomjerno na lice i vrat. Po potrebi ponavljati tijekom dana.<\/p>\n","protected":false},"excerpt":{"rendered":"<p>Beauty of Joseon \u2013 Relief Sun: Rice + Probiotics SPF50+ PA++++ &nbsp; Lagani korejski mineralno-kemijski SPF koji se upija kao hidratantna krema, bez bijelog traga i bez masnog sjaja. Formula s ekstraktom ri\u017ee i probioticima smiruje ko\u017eu, ja\u010da barijeru i odr\u017eava vlagu tijekom dana. &nbsp; \u0160to radi: &nbsp; \u0161titi od UVA\/UVB zraka (SPF50+ PA++++) &nbsp; [&hellip;]<\/p>\n","protected":false},"featured_media":664,"template":"","meta":{"site-container-style":"default","site-container-layout":"default","site-sidebar-layout":"default","site-transparent-header":"default","disable-article-header":"default","disable-site-header":"default","disable-site-footer":"default","disable-content-area-spacing":"default"},"product_cat":[39,32],"product_tag":[43],"class_list":{"0":"post-663","1":"product","2":"type-product","3":"status-publish","4":"has-post-thumbnail","6":"product_cat-spf","7":"product_cat-cream","8":"product_tag-dostupno","10":"first","11":"onbackorder","12":"taxable","13":"shipping-taxable","14":"purchasable","15":"product-type-simple"},"_links":{"self":[{"href":"https:\/\/primakorea.com\/en\/wp-json\/wp\/v2\/product\/663","targetHints":{"allow":["GET"]}}],"collection":[{"href":"https:\/\/primakorea.com\/en\/wp-json\/wp\/v2\/product"}],"about":[{"href":"https:\/\/primakorea.com\/en\/wp-json\/wp\/v2\/types\/product"}],"wp:featuredmedia":[{"embeddable":true,"href":"https:\/\/primakorea.com\/en\/wp-json\/wp\/v2\/media\/664"}],"wp:attachment":[{"href":"https:\/\/primakorea.com\/en\/wp-json\/wp\/v2\/media?parent=663"}],"wp:term":[{"taxonomy":"product_cat","embeddable":true,"href":"https:\/\/primakorea.com\/en\/wp-json\/wp\/v2\/product_cat?post=663"},{"taxonomy":"product_tag","embeddable":true,"href":"https:\/\/primakorea.com\/en\/wp-json\/wp\/v2\/product_tag?post=663"}],"curies":[{"name":"wp","href":"https:\/\/api.w.org\/{rel}","templated":true}]}}