{"id":665,"date":"2025-11-19T00:38:03","date_gmt":"2025-11-18T21:38:03","guid":{"rendered":"https:\/\/primakorea.com\/hr\/?post_type=product&#038;p=665"},"modified":"2026-02-16T13:18:30","modified_gmt":"2026-02-16T10:18:30","slug":"beauty-of-joseon-calming-serum-green-tea-panthenol","status":"publish","type":"product","link":"https:\/\/primakorea.com\/en\/product\/beauty-of-joseon-calming-serum-green-tea-panthenol\/","title":{"rendered":"Beauty of Joseon \u2013 Calming Serum: Green Tea + Panthenol"},"content":{"rendered":"<p>Beauty of Joseon \u2013 Calming Serum: Green Tea + Panthenol<\/p>\n<p>&nbsp;<\/p>\n<p>Serum za umirivanje ko\u017ee s ekstraktom zelenog \u010daja i pantenolom, idealan za osjetljivu, crvenu ili lako nadra\u017eenu ko\u017eu. Formula je lagana, hidratantna i brzo se upija bez ljepljivosti.<\/p>\n<p>&nbsp;<\/p>\n<p>\u0160to radi:<\/p>\n<p>&nbsp;<\/p>\n<p>smiruje crvenilo i iritacije<\/p>\n<p>&nbsp;<\/p>\n<p>ja\u010da ko\u017enu barijeru zahvaljuju\u0107i pantenolu<\/p>\n<p>&nbsp;<\/p>\n<p>pru\u017ea antioksidativnu za\u0161titu (zeleni \u010daj)<\/p>\n<p>&nbsp;<\/p>\n<p>regulira lagano masno\u0107u i uravnote\u017euje ko\u017eu<\/p>\n<p>&nbsp;<\/p>\n<p>daje svje\u017e, ujedna\u010den izgled<\/p>\n<p>&nbsp;<\/p>\n<p>Tekstura:<\/p>\n<p>Vodeno-gelasta, vrlo lagana, idealna za svakodnevnu upotrebu i sve tipove ko\u017ee.<\/p>\n<p>&nbsp;<\/p>\n<p>Kako koristiti:<\/p>\n<p>Nakon tonika nanijeti nekoliko kapi na lice i utapkati. Nastaviti s kremom. Mo\u017ee se koristiti ujutro i nave\u010der.<\/p>\n","protected":false},"excerpt":{"rendered":"<p>Beauty of Joseon \u2013 Calming Serum: Green Tea + Panthenol &nbsp; Serum za umirivanje ko\u017ee s ekstraktom zelenog \u010daja i pantenolom, idealan za osjetljivu, crvenu ili lako nadra\u017eenu ko\u017eu. Formula je lagana, hidratantna i brzo se upija bez ljepljivosti. &nbsp; \u0160to radi: &nbsp; smiruje crvenilo i iritacije &nbsp; ja\u010da ko\u017enu barijeru zahvaljuju\u0107i pantenolu &nbsp; pru\u017ea [&hellip;]<\/p>\n","protected":false},"featured_media":666,"template":"","meta":{"site-container-style":"default","site-container-layout":"default","site-sidebar-layout":"default","site-transparent-header":"default","disable-article-header":"default","disable-site-header":"default","disable-site-footer":"default","disable-content-area-spacing":"default"},"product_cat":[40],"product_tag":[43],"class_list":{"0":"post-665","1":"product","2":"type-product","3":"status-publish","4":"has-post-thumbnail","6":"product_cat-serum","7":"product_tag-dostupno","9":"first","10":"instock","11":"taxable","12":"shipping-taxable","13":"purchasable","14":"product-type-simple"},"_links":{"self":[{"href":"https:\/\/primakorea.com\/en\/wp-json\/wp\/v2\/product\/665","targetHints":{"allow":["GET"]}}],"collection":[{"href":"https:\/\/primakorea.com\/en\/wp-json\/wp\/v2\/product"}],"about":[{"href":"https:\/\/primakorea.com\/en\/wp-json\/wp\/v2\/types\/product"}],"wp:featuredmedia":[{"embeddable":true,"href":"https:\/\/primakorea.com\/en\/wp-json\/wp\/v2\/media\/666"}],"wp:attachment":[{"href":"https:\/\/primakorea.com\/en\/wp-json\/wp\/v2\/media?parent=665"}],"wp:term":[{"taxonomy":"product_cat","embeddable":true,"href":"https:\/\/primakorea.com\/en\/wp-json\/wp\/v2\/product_cat?post=665"},{"taxonomy":"product_tag","embeddable":true,"href":"https:\/\/primakorea.com\/en\/wp-json\/wp\/v2\/product_tag?post=665"}],"curies":[{"name":"wp","href":"https:\/\/api.w.org\/{rel}","templated":true}]}}