{"id":830,"date":"2025-12-15T00:18:10","date_gmt":"2025-12-14T21:18:10","guid":{"rendered":"https:\/\/primakorea.com\/?post_type=product&#038;p=830"},"modified":"2025-12-15T20:11:08","modified_gmt":"2025-12-15T17:11:08","slug":"vt-pdrn-glow-cream","status":"publish","type":"product","link":"https:\/\/primakorea.com\/en\/product\/vt-pdrn-glow-cream\/","title":{"rendered":"VT PDRN Glow Cream"},"content":{"rendered":"<h3 data-start=\"0\" data-end=\"43\"><strong data-start=\"4\" data-end=\"41\">VT PDRN Glow Cream (\uad11\ucc44\ud06c\ub9bc) \u2013 50 ml<\/strong><\/h3>\n<p data-start=\"44\" data-end=\"95\"><em data-start=\"44\" data-end=\"95\">Krema za obnovu, hidrataciju i prirodan sjaj ko\u017ee<\/em><\/p>\n<p data-start=\"97\" data-end=\"230\">Korejska krema s <strong data-start=\"114\" data-end=\"135\">PDRN tehnologijom<\/strong> namijenjena obnovi ko\u017ee, pobolj\u0161anju elasti\u010dnosti i zdravom \u201cglow\u201d efektu bez masnog osje\u0107aja.<\/p>\n<p data-start=\"232\" data-end=\"247\"><strong data-start=\"232\" data-end=\"245\">\u0160to radi:<\/strong><\/p>\n<ul data-start=\"248\" data-end=\"462\">\n<li data-start=\"248\" data-end=\"295\">\n<p data-start=\"250\" data-end=\"295\">poma\u017ee obnovi ko\u017ee i ja\u010danju ko\u017ene barijere<\/p>\n<\/li>\n<li data-start=\"296\" data-end=\"348\">\n<p data-start=\"298\" data-end=\"348\">pobolj\u0161ava elasti\u010dnost i zagla\u0111uje teksturu ko\u017ee<\/p>\n<\/li>\n<li data-start=\"349\" data-end=\"406\">\n<p data-start=\"351\" data-end=\"406\">daje prirodan, zdrav sjaj bez glittera i masnog filma<\/p>\n<\/li>\n<li data-start=\"407\" data-end=\"462\">\n<p data-start=\"409\" data-end=\"462\">intenzivno hidratizira i smanjuje osje\u0107aj zatezanja<\/p>\n<\/li>\n<\/ul>\n","protected":false},"excerpt":{"rendered":"<p data-start=\"464\" data-end=\"487\"><strong data-start=\"464\" data-end=\"485\">Klju\u010dne zna\u010dajke:<\/strong><\/p>\n<ul data-start=\"488\" data-end=\"684\">\n<li data-start=\"488\" data-end=\"577\">\n<p data-start=\"490\" data-end=\"577\"><strong data-start=\"490\" data-end=\"498\">PDRN<\/strong> \u2013 sastojak koji se koristi u korejskoj njezi za regeneraciju i oporavak ko\u017ee<\/p>\n<\/li>\n<li data-start=\"578\" data-end=\"611\">\n<p data-start=\"580\" data-end=\"611\">lagana, ali hranjiva tekstura<\/p>\n<\/li>\n<li data-start=\"612\" data-end=\"649\">\n<p data-start=\"614\" data-end=\"649\">brzo se upija, ne za\u010depljuje pore<\/p>\n<\/li>\n<li data-start=\"650\" data-end=\"684\">\n<p data-start=\"652\" data-end=\"684\">mo\u017ee se koristiti danju i no\u0107u<\/p>\n<\/li>\n<\/ul>\n<p data-start=\"686\" data-end=\"703\"><strong data-start=\"686\" data-end=\"701\">Za koga je:<\/strong><\/p>\n<ul data-start=\"704\" data-end=\"882\">\n<li data-start=\"704\" data-end=\"740\">\n<p data-start=\"706\" data-end=\"740\">umorna, be\u017eivotna ko\u017ea bez sjaja<\/p>\n<\/li>\n<li data-start=\"741\" data-end=\"778\">\n<p data-start=\"743\" data-end=\"778\">ko\u017ea koja je izgubila elasti\u010dnost<\/p>\n<\/li>\n<li data-start=\"779\" data-end=\"814\">\n<p data-start=\"781\" data-end=\"814\">normalna, suha i mje\u0161ovita ko\u017ea<\/p>\n<\/li>\n<li data-start=\"815\" data-end=\"882\">\n<p data-start=\"817\" data-end=\"882\">odli\u010dna i kao zavr\u0161na krema prije makeupa za \u201cglass skin\u201d efekt<\/p>\n<\/li>\n<\/ul>\n<p data-start=\"884\" data-end=\"1019\"><strong data-start=\"884\" data-end=\"903\">Kako koristiti:<\/strong><br data-start=\"903\" data-end=\"906\" \/>Nanesite kao zavr\u0161ni korak njege na lice i vrat. Ujutro se mo\u017ee koristiti prije SPF-a, nave\u010der kao zavr\u0161na krema.<\/p>\n","protected":false},"featured_media":831,"template":"","meta":{"site-container-style":"default","site-container-layout":"default","site-sidebar-layout":"default","site-transparent-header":"default","disable-article-header":"default","disable-site-header":"default","disable-site-footer":"default","disable-content-area-spacing":"default"},"product_cat":[32],"product_tag":[42],"class_list":{"0":"post-830","1":"product","2":"type-product","3":"status-publish","4":"has-post-thumbnail","6":"product_cat-cream","7":"product_tag-backorder","9":"first","10":"onbackorder","11":"taxable","12":"shipping-taxable","13":"purchasable","14":"product-type-simple"},"_links":{"self":[{"href":"https:\/\/primakorea.com\/en\/wp-json\/wp\/v2\/product\/830","targetHints":{"allow":["GET"]}}],"collection":[{"href":"https:\/\/primakorea.com\/en\/wp-json\/wp\/v2\/product"}],"about":[{"href":"https:\/\/primakorea.com\/en\/wp-json\/wp\/v2\/types\/product"}],"wp:featuredmedia":[{"embeddable":true,"href":"https:\/\/primakorea.com\/en\/wp-json\/wp\/v2\/media\/831"}],"wp:attachment":[{"href":"https:\/\/primakorea.com\/en\/wp-json\/wp\/v2\/media?parent=830"}],"wp:term":[{"taxonomy":"product_cat","embeddable":true,"href":"https:\/\/primakorea.com\/en\/wp-json\/wp\/v2\/product_cat?post=830"},{"taxonomy":"product_tag","embeddable":true,"href":"https:\/\/primakorea.com\/en\/wp-json\/wp\/v2\/product_tag?post=830"}],"curies":[{"name":"wp","href":"https:\/\/api.w.org\/{rel}","templated":true}]}}