{"id":837,"date":"2025-12-15T20:57:48","date_gmt":"2025-12-15T17:57:48","guid":{"rendered":"https:\/\/primakorea.com\/?post_type=product&#038;p=837"},"modified":"2025-12-15T21:07:48","modified_gmt":"2025-12-15T18:07:48","slug":"chebigonkan-njezni-cistac-s-ekstraktom-houttuynia-cordata","status":"publish","type":"product","link":"https:\/\/primakorea.com\/en\/product\/chebigonkan-njezni-cistac-s-ekstraktom-houttuynia-cordata\/","title":{"rendered":"Chebigonkan &#8211; nje\u017eni \u010dista\u010d s ekstraktom Houttuynia Cordata"},"content":{"rendered":"<div class=\"xdj266r x14z9mp xat24cr x1lziwak x1vvkbs x126k92a\">\n<div dir=\"auto\">\n<p data-start=\"79\" data-end=\"378\">Ovaj blagi \u010dista\u010d s ekstraktom <strong data-start=\"110\" data-end=\"132\">Houttuynia Cordata<\/strong> nje\u017eno uklanja ne\u010disto\u0107e i vi\u0161ak sebuma, istovremeno umiruju\u0107i ko\u017eu sklonu iritacijama i nepravilnostima. Poznata po svom protuupalnom djelovanju, heartleaf biljka poma\u017ee odr\u017eati ko\u017eu \u010distom i uravnote\u017eenom bez osje\u0107aja isu\u0161ivanja ili zatezanja.<\/p>\n<ul data-start=\"380\" data-end=\"638\">\n<li data-start=\"380\" data-end=\"423\">\n<p data-start=\"382\" data-end=\"423\">Umiruje osjetljivu i problemati\u010dnu ko\u017eu<\/p>\n<\/li>\n<li data-start=\"424\" data-end=\"473\">\n<p data-start=\"426\" data-end=\"473\">Poma\u017ee kod upala, pri\u0161ti\u0107a i za\u010depljenih pora<\/p>\n<\/li>\n<li data-start=\"474\" data-end=\"527\">\n<p data-start=\"476\" data-end=\"527\">Regulira vi\u0161ak sebuma i \u010disti pore bez isu\u0161ivanja<\/p>\n<\/li>\n<li data-start=\"528\" data-end=\"638\">\n<p data-start=\"530\" data-end=\"638\">Mo\u017ee se koristiti kao <strong data-start=\"552\" data-end=\"569\">mask cleanser<\/strong> \u2013 ostaviti kratko na licu prije ispiranja za intenzivnije \u010di\u0161\u0107enje<\/p>\n<\/li>\n<\/ul>\n<p data-start=\"640\" data-end=\"766\" data-is-last-node=\"\" data-is-only-node=\"\"><strong data-start=\"640\" data-end=\"652\">Namjena:<\/strong> za sve tipove ko\u017ee, posebno masnu, mje\u0161ovitu i ko\u017eu sklonu aknama<br data-start=\"718\" data-end=\"721\" \/><strong data-start=\"721\" data-end=\"734\">Koli\u010dina:<\/strong> 45 g<br data-start=\"739\" data-end=\"742\" data-is-only-node=\"\" \/><strong data-start=\"742\" data-end=\"766\" data-is-last-node=\"\">Proizvedeno u Koreji<\/strong><\/p>\n<\/div>\n<\/div>\n","protected":false},"excerpt":{"rendered":"<div class=\"xdj266r x14z9mp xat24cr x1lziwak x1vvkbs x126k92a\">\n<div dir=\"auto\">\n<p data-start=\"79\" data-end=\"378\">Ovaj blagi \u010dista\u010d s ekstraktom <strong data-start=\"110\" data-end=\"132\">Houttuynia Cordata<\/strong> nje\u017eno uklanja ne\u010disto\u0107e i vi\u0161ak sebuma, istovremeno umiruju\u0107i ko\u017eu sklonu iritacijama i nepravilnostima. Poznata po svom protuupalnom djelovanju, heartleaf biljka poma\u017ee odr\u017eati ko\u017eu \u010distom i uravnote\u017eenom bez osje\u0107aja isu\u0161ivanja ili zatezanja.<\/p>\n<ul data-start=\"380\" data-end=\"638\">\n<li data-start=\"380\" data-end=\"423\">\n<p data-start=\"382\" data-end=\"423\">Umiruje osjetljivu i problemati\u010dnu ko\u017eu<\/p>\n<\/li>\n<li data-start=\"424\" data-end=\"473\">\n<p data-start=\"426\" data-end=\"473\">Poma\u017ee kod upala, pri\u0161ti\u0107a i za\u010depljenih pora<\/p>\n<\/li>\n<li data-start=\"474\" data-end=\"527\">\n<p data-start=\"476\" data-end=\"527\">Regulira vi\u0161ak sebuma i \u010disti pore bez isu\u0161ivanja<\/p>\n<\/li>\n<li data-start=\"528\" data-end=\"638\">\n<p data-start=\"530\" data-end=\"638\">Mo\u017ee se koristiti kao <strong data-start=\"552\" data-end=\"569\">mask cleanser<\/strong> \u2013 ostaviti kratko na licu prije ispiranja za intenzivnije \u010di\u0161\u0107enje<\/p>\n<\/li>\n<\/ul>\n<p data-start=\"640\" data-end=\"766\" data-is-last-node=\"\" data-is-only-node=\"\"><strong data-start=\"640\" data-end=\"652\">Namjena:<\/strong> za sve tipove ko\u017ee, posebno masnu, mje\u0161ovitu i ko\u017eu sklonu aknama<br data-start=\"718\" data-end=\"721\" \/><strong data-start=\"721\" data-end=\"734\">Koli\u010dina:<\/strong> 45 g<br data-start=\"739\" data-end=\"742\" data-is-only-node=\"\" \/><strong data-start=\"742\" data-end=\"766\" data-is-last-node=\"\">Proizvedeno u Koreji<\/strong><\/p>\n<\/div>\n<\/div>\n","protected":false},"featured_media":838,"template":"","meta":{"site-container-style":"default","site-container-layout":"default","site-sidebar-layout":"default","site-transparent-header":"default","disable-article-header":"default","disable-site-header":"default","disable-site-footer":"default","disable-content-area-spacing":"default"},"product_cat":[31],"product_tag":[43],"class_list":{"0":"post-837","1":"product","2":"type-product","3":"status-publish","4":"has-post-thumbnail","6":"product_cat-cleanser","7":"product_tag-dostupno","9":"first","10":"instock","11":"taxable","12":"shipping-taxable","13":"purchasable","14":"product-type-simple"},"_links":{"self":[{"href":"https:\/\/primakorea.com\/en\/wp-json\/wp\/v2\/product\/837","targetHints":{"allow":["GET"]}}],"collection":[{"href":"https:\/\/primakorea.com\/en\/wp-json\/wp\/v2\/product"}],"about":[{"href":"https:\/\/primakorea.com\/en\/wp-json\/wp\/v2\/types\/product"}],"wp:featuredmedia":[{"embeddable":true,"href":"https:\/\/primakorea.com\/en\/wp-json\/wp\/v2\/media\/838"}],"wp:attachment":[{"href":"https:\/\/primakorea.com\/en\/wp-json\/wp\/v2\/media?parent=837"}],"wp:term":[{"taxonomy":"product_cat","embeddable":true,"href":"https:\/\/primakorea.com\/en\/wp-json\/wp\/v2\/product_cat?post=837"},{"taxonomy":"product_tag","embeddable":true,"href":"https:\/\/primakorea.com\/en\/wp-json\/wp\/v2\/product_tag?post=837"}],"curies":[{"name":"wp","href":"https:\/\/api.w.org\/{rel}","templated":true}]}}