{"id":843,"date":"2025-12-17T00:45:29","date_gmt":"2025-12-16T21:45:29","guid":{"rendered":"https:\/\/primakorea.com\/?post_type=product&#038;p=843"},"modified":"2026-01-22T22:36:18","modified_gmt":"2026-01-22T19:36:18","slug":"kahi-balm-stick-jeju-oil","status":"publish","type":"product","link":"https:\/\/primakorea.com\/en\/product\/kahi-balm-stick-jeju-oil\/","title":{"rendered":"KAHI Balm Stick (Jeju Oil)"},"content":{"rendered":"<p data-start=\"101\" data-end=\"284\">Korejski <strong data-start=\"110\" data-end=\"128\">balzam u stiku<\/strong> s uljem s otoka Jeju, prakti\u010dan za svakodnevnu njegu i brzo osvje\u017eenje ko\u017ee. Idealno rje\u0161enje za suha podru\u010dja i ko\u017eu kojoj nedostaje elasti\u010dnosti i sjaja.<\/p>\n<ul data-start=\"286\" data-end=\"601\">\n<li data-start=\"286\" data-end=\"350\">\n<p data-start=\"288\" data-end=\"350\">Intenzivno hidratizira i hrani zahvaljuju\u0107i prirodnim uljima<\/p>\n<\/li>\n<li data-start=\"351\" data-end=\"399\">\n<p data-start=\"353\" data-end=\"399\">Poma\u017ee zagladiti fine linije i suha podru\u010dja<\/p>\n<\/li>\n<li data-start=\"400\" data-end=\"459\">\n<p data-start=\"402\" data-end=\"459\">Daje prirodan \u201cglow\u201d bez ljepljivog ili masnog osje\u0107aja<\/p>\n<\/li>\n<li data-start=\"460\" data-end=\"528\">\n<p data-start=\"462\" data-end=\"528\">Prakti\u010dan format \u2013 mo\u017ee se nanositi bilo gdje, bez prljanja ruku<\/p>\n<\/li>\n<li data-start=\"529\" data-end=\"601\">\n<p data-start=\"531\" data-end=\"601\">Pogodan za lice, usne, vrat, podru\u010dje oko o\u010diju i suhe dijelove ko\u017ee<\/p>\n<\/li>\n<\/ul>\n<p data-start=\"603\" data-end=\"713\"><strong data-start=\"603\" data-end=\"616\">Tekstura:<\/strong><br data-start=\"616\" data-end=\"619\" \/>Balzamasta, topi se na dodir s ko\u017eom i brzo se upija, ostavljaju\u0107i ko\u017eu glatkom i nahranjenom.<\/p>\n<p data-start=\"715\" data-end=\"732\"><strong data-start=\"715\" data-end=\"730\">Za koga je:<\/strong><\/p>\n<ul data-start=\"733\" data-end=\"888\">\n<li data-start=\"733\" data-end=\"760\">\n<p data-start=\"735\" data-end=\"760\">suha i dehidrirana ko\u017ea<\/p>\n<\/li>\n<li data-start=\"761\" data-end=\"786\">\n<p data-start=\"763\" data-end=\"786\">ko\u017ea s finim linijama<\/p>\n<\/li>\n<li data-start=\"787\" data-end=\"844\">\n<p data-start=\"789\" data-end=\"844\">ko\u017ea kojoj treba brzi sjaj i hidratacija tijekom dana<\/p>\n<\/li>\n<li data-start=\"845\" data-end=\"888\">\n<p data-start=\"847\" data-end=\"888\">odli\u010dan i preko makeupa za svje\u017e izgled<\/p>\n<\/li>\n<\/ul>\n<p data-start=\"890\" data-end=\"986\"><strong data-start=\"890\" data-end=\"909\">Kako koristiti:<\/strong><br data-start=\"909\" data-end=\"912\" \/>Nanijeti direktno na \u017eeljena podru\u010dja po potrebi, ujutro ili tijekom dana.<\/p>\n<p data-start=\"988\" data-end=\"1012\" data-is-last-node=\"\" data-is-only-node=\"\"><strong data-start=\"988\" data-end=\"1012\" data-is-last-node=\"\">Proizvedeno u Koreji<\/strong><\/p>\n","protected":false},"excerpt":{"rendered":"<p data-start=\"0\" data-end=\"99\"><em data-start=\"33\" data-end=\"99\">Vi\u0161enamjenski hranjivi balzam u stiku za hidrataciju i sjaj ko\u017ee<\/em><\/p>\n<p data-start=\"0\" data-end=\"99\">U\u010dvr\u0161\u0107uje, hrani i zagla\u0111uje bore. Korejski hit koji koristi i Kim Go-eun\u00a0<span class=\"html-span xexx8yu xyri2b x18d9i69 x1c1uobl x1hl2dhg x16tdsg8 x1vvkbs x3nfvp2 x1j61x8r x1fcty0u xdj266r xat24cr xm2jcoa x1mpyi22 xxymvpz xlup9mm x1kky2od\"><img loading=\"lazy\" decoding=\"async\" class=\"xz74otr x15mokao x1ga7v0g x16uus16 xbiv7yw\" src=\"https:\/\/static.xx.fbcdn.net\/images\/emoji.php\/v9\/t2\/1\/16\/1f60d.png\" alt=\"\ud83d\ude0d\" width=\"16\" height=\"16\" \/><\/span><\/p>\n<p data-start=\"101\" data-end=\"284\">Korejski <strong data-start=\"110\" data-end=\"128\">balzam u stiku<\/strong> s uljem s otoka Jeju, prakti\u010dan za svakodnevnu njegu i brzo osvje\u017eenje ko\u017ee. Idealno rje\u0161enje za suha podru\u010dja i ko\u017eu kojoj nedostaje elasti\u010dnosti i sjaja.<\/p>\n<p><a href=\"https:\/\/kahicosmetics.com\/\" rel=\"nofollow\">https:\/\/kahicosmetics.com\/<\/a><\/p>\n<p><img loading=\"lazy\" decoding=\"async\" class=\"alignnone size-medium wp-image-844\" src=\"http:\/\/primakorea.com\/wp-content\/uploads\/2025\/12\/KAHI_Wrinkle_Bounce_Multi_Balm3-300x300.webp\" alt=\"\" width=\"300\" height=\"300\" srcset=\"https:\/\/primakorea.com\/wp-content\/uploads\/2025\/12\/KAHI_Wrinkle_Bounce_Multi_Balm3-300x300.webp 300w, https:\/\/primakorea.com\/wp-content\/uploads\/2025\/12\/KAHI_Wrinkle_Bounce_Multi_Balm3-1024x1024.webp 1024w, https:\/\/primakorea.com\/wp-content\/uploads\/2025\/12\/KAHI_Wrinkle_Bounce_Multi_Balm3-150x150.webp 150w, https:\/\/primakorea.com\/wp-content\/uploads\/2025\/12\/KAHI_Wrinkle_Bounce_Multi_Balm3-768x768.webp 768w, https:\/\/primakorea.com\/wp-content\/uploads\/2025\/12\/KAHI_Wrinkle_Bounce_Multi_Balm3-600x600.webp 600w, https:\/\/primakorea.com\/wp-content\/uploads\/2025\/12\/KAHI_Wrinkle_Bounce_Multi_Balm3-500x500.webp 500w, https:\/\/primakorea.com\/wp-content\/uploads\/2025\/12\/KAHI_Wrinkle_Bounce_Multi_Balm3-100x100.webp 100w, https:\/\/primakorea.com\/wp-content\/uploads\/2025\/12\/KAHI_Wrinkle_Bounce_Multi_Balm3.webp 1500w\" sizes=\"auto, (max-width: 300px) 100vw, 300px\" \/><\/p>\n","protected":false},"featured_media":845,"template":"","meta":{"site-container-style":"default","site-container-layout":"default","site-sidebar-layout":"default","site-transparent-header":"default","disable-article-header":"default","disable-site-header":"default","disable-site-footer":"default","disable-content-area-spacing":"default"},"product_cat":[21],"product_tag":[43],"class_list":{"0":"post-843","1":"product","2":"type-product","3":"status-publish","4":"has-post-thumbnail","6":"product_cat-balm","7":"product_tag-dostupno","8":"pa_brand-kahi-seoul","10":"first","11":"instock","12":"taxable","13":"shipping-taxable","14":"purchasable","15":"product-type-simple"},"_links":{"self":[{"href":"https:\/\/primakorea.com\/en\/wp-json\/wp\/v2\/product\/843","targetHints":{"allow":["GET"]}}],"collection":[{"href":"https:\/\/primakorea.com\/en\/wp-json\/wp\/v2\/product"}],"about":[{"href":"https:\/\/primakorea.com\/en\/wp-json\/wp\/v2\/types\/product"}],"wp:featuredmedia":[{"embeddable":true,"href":"https:\/\/primakorea.com\/en\/wp-json\/wp\/v2\/media\/845"}],"wp:attachment":[{"href":"https:\/\/primakorea.com\/en\/wp-json\/wp\/v2\/media?parent=843"}],"wp:term":[{"taxonomy":"product_cat","embeddable":true,"href":"https:\/\/primakorea.com\/en\/wp-json\/wp\/v2\/product_cat?post=843"},{"taxonomy":"product_tag","embeddable":true,"href":"https:\/\/primakorea.com\/en\/wp-json\/wp\/v2\/product_tag?post=843"}],"curies":[{"name":"wp","href":"https:\/\/api.w.org\/{rel}","templated":true}]}}