{"id":88,"date":"2023-08-24T14:28:19","date_gmt":"2023-08-24T14:28:19","guid":{"rendered":"http:\/\/localhost:8888\/?post_type=product&#038;p=88"},"modified":"2025-12-29T01:15:23","modified_gmt":"2025-12-28T22:15:23","slug":"medipeel-collagen-maskpack","status":"publish","type":"product","link":"https:\/\/primakorea.com\/en\/product\/medipeel-collagen-maskpack\/","title":{"rendered":"MEDIPEEL Collagen Mask Pack"},"content":{"rendered":"<h3 data-start=\"0\" data-end=\"78\"><strong data-start=\"4\" data-end=\"76\">MediPeel Vitamin Collagen Sheet Mask \u2013 Posvijetlite i u\u010dvrstite ko\u017eu<\/strong><\/h3>\n<p data-start=\"80\" data-end=\"344\">Osvje\u017eite svoju ko\u017eu uz <strong data-start=\"104\" data-end=\"144\">MediPeel Vitamin Collagen Sheet Mask<\/strong>, luksuznu masku bogatu kombinacijom <strong data-start=\"181\" data-end=\"204\">vitamina i kolagena<\/strong> koja pobolj\u0161ava sjaj i elasti\u010dnost ko\u017ee. Maska dubinski hrani, hidratizira i posvjetljuje, ostavljaju\u0107i ten glatkim, \u010dvrstim i blistavim.<\/p>\n<p data-start=\"346\" data-end=\"597\">Oboga\u0107ena <strong data-start=\"356\" data-end=\"375\">antioksidansima<\/strong>, formula poma\u017ee u borbi protiv znakova starenja te poti\u010de mladena\u010dki i ujedna\u010den izgled ko\u017ee. Lagana i mekana tkanina savr\u0161eno prianja uz ko\u017eu, omogu\u0107uju\u0107i aktivnim sastojcima duboku penetraciju za maksimalne rezultate.<\/p>\n<p data-start=\"599\" data-end=\"620\"><strong data-start=\"599\" data-end=\"618\">Klju\u010dni u\u010dinci:<\/strong><\/p>\n<ul data-start=\"622\" data-end=\"814\">\n<li data-start=\"622\" data-end=\"677\">\n<p data-start=\"624\" data-end=\"677\">Pove\u0107ava elasti\u010dnost ko\u017ee uz pomo\u0107 morskog kolagena<\/p>\n<\/li>\n<li data-start=\"678\" data-end=\"759\">\n<p data-start=\"680\" data-end=\"759\">Posvjetljuje siv i umoran ten te ujedna\u010duje boju ko\u017ee uz vitaminske komplekse<\/p>\n<\/li>\n<li data-start=\"760\" data-end=\"814\">\n<p data-start=\"762\" data-end=\"814\">Pru\u017ea dubinsku hidrataciju i njegu protiv starenja<\/p>\n<\/li>\n<\/ul>\n<p data-start=\"816\" data-end=\"874\"><strong data-start=\"816\" data-end=\"872\">Za\u0161to odabrati MediPeel Vitamin Collagen Sheet Mask?<\/strong><\/p>\n<ul data-start=\"876\" data-end=\"1066\">\n<li data-start=\"876\" data-end=\"946\">\n<p data-start=\"878\" data-end=\"946\">Profesionalna formula, pouzdana od strane stru\u010dnjaka za njegu ko\u017ee<\/p>\n<\/li>\n<li data-start=\"947\" data-end=\"1002\">\n<p data-start=\"949\" data-end=\"1002\">Dermatolo\u0161ki testirano i pogodno za sve tipove ko\u017ee<\/p>\n<\/li>\n<li data-start=\"1003\" data-end=\"1066\">\n<p data-start=\"1005\" data-end=\"1066\">Bez \u0161tetnih kemikalija, cruelty-free i ekolo\u0161ki osvije\u0161teno<\/p>\n<\/li>\n<\/ul>\n<p data-start=\"1068\" data-end=\"1210\">Prepustite se obnavljaju\u0107oj snazi <strong data-start=\"1102\" data-end=\"1142\">MediPeel Vitamin Collagen Sheet Mask<\/strong> i otkrijte ko\u017eu koja je <strong data-start=\"1167\" data-end=\"1207\">sjajnija, \u010dvr\u0161\u0107a i zdravijeg izgleda<\/strong>.<\/p>\n<p data-start=\"1212\" data-end=\"1275\" data-is-last-node=\"\" data-is-only-node=\"\"><strong data-start=\"1212\" data-end=\"1275\" data-is-last-node=\"\">\u2728 Naru\u010dite sada i u\u017eivajte u profesionalnoj njezi kod ku\u0107e!<\/strong><\/p>\n","protected":false},"excerpt":{"rendered":"<h3 data-start=\"0\" data-end=\"78\"><strong data-start=\"4\" data-end=\"76\">MediPeel Vitamin Collagen Sheet Mask \u2013 Posvijetlite i u\u010dvrstite ko\u017eu<\/strong><\/h3>\n<p data-start=\"80\" data-end=\"344\">Osvje\u017eite svoju ko\u017eu uz <strong data-start=\"104\" data-end=\"144\">MediPeel Vitamin Collagen Sheet Mask<\/strong>, luksuznu masku bogatu kombinacijom <strong data-start=\"181\" data-end=\"204\">vitamina i kolagena<\/strong> koja pobolj\u0161ava sjaj i elasti\u010dnost ko\u017ee. Maska dubinski hrani, hidratizira i posvjetljuje, ostavljaju\u0107i ten glatkim, \u010dvrstim i blistavim.<\/p>\n<p data-start=\"346\" data-end=\"597\">Oboga\u0107ena <strong data-start=\"356\" data-end=\"375\">antioksidansima<\/strong>, formula poma\u017ee u borbi protiv znakova starenja te poti\u010de mladena\u010dki i ujedna\u010den izgled ko\u017ee. Lagana i mekana tkanina savr\u0161eno prianja uz ko\u017eu, omogu\u0107uju\u0107i aktivnim sastojcima duboku penetraciju za maksimalne rezultate.<\/p>\n","protected":false},"featured_media":270,"template":"","meta":{"site-container-style":"default","site-container-layout":"default","site-sidebar-layout":"default","site-transparent-header":"default","disable-article-header":"default","disable-site-header":"default","disable-site-footer":"default","disable-content-area-spacing":"default"},"product_cat":[18],"product_tag":[],"class_list":{"0":"post-88","1":"product","2":"type-product","3":"status-publish","4":"has-post-thumbnail","6":"product_cat-mask","8":"first","9":"instock","10":"taxable","11":"shipping-taxable","12":"purchasable","13":"product-type-simple"},"_links":{"self":[{"href":"https:\/\/primakorea.com\/en\/wp-json\/wp\/v2\/product\/88","targetHints":{"allow":["GET"]}}],"collection":[{"href":"https:\/\/primakorea.com\/en\/wp-json\/wp\/v2\/product"}],"about":[{"href":"https:\/\/primakorea.com\/en\/wp-json\/wp\/v2\/types\/product"}],"wp:featuredmedia":[{"embeddable":true,"href":"https:\/\/primakorea.com\/en\/wp-json\/wp\/v2\/media\/270"}],"wp:attachment":[{"href":"https:\/\/primakorea.com\/en\/wp-json\/wp\/v2\/media?parent=88"}],"wp:term":[{"taxonomy":"product_cat","embeddable":true,"href":"https:\/\/primakorea.com\/en\/wp-json\/wp\/v2\/product_cat?post=88"},{"taxonomy":"product_tag","embeddable":true,"href":"https:\/\/primakorea.com\/en\/wp-json\/wp\/v2\/product_tag?post=88"}],"curies":[{"name":"wp","href":"https:\/\/api.w.org\/{rel}","templated":true}]}}